{"id":1920,"date":"2020-08-17T00:35:46","date_gmt":"2020-08-16T21:35:46","guid":{"rendered":"https:\/\/ekmak.com\/?page_id=1920"},"modified":"2020-09-27T23:57:44","modified_gmt":"2020-09-27T20:57:44","slug":"e-catalog","status":"publish","type":"page","link":"https:\/\/ekmak.com\/ru\/e-catalog\/","title":{"rendered":"E-Catalog"},"content":{"rendered":"<div class=\"wpb-content-wrapper\"><p>[vc_row fullwidth=&#187;true&#187; equal_columns=&#187;true&#187; parallax=&#187;content-moving&#187; parallax_image=&#187;2504&#8243; css=&#187;.vc_custom_1601236720499{padding-top: 300px !important;padding-right: 300px !important;padding-bottom: 300px !important;padding-left: 300px !important;background-image: url(https:\/\/ekmak.com.tr\/wp-content\/uploads\/2020\/09\/ekmak-arkaplan.jpg?id=2504) !important;background-position: center;background-repeat: no-repeat !important;background-size: cover !important;}&#187;][vc_column][vc_row_inner][vc_column_inner width=&#187;1\/2&#8243;][vc_custom_heading text=&#187;EKMAK 2020 \u00dcR\u00dcN<br \/>\nKATALO\u011eU&#187; font_container=&#187;tag:h2|font_size:60px|text_align:left|color:%23000000&#8243; google_fonts=&#187;font_family:Open%20Sans%3A300%2C300italic%2Cregular%2Citalic%2C600%2C600italic%2C700%2C700italic%2C800%2C800italic|font_style:600%20bold%20regular%3A600%3Anormal&#187;][mk_font_icons icon=&#187;mk-icon-file-pdf-o&#187; color=&#187;#dd3333&#8243; size=&#187;x-large&#187;][vc_btn title=&#187;DOWNLOAD&#187; style=&#187;outline-custom&#187; outline_custom_color=&#187;#666666&#8243; outline_custom_hover_background=&#187;#dd3333&#8243; outline_custom_hover_text=&#187;#ffffff&#187; size=&#187;lg&#187; align=&#187;left&#187; i_icon_fontawesome=&#187;fas fa-file-download&#187; add_icon=&#187;true&#187; link=&#187;url:https%3A%2F%2Fekmak.com%2Fwp-content%2Fuploads%2F2020%2F09%2Fekmak-eng-fr.pdf|||rel:nofollow&#187;][\/vc_column_inner][vc_column_inner width=&#187;1\/2&#8243;][\/vc_column_inner][\/vc_row_inner][\/vc_column][\/vc_row]<\/p>\n<\/div>","protected":false},"excerpt":{"rendered":"<p>[vc_row fullwidth=&#187;true&#187; equal_columns=&#187;true&#187; parallax=&#187;content-moving&#187; parallax_image=&#187;2504&#8243; css=&#187;.vc_custom_1601236720499{padding-top: 300px !important;padding-right: 300px !important;padding-bottom: 300px !important;padding-left: 300px !important;background-image: url(https:\/\/ekmak.com.tr\/wp-content\/uploads\/2020\/09\/ekmak-arkaplan.jpg?id=2504) !important;background-position: center;background-repeat: no-repeat !important;background-size: cover !important;}&#187;][vc_column][vc_row_inner][vc_column_inner width=&#187;1\/2&#8243;][vc_custom_heading text=&#187;EKMAK 2020 \u00dcR\u00dcN KATALO\u011eU&#187; font_container=&#187;tag:h2|font_size:60px|text_align:left|color:%23000000&#8243; google_fonts=&#187;font_family:Open%20Sans%3A300%2C300italic%2Cregular%2Citalic%2C600%2C600italic%2C700%2C700italic%2C800%2C800italic|font_style:600%20bold%20regular%3A600%3Anormal&#187;][mk_font_icons icon=&#187;mk-icon-file-pdf-o&#187; color=&#187;#dd3333&#8243; size=&#187;x-large&#187;][vc_btn title=&#187;DOWNLOAD&#187; style=&#187;outline-custom&#187; outline_custom_color=&#187;#666666&#8243; outline_custom_hover_background=&#187;#dd3333&#8243; outline_custom_hover_text=&#187;#ffffff&#187; size=&#187;lg&#187; align=&#187;left&#187; i_icon_fontawesome=&#187;fas fa-file-download&#187; add_icon=&#187;true&#187; link=&#187;url:https%3A%2F%2Fekmak.com%2Fwp-content%2Fuploads%2F2020%2F09%2Fekmak-eng-fr.pdf|||rel:nofollow&#187;][\/vc_column_inner][vc_column_inner width=&#187;1\/2&#8243;][\/vc_column_inner][\/vc_row_inner][\/vc_column][\/vc_row]<\/p>\n","protected":false},"author":1,"featured_media":0,"parent":0,"menu_order":0,"comment_status":"closed","ping_status":"closed","template":"","meta":{"footnotes":""},"class_list":["post-1920","page","type-page","status-publish","hentry"],"acf":[],"yoast_head":"<!-- This site is optimized with the Yoast SEO plugin v27.3 - https:\/\/yoast.com\/product\/yoast-seo-wordpress\/ -->\n<title>E-Catalog<\/title>\n<meta name=\"robots\" content=\"index, follow, max-snippet:-1, max-image-preview:large, max-video-preview:-1\" \/>\n<link rel=\"canonical\" href=\"https:\/\/ekmak.com\/ru\/e-catalog\/\" \/>\n<meta property=\"og:locale\" content=\"ru_RU\" \/>\n<meta property=\"og:locale:alternate\" content=\"en_US\" \/>\n<meta property=\"og:locale:alternate\" content=\"fr_FR\" \/>\n<meta property=\"og:locale:alternate\" content=\"ar\" \/>\n<meta property=\"og:type\" content=\"article\" \/>\n<meta property=\"og:title\" content=\"E-Catalog\" \/>\n<meta property=\"og:description\" content=\"[vc_row fullwidth=&#187;true&#187; equal_columns=&#187;true&#187; parallax=&#187;content-moving&#187; parallax_image=&#187;2504&#8243; css=&#187;.vc_custom_1601236720499{padding-top: 300px !important;padding-right: 300px !important;padding-bottom: 300px !important;padding-left: 300px !important;background-image: url(https:\/\/ekmak.com.tr\/wp-content\/uploads\/2020\/09\/ekmak-arkaplan.jpg?id=2504) !important;background-position: center;background-repeat: no-repeat !important;background-size: cover !important;}&#187;][vc_column][vc_row_inner][vc_column_inner width=&#187;1\/2&#8243;][vc_custom_heading text=&#187;EKMAK 2020 \u00dcR\u00dcN KATALO\u011eU&#187; font_container=&#187;tag:h2|font_size:60px|text_align:left|color:%23000000&#8243; google_fonts=&#187;font_family:Open%20Sans%3A300%2C300italic%2Cregular%2Citalic%2C600%2C600italic%2C700%2C700italic%2C800%2C800italic|font_style:600%20bold%20regular%3A600%3Anormal&#187;][mk_font_icons icon=&#187;mk-icon-file-pdf-o&#187; color=&#187;#dd3333&#8243; size=&#187;x-large&#187;][vc_btn title=&#187;DOWNLOAD&#187; style=&#187;outline-custom&#187; outline_custom_color=&#187;#666666&#8243; outline_custom_hover_background=&#187;#dd3333&#8243; outline_custom_hover_text=&#187;#ffffff&#187; size=&#187;lg&#187; align=&#187;left&#187; i_icon_fontawesome=&#187;fas fa-file-download&#187; add_icon=&#187;true&#187; link=&#187;url:https%3A%2F%2Fekmak.com%2Fwp-content%2Fuploads%2F2020%2F09%2Fekmak-eng-fr.pdf|||rel:nofollow&#187;][\/vc_column_inner][vc_column_inner width=&#187;1\/2&#8243;][\/vc_column_inner][\/vc_row_inner][\/vc_column][\/vc_row]\" \/>\n<meta property=\"og:url\" content=\"https:\/\/ekmak.com\/ru\/e-catalog\/\" \/>\n<meta property=\"og:site_name\" content=\"Ekmak\" \/>\n<meta property=\"article:modified_time\" content=\"2020-09-27T20:57:44+00:00\" \/>\n<meta name=\"twitter:card\" content=\"summary_large_image\" \/>\n<meta name=\"twitter:label1\" content=\"\u041f\u0440\u0438\u043c\u0435\u0440\u043d\u043e\u0435 \u0432\u0440\u0435\u043c\u044f \u0434\u043b\u044f \u0447\u0442\u0435\u043d\u0438\u044f\" \/>\n\t<meta name=\"twitter:data1\" content=\"1 \u043c\u0438\u043d\u0443\u0442\u0430\" \/>\n<script type=\"application\/ld+json\" class=\"yoast-schema-graph\">{\"@context\":\"https:\\\/\\\/schema.org\",\"@graph\":[{\"@type\":\"WebPage\",\"@id\":\"https:\\\/\\\/ekmak.com\\\/fr\\\/e-catalog\\\/\",\"url\":\"https:\\\/\\\/ekmak.com\\\/fr\\\/e-catalog\\\/\",\"name\":\"E-Catalog\",\"isPartOf\":{\"@id\":\"https:\\\/\\\/ekmak.com\\\/#website\"},\"datePublished\":\"2020-08-16T21:35:46+00:00\",\"dateModified\":\"2020-09-27T20:57:44+00:00\",\"breadcrumb\":{\"@id\":\"https:\\\/\\\/ekmak.com\\\/fr\\\/e-catalog\\\/#breadcrumb\"},\"inLanguage\":\"ru-RU\",\"potentialAction\":[{\"@type\":\"ReadAction\",\"target\":[\"https:\\\/\\\/ekmak.com\\\/fr\\\/e-catalog\\\/\"]}]},{\"@type\":\"BreadcrumbList\",\"@id\":\"https:\\\/\\\/ekmak.com\\\/fr\\\/e-catalog\\\/#breadcrumb\",\"itemListElement\":[{\"@type\":\"ListItem\",\"position\":1,\"name\":\"Home\",\"item\":\"https:\\\/\\\/ekmak.com\\\/\"},{\"@type\":\"ListItem\",\"position\":2,\"name\":\"E-Catalog\"}]},{\"@type\":\"WebSite\",\"@id\":\"https:\\\/\\\/ekmak.com\\\/#website\",\"url\":\"https:\\\/\\\/ekmak.com\\\/\",\"name\":\"Ekmak\",\"description\":\"Bakery Ovens and Bread Machines\",\"publisher\":{\"@id\":\"https:\\\/\\\/ekmak.com\\\/#organization\"},\"potentialAction\":[{\"@type\":\"SearchAction\",\"target\":{\"@type\":\"EntryPoint\",\"urlTemplate\":\"https:\\\/\\\/ekmak.com\\\/?s={search_term_string}\"},\"query-input\":{\"@type\":\"PropertyValueSpecification\",\"valueRequired\":true,\"valueName\":\"search_term_string\"}}],\"inLanguage\":\"ru-RU\"},{\"@type\":\"Organization\",\"@id\":\"https:\\\/\\\/ekmak.com\\\/#organization\",\"name\":\"Ekmak\",\"url\":\"https:\\\/\\\/ekmak.com\\\/\",\"logo\":{\"@type\":\"ImageObject\",\"inLanguage\":\"ru-RU\",\"@id\":\"https:\\\/\\\/ekmak.com\\\/#\\\/schema\\\/logo\\\/image\\\/\",\"url\":\"https:\\\/\\\/ekmak.com\\\/wp-content\\\/uploads\\\/2021\\\/05\\\/logoekmaksa.png\",\"contentUrl\":\"https:\\\/\\\/ekmak.com\\\/wp-content\\\/uploads\\\/2021\\\/05\\\/logoekmaksa.png\",\"width\":301,\"height\":95,\"caption\":\"Ekmak\"},\"image\":{\"@id\":\"https:\\\/\\\/ekmak.com\\\/#\\\/schema\\\/logo\\\/image\\\/\"}}]}<\/script>\n<!-- \/ Yoast SEO plugin. -->","yoast_head_json":{"title":"E-Catalog","robots":{"index":"index","follow":"follow","max-snippet":"max-snippet:-1","max-image-preview":"max-image-preview:large","max-video-preview":"max-video-preview:-1"},"canonical":"https:\/\/ekmak.com\/ru\/e-catalog\/","og_locale":"ru_RU","og_type":"article","og_title":"[:en]E-Catalog[:] - Ekmak","og_description":"[vc_row fullwidth=&#187;true&#187; equal_columns=&#187;true&#187; parallax=&#187;content-moving&#187; parallax_image=&#187;2504&#8243; css=&#187;.vc_custom_1601236720499{padding-top: 300px !important;padding-right: 300px !important;padding-bottom: 300px !important;padding-left: 300px !important;background-image: url(https:\/\/ekmak.com.tr\/wp-content\/uploads\/2020\/09\/ekmak-arkaplan.jpg?id=2504) !important;background-position: center;background-repeat: no-repeat !important;background-size: cover !important;}&#187;][vc_column][vc_row_inner][vc_column_inner width=&#187;1\/2&#8243;][vc_custom_heading text=&#187;EKMAK 2020 \u00dcR\u00dcN KATALO\u011eU&#187; font_container=&#187;tag:h2|font_size:60px|text_align:left|color:%23000000&#8243; google_fonts=&#187;font_family:Open%20Sans%3A300%2C300italic%2Cregular%2Citalic%2C600%2C600italic%2C700%2C700italic%2C800%2C800italic|font_style:600%20bold%20regular%3A600%3Anormal&#187;][mk_font_icons icon=&#187;mk-icon-file-pdf-o&#187; color=&#187;#dd3333&#8243; size=&#187;x-large&#187;][vc_btn title=&#187;DOWNLOAD&#187; style=&#187;outline-custom&#187; outline_custom_color=&#187;#666666&#8243; outline_custom_hover_background=&#187;#dd3333&#8243; outline_custom_hover_text=&#187;#ffffff&#187; size=&#187;lg&#187; align=&#187;left&#187; i_icon_fontawesome=&#187;fas fa-file-download&#187; add_icon=&#187;true&#187; link=&#187;url:https%3A%2F%2Fekmak.com%2Fwp-content%2Fuploads%2F2020%2F09%2Fekmak-eng-fr.pdf|||rel:nofollow&#187;][\/vc_column_inner][vc_column_inner width=&#187;1\/2&#8243;][\/vc_column_inner][\/vc_row_inner][\/vc_column][\/vc_row]","og_url":"https:\/\/ekmak.com\/ru\/e-catalog\/","og_site_name":"Ekmak","article_modified_time":"2020-09-27T20:57:44+00:00","twitter_card":"summary_large_image","twitter_misc":{"\u041f\u0440\u0438\u043c\u0435\u0440\u043d\u043e\u0435 \u0432\u0440\u0435\u043c\u044f \u0434\u043b\u044f \u0447\u0442\u0435\u043d\u0438\u044f":"1 \u043c\u0438\u043d\u0443\u0442\u0430"},"schema":{"@context":"https:\/\/schema.org","@graph":[{"@type":"WebPage","@id":"https:\/\/ekmak.com\/fr\/e-catalog\/","url":"https:\/\/ekmak.com\/fr\/e-catalog\/","name":"E-Catalog","isPartOf":{"@id":"https:\/\/ekmak.com\/#website"},"datePublished":"2020-08-16T21:35:46+00:00","dateModified":"2020-09-27T20:57:44+00:00","breadcrumb":{"@id":"https:\/\/ekmak.com\/fr\/e-catalog\/#breadcrumb"},"inLanguage":"ru-RU","potentialAction":[{"@type":"ReadAction","target":["https:\/\/ekmak.com\/fr\/e-catalog\/"]}]},{"@type":"BreadcrumbList","@id":"https:\/\/ekmak.com\/fr\/e-catalog\/#breadcrumb","itemListElement":[{"@type":"ListItem","position":1,"name":"Home","item":"https:\/\/ekmak.com\/"},{"@type":"ListItem","position":2,"name":"E-Catalog"}]},{"@type":"WebSite","@id":"https:\/\/ekmak.com\/#website","url":"https:\/\/ekmak.com\/","name":"Ekmak","description":"Bakery Ovens and Bread Machines","publisher":{"@id":"https:\/\/ekmak.com\/#organization"},"potentialAction":[{"@type":"SearchAction","target":{"@type":"EntryPoint","urlTemplate":"https:\/\/ekmak.com\/?s={search_term_string}"},"query-input":{"@type":"PropertyValueSpecification","valueRequired":true,"valueName":"search_term_string"}}],"inLanguage":"ru-RU"},{"@type":"Organization","@id":"https:\/\/ekmak.com\/#organization","name":"Ekmak","url":"https:\/\/ekmak.com\/","logo":{"@type":"ImageObject","inLanguage":"ru-RU","@id":"https:\/\/ekmak.com\/#\/schema\/logo\/image\/","url":"https:\/\/ekmak.com\/wp-content\/uploads\/2021\/05\/logoekmaksa.png","contentUrl":"https:\/\/ekmak.com\/wp-content\/uploads\/2021\/05\/logoekmaksa.png","width":301,"height":95,"caption":"Ekmak"},"image":{"@id":"https:\/\/ekmak.com\/#\/schema\/logo\/image\/"}}]}},"_links":{"self":[{"href":"https:\/\/ekmak.com\/ru\/wp-json\/wp\/v2\/pages\/1920","targetHints":{"allow":["GET"]}}],"collection":[{"href":"https:\/\/ekmak.com\/ru\/wp-json\/wp\/v2\/pages"}],"about":[{"href":"https:\/\/ekmak.com\/ru\/wp-json\/wp\/v2\/types\/page"}],"author":[{"embeddable":true,"href":"https:\/\/ekmak.com\/ru\/wp-json\/wp\/v2\/users\/1"}],"replies":[{"embeddable":true,"href":"https:\/\/ekmak.com\/ru\/wp-json\/wp\/v2\/comments?post=1920"}],"version-history":[{"count":0,"href":"https:\/\/ekmak.com\/ru\/wp-json\/wp\/v2\/pages\/1920\/revisions"}],"wp:attachment":[{"href":"https:\/\/ekmak.com\/ru\/wp-json\/wp\/v2\/media?parent=1920"}],"curies":[{"name":"wp","href":"https:\/\/api.w.org\/{rel}","templated":true}]}}