{"id":944,"date":"2020-02-18T23:18:59","date_gmt":"2020-02-18T20:18:59","guid":{"rendered":"http:\/\/ekmak.com\/y\/?post_type=product&#038;p=944"},"modified":"2020-09-15T19:10:22","modified_gmt":"2020-09-15T16:10:22","slug":"e-sdc-water-dosing-machine","status":"publish","type":"product","link":"https:\/\/ekmak.com\/fr\/product\/e-sdc-water-dosing-machine\/","title":{"rendered":"E-SDC Water dosing machine"},"content":{"rendered":"<div class=\"wpb-content-wrapper\"><p>[vc_row][vc_column][vc_tta_tabs color=\u00a0\u00bbwhite\u00a0\u00bb active_section=\u00a0\u00bb\u00a0\u00bb][vc_tta_section title=\u00a0\u00bbLes pr\u00e9-requis techniques\u00a0\u00bb tab_id=\u00a0\u00bb1598526823219-549d69fa-870c\u00a0\u00bb][mk_table]<\/p>\n<table>\n<thead>\n<tr>\n<th colspan=\"3\">Machine de dosage d&rsquo;eau<\/th>\n<\/tr>\n<\/thead>\n<tbody>\n<tr>\n<td><\/td>\n<td>Unit\u00e9<\/td>\n<td>E-SDC<\/td>\n<\/tr>\n<tr>\n<td>Pression de\u00a0\u00a0\u00a0travail<\/td>\n<td>bar<\/td>\n<td>0-10<\/td>\n<\/tr>\n<tr>\n<td>Sensibilit\u00e9 \u00e0\u00a0\u00a0\u00a0la temp\u00e9rature<\/td>\n<td>\u00b0C<\/td>\n<td>1<\/td>\n<\/tr>\n<tr>\n<td>Temp maximum\u00a0\u00a0\u00a0de travail<\/td>\n<td>\u00b0C<\/td>\n<td>50<\/td>\n<\/tr>\n<tr>\n<td>Couler<\/td>\n<td>lt\/min<\/td>\n<td>40<\/td>\n<\/tr>\n<tr>\n<td>Alimentation\u00a0\u00a0\u00a0en eau<\/td>\n<td>inch<\/td>\n<td>3\/4&Prime;<\/td>\n<\/tr>\n<tr>\n<td>Contr\u00f4le<\/td>\n<td>Optionnel<\/td>\n<td>Digital<\/td>\n<\/tr>\n<tr>\n<td>Connexion\u00a0\u00a0\u00a0\u00e9lectrique<\/td>\n<td>kw<\/td>\n<td>0,25<\/td>\n<\/tr>\n<tr>\n<td>Puissance<\/td>\n<td><\/td>\n<td>220V\u00a0\u00a0\u00a0\/50-60Hz<\/td>\n<\/tr>\n<tr>\n<td>Poids<\/td>\n<td>Kg<\/td>\n<td>2<\/td>\n<\/tr>\n<tr>\n<td>Dimensions\u00a0\u00a0\u00a0(largeur)<\/td>\n<td>cm<\/td>\n<td>20<\/td>\n<\/tr>\n<tr>\n<td>Profondeur de\u00a0\u00a0\u00a0la machine<\/td>\n<td>cm<\/td>\n<td>30<\/td>\n<\/tr>\n<tr>\n<td>Hauteur de la\u00a0\u00a0\u00a0machine<\/td>\n<td>cm<\/td>\n<td>10<\/td>\n<\/tr>\n<\/tbody>\n<\/table>\n<p>[\/mk_table][vc_column_text]<\/p>\n<p>[\/vc_column_text][\/vc_tta_section][\/vc_tta_tabs][\/vc_column][\/vc_row]<\/p>\n<\/div>","protected":false},"excerpt":{"rendered":"<p><strong>E-SDC Dispositif de dosage d&rsquo;eau<\/strong><\/p>\n<p>Fournir un standard dans la production de pain est un processus d\u00e9licat. La surveillance et le contr\u00f4le de la temp\u00e9rature de l&rsquo;eau et de la quantit\u00e9 utilis\u00e9e pendant le processus de pr\u00e9paration de la p\u00e2te sont importants pour la qualit\u00e9 du produit final dans ce sens. Ces appareils, qui affichent la temp\u00e9rature de l&rsquo;eau tout en fournissant la quantit\u00e9 d&rsquo;eau souhait\u00e9e directement \u00e0 la p\u00e2te, sont l&rsquo;un des appareils critiques qui aident \u00e0 la production.<\/p>\n","protected":false},"featured_media":123,"template":"","meta":[],"product_brand":[],"product_cat":[276],"product_tag":[343,291],"class_list":{"0":"post-944","1":"product","2":"type-product","3":"status-publish","4":"has-post-thumbnail","6":"product_cat-other-bakery-equipment","7":"product_tag-e-sdc-water-dosing-machine","8":"product_tag-ekmak","10":"first","11":"instock","12":"shipping-taxable","13":"product-type-simple"},"acf":[],"yoast_head":"<!-- This site is optimized with the Yoast SEO plugin v27.3 - https:\/\/yoast.com\/product\/yoast-seo-wordpress\/ -->\n<title>E-SDC Water dosing machine<\/title>\n<meta name=\"robots\" content=\"index, follow, max-snippet:-1, max-image-preview:large, max-video-preview:-1\" \/>\n<link rel=\"canonical\" href=\"https:\/\/ekmak.com\/fr\/product\/e-sdc-water-dosing-machine\/\" \/>\n<meta property=\"og:locale\" content=\"fr_FR\" \/>\n<meta property=\"og:locale:alternate\" content=\"en_US\" \/>\n<meta property=\"og:locale:alternate\" content=\"ar\" \/>\n<meta property=\"og:locale:alternate\" content=\"ru_RU\" \/>\n<meta property=\"og:type\" content=\"article\" \/>\n<meta property=\"og:title\" content=\"E-SDC Water dosing machine\" \/>\n<meta property=\"og:description\" content=\"E-SDC Dispositif de dosage d&#039;eau  Fournir un standard dans la production de pain est un processus d\u00e9licat. La surveillance et le contr\u00f4le de la temp\u00e9rature de l&#039;eau et de la quantit\u00e9 utilis\u00e9e pendant le processus de pr\u00e9paration de la p\u00e2te sont importants pour la qualit\u00e9 du produit final dans ce sens. Ces appareils, qui affichent la temp\u00e9rature de l&#039;eau tout en fournissant la quantit\u00e9 d&#039;eau souhait\u00e9e directement \u00e0 la p\u00e2te, sont l&#039;un des appareils critiques qui aident \u00e0 la production.\" \/>\n<meta property=\"og:url\" content=\"https:\/\/ekmak.com\/fr\/product\/e-sdc-water-dosing-machine\/\" \/>\n<meta property=\"og:site_name\" content=\"Ekmak\" \/>\n<meta property=\"article:modified_time\" content=\"2020-09-15T16:10:22+00:00\" \/>\n<meta property=\"og:image\" content=\"https:\/\/ekmak.com\/wp-content\/uploads\/2020\/08\/ekmak-en-black.png\" \/>\n\t<meta property=\"og:image:width\" content=\"301\" \/>\n\t<meta property=\"og:image:height\" content=\"95\" \/>\n\t<meta property=\"og:image:type\" content=\"image\/png\" \/>\n<meta name=\"twitter:card\" content=\"summary_large_image\" \/>\n<meta name=\"twitter:label1\" content=\"Dur\u00e9e de lecture estim\u00e9e\" \/>\n\t<meta name=\"twitter:data1\" content=\"1 minute\" \/>\n<script type=\"application\/ld+json\" class=\"yoast-schema-graph\">{\"@context\":\"https:\\\/\\\/schema.org\",\"@graph\":[{\"@type\":\"WebPage\",\"@id\":\"https:\\\/\\\/ekmak.com\\\/product\\\/e-sdc-water-dosing-machine\\\/\",\"url\":\"https:\\\/\\\/ekmak.com\\\/product\\\/e-sdc-water-dosing-machine\\\/\",\"name\":\"E-SDC Water dosing machine\",\"isPartOf\":{\"@id\":\"https:\\\/\\\/ekmak.com\\\/#website\"},\"primaryImageOfPage\":{\"@id\":\"https:\\\/\\\/ekmak.com\\\/product\\\/e-sdc-water-dosing-machine\\\/#primaryimage\"},\"image\":{\"@id\":\"https:\\\/\\\/ekmak.com\\\/product\\\/e-sdc-water-dosing-machine\\\/#primaryimage\"},\"thumbnailUrl\":\"https:\\\/\\\/ekmak.com\\\/wp-content\\\/uploads\\\/2020\\\/08\\\/ekmak-en-black.png\",\"datePublished\":\"2020-02-18T20:18:59+00:00\",\"dateModified\":\"2020-09-15T16:10:22+00:00\",\"breadcrumb\":{\"@id\":\"https:\\\/\\\/ekmak.com\\\/product\\\/e-sdc-water-dosing-machine\\\/#breadcrumb\"},\"inLanguage\":\"fr-FR\",\"potentialAction\":[{\"@type\":\"ReadAction\",\"target\":[\"https:\\\/\\\/ekmak.com\\\/product\\\/e-sdc-water-dosing-machine\\\/\"]}]},{\"@type\":\"ImageObject\",\"inLanguage\":\"fr-FR\",\"@id\":\"https:\\\/\\\/ekmak.com\\\/product\\\/e-sdc-water-dosing-machine\\\/#primaryimage\",\"url\":\"https:\\\/\\\/ekmak.com\\\/wp-content\\\/uploads\\\/2020\\\/08\\\/ekmak-en-black.png\",\"contentUrl\":\"https:\\\/\\\/ekmak.com\\\/wp-content\\\/uploads\\\/2020\\\/08\\\/ekmak-en-black.png\",\"width\":301,\"height\":95,\"caption\":\"ekmak-siyah-logo\"},{\"@type\":\"BreadcrumbList\",\"@id\":\"https:\\\/\\\/ekmak.com\\\/product\\\/e-sdc-water-dosing-machine\\\/#breadcrumb\",\"itemListElement\":[{\"@type\":\"ListItem\",\"position\":1,\"name\":\"Home\",\"item\":\"https:\\\/\\\/ekmak.com\\\/\"},{\"@type\":\"ListItem\",\"position\":2,\"name\":\"Products\",\"item\":\"https:\\\/\\\/ekmak.com\\\/fr\\\/products\\\/\"},{\"@type\":\"ListItem\",\"position\":3,\"name\":\"E-SDC Water dosing machine\"}]},{\"@type\":\"WebSite\",\"@id\":\"https:\\\/\\\/ekmak.com\\\/#website\",\"url\":\"https:\\\/\\\/ekmak.com\\\/\",\"name\":\"Ekmak\",\"description\":\"Bakery Ovens and Bread Machines\",\"publisher\":{\"@id\":\"https:\\\/\\\/ekmak.com\\\/#organization\"},\"potentialAction\":[{\"@type\":\"SearchAction\",\"target\":{\"@type\":\"EntryPoint\",\"urlTemplate\":\"https:\\\/\\\/ekmak.com\\\/?s={search_term_string}\"},\"query-input\":{\"@type\":\"PropertyValueSpecification\",\"valueRequired\":true,\"valueName\":\"search_term_string\"}}],\"inLanguage\":\"fr-FR\"},{\"@type\":\"Organization\",\"@id\":\"https:\\\/\\\/ekmak.com\\\/#organization\",\"name\":\"Ekmak\",\"url\":\"https:\\\/\\\/ekmak.com\\\/\",\"logo\":{\"@type\":\"ImageObject\",\"inLanguage\":\"fr-FR\",\"@id\":\"https:\\\/\\\/ekmak.com\\\/#\\\/schema\\\/logo\\\/image\\\/\",\"url\":\"https:\\\/\\\/ekmak.com\\\/wp-content\\\/uploads\\\/2021\\\/05\\\/logoekmaksa.png\",\"contentUrl\":\"https:\\\/\\\/ekmak.com\\\/wp-content\\\/uploads\\\/2021\\\/05\\\/logoekmaksa.png\",\"width\":301,\"height\":95,\"caption\":\"Ekmak\"},\"image\":{\"@id\":\"https:\\\/\\\/ekmak.com\\\/#\\\/schema\\\/logo\\\/image\\\/\"}}]}<\/script>\n<!-- \/ Yoast SEO plugin. -->","yoast_head_json":{"title":"E-SDC Water dosing machine","robots":{"index":"index","follow":"follow","max-snippet":"max-snippet:-1","max-image-preview":"max-image-preview:large","max-video-preview":"max-video-preview:-1"},"canonical":"https:\/\/ekmak.com\/fr\/product\/e-sdc-water-dosing-machine\/","og_locale":"fr_FR","og_type":"article","og_title":"[:en]E-SDC Water dosing machine[:fr]E-SDC Water dosing machine[:ru]E-SDC Water dosing machine[:] - Ekmak","og_description":"E-SDC Dispositif de dosage d'eau  Fournir un standard dans la production de pain est un processus d\u00e9licat. La surveillance et le contr\u00f4le de la temp\u00e9rature de l'eau et de la quantit\u00e9 utilis\u00e9e pendant le processus de pr\u00e9paration de la p\u00e2te sont importants pour la qualit\u00e9 du produit final dans ce sens. Ces appareils, qui affichent la temp\u00e9rature de l'eau tout en fournissant la quantit\u00e9 d'eau souhait\u00e9e directement \u00e0 la p\u00e2te, sont l'un des appareils critiques qui aident \u00e0 la production.","og_url":"https:\/\/ekmak.com\/fr\/product\/e-sdc-water-dosing-machine\/","og_site_name":"Ekmak","article_modified_time":"2020-09-15T16:10:22+00:00","og_image":[{"width":301,"height":95,"url":"https:\/\/ekmak.com\/wp-content\/uploads\/2020\/08\/ekmak-en-black.png","type":"image\/png"}],"twitter_card":"summary_large_image","twitter_misc":{"Dur\u00e9e de lecture estim\u00e9e":"1 minute"},"schema":{"@context":"https:\/\/schema.org","@graph":[{"@type":"WebPage","@id":"https:\/\/ekmak.com\/product\/e-sdc-water-dosing-machine\/","url":"https:\/\/ekmak.com\/product\/e-sdc-water-dosing-machine\/","name":"E-SDC Water dosing machine","isPartOf":{"@id":"https:\/\/ekmak.com\/#website"},"primaryImageOfPage":{"@id":"https:\/\/ekmak.com\/product\/e-sdc-water-dosing-machine\/#primaryimage"},"image":{"@id":"https:\/\/ekmak.com\/product\/e-sdc-water-dosing-machine\/#primaryimage"},"thumbnailUrl":"https:\/\/ekmak.com\/wp-content\/uploads\/2020\/08\/ekmak-en-black.png","datePublished":"2020-02-18T20:18:59+00:00","dateModified":"2020-09-15T16:10:22+00:00","breadcrumb":{"@id":"https:\/\/ekmak.com\/product\/e-sdc-water-dosing-machine\/#breadcrumb"},"inLanguage":"fr-FR","potentialAction":[{"@type":"ReadAction","target":["https:\/\/ekmak.com\/product\/e-sdc-water-dosing-machine\/"]}]},{"@type":"ImageObject","inLanguage":"fr-FR","@id":"https:\/\/ekmak.com\/product\/e-sdc-water-dosing-machine\/#primaryimage","url":"https:\/\/ekmak.com\/wp-content\/uploads\/2020\/08\/ekmak-en-black.png","contentUrl":"https:\/\/ekmak.com\/wp-content\/uploads\/2020\/08\/ekmak-en-black.png","width":301,"height":95,"caption":"ekmak-siyah-logo"},{"@type":"BreadcrumbList","@id":"https:\/\/ekmak.com\/product\/e-sdc-water-dosing-machine\/#breadcrumb","itemListElement":[{"@type":"ListItem","position":1,"name":"Home","item":"https:\/\/ekmak.com\/"},{"@type":"ListItem","position":2,"name":"Products","item":"https:\/\/ekmak.com\/fr\/products\/"},{"@type":"ListItem","position":3,"name":"E-SDC Water dosing machine"}]},{"@type":"WebSite","@id":"https:\/\/ekmak.com\/#website","url":"https:\/\/ekmak.com\/","name":"Ekmak","description":"Bakery Ovens and Bread Machines","publisher":{"@id":"https:\/\/ekmak.com\/#organization"},"potentialAction":[{"@type":"SearchAction","target":{"@type":"EntryPoint","urlTemplate":"https:\/\/ekmak.com\/?s={search_term_string}"},"query-input":{"@type":"PropertyValueSpecification","valueRequired":true,"valueName":"search_term_string"}}],"inLanguage":"fr-FR"},{"@type":"Organization","@id":"https:\/\/ekmak.com\/#organization","name":"Ekmak","url":"https:\/\/ekmak.com\/","logo":{"@type":"ImageObject","inLanguage":"fr-FR","@id":"https:\/\/ekmak.com\/#\/schema\/logo\/image\/","url":"https:\/\/ekmak.com\/wp-content\/uploads\/2021\/05\/logoekmaksa.png","contentUrl":"https:\/\/ekmak.com\/wp-content\/uploads\/2021\/05\/logoekmaksa.png","width":301,"height":95,"caption":"Ekmak"},"image":{"@id":"https:\/\/ekmak.com\/#\/schema\/logo\/image\/"}}]}},"_links":{"self":[{"href":"https:\/\/ekmak.com\/fr\/wp-json\/wp\/v2\/product\/944","targetHints":{"allow":["GET"]}}],"collection":[{"href":"https:\/\/ekmak.com\/fr\/wp-json\/wp\/v2\/product"}],"about":[{"href":"https:\/\/ekmak.com\/fr\/wp-json\/wp\/v2\/types\/product"}],"wp:featuredmedia":[{"embeddable":true,"href":"https:\/\/ekmak.com\/fr\/wp-json\/wp\/v2\/media\/123"}],"wp:attachment":[{"href":"https:\/\/ekmak.com\/fr\/wp-json\/wp\/v2\/media?parent=944"}],"wp:term":[{"taxonomy":"product_brand","embeddable":true,"href":"https:\/\/ekmak.com\/fr\/wp-json\/wp\/v2\/product_brand?post=944"},{"taxonomy":"product_cat","embeddable":true,"href":"https:\/\/ekmak.com\/fr\/wp-json\/wp\/v2\/product_cat?post=944"},{"taxonomy":"product_tag","embeddable":true,"href":"https:\/\/ekmak.com\/fr\/wp-json\/wp\/v2\/product_tag?post=944"}],"curies":[{"name":"wp","href":"https:\/\/api.w.org\/{rel}","templated":true}]}}