{"id":940,"date":"2020-02-18T23:28:24","date_gmt":"2020-02-18T20:28:24","guid":{"rendered":"http:\/\/ekmak.com\/y\/?post_type=product&#038;p=940"},"modified":"2020-09-15T19:01:48","modified_gmt":"2020-09-15T16:01:48","slug":"e-ndo-final-proofing-room","status":"publish","type":"product","link":"https:\/\/ekmak.com\/fr\/product\/e-ndo-final-proofing-room\/","title":{"rendered":"E-NDO Final Proofing Room"},"content":{"rendered":"<div class=\"wpb-content-wrapper\"><p>[vc_row][vc_column][vc_tta_tabs color=\u00a0\u00bbwhite\u00a0\u00bb active_section=\u00a0\u00bb\u00a0\u00bb][vc_tta_section title=\u00a0\u00bbLes pr\u00e9-requis techniques\u00a0\u00bb tab_id=\u00a0\u00bb1598526823219-549d69fa-870c\u00a0\u00bb][mk_table]<\/p>\n<table style=\"height: 330px;\" width=\"1198\">\n<thead>\n<tr>\n<th colspan=\"3\">Salle de v\u00e9rification finale<\/th>\n<\/tr>\n<\/thead>\n<tbody>\n<tr>\n<td><\/td>\n<td>Unit\u00e9<\/td>\n<td>E-NDO<\/td>\n<\/tr>\n<tr>\n<td>Capacit\u00e9 du\u00a0\u00a0\u00a0chariot<\/td>\n<td>pcs<\/td>\n<td>2-4-6<\/td>\n<\/tr>\n<tr>\n<td>Intervalle\u00a0\u00a0\u00a0d&rsquo;humidit\u00e9<\/td>\n<td>%<\/td>\n<td>30-90<\/td>\n<\/tr>\n<tr>\n<td>Qualit\u00e9 du\u00a0\u00a0\u00a0panneau<\/td>\n<td>Polyuretan<\/td>\n<td>Sandwich Panneau<\/td>\n<\/tr>\n<tr>\n<td>\u00c9paisseur\u00a0\u00a0\u00a0d&rsquo;isolation<\/td>\n<td>mm<\/td>\n<td>60-80<\/td>\n<\/tr>\n<tr>\n<td>Qualit\u00e9 des\u00a0\u00a0\u00a0mat\u00e9riaux<\/td>\n<td>Optionnel<\/td>\n<td>PVC-POLY-SS<\/td>\n<\/tr>\n<tr>\n<td>Puissance<\/td>\n<td><\/td>\n<td>Neutral<\/td>\n<\/tr>\n<tr>\n<td>Dimensions (2\u00a0\u00a0\u00a0chariots)<\/td>\n<td>mt<\/td>\n<td>1,3 x 2,2 x 2,2<\/td>\n<\/tr>\n<tr>\n<td>Dimensions (4\u00a0\u00a0\u00a0chariots)<\/td>\n<td>mt<\/td>\n<td>2,2 x 2,2 x 2,2<\/td>\n<\/tr>\n<tr>\n<td>Dimensions (6\u00a0\u00a0\u00a0chariots)<\/td>\n<td>mt<\/td>\n<td>2,2 x 3,2 x 2,2<\/td>\n<\/tr>\n<\/tbody>\n<\/table>\n<p>[\/mk_table][vc_column_text]<\/p>\n<p>[\/vc_column_text][\/vc_tta_section][\/vc_tta_tabs][\/vc_column][\/vc_row]<\/p>\n<\/div>","protected":false},"excerpt":{"rendered":"<p><strong>E-NDO Salle de repos de la p\u00e2te<\/strong><\/p>\n<p>Les bons boulangers savent que l&rsquo;excellente qualit\u00e9 du produit n&rsquo;est pas seulement li\u00e9e \u00e0 la qualit\u00e9 du produit ou du processus de cuisson, le processus de pr\u00e9-cuisson est \u00e9galement tr\u00e8s important. Le contr\u00f4le de la temp\u00e9rature et de l&rsquo;humidit\u00e9 sont \u00e9galement des facteurs dans la production aussi importants que le moment o\u00f9 les produits seront mis dans le four pour la cuisson. Avec ces salles de repos, les produits sont pr\u00e9par\u00e9s et ferment\u00e9s dans des environnements contr\u00f4l\u00e9s, ce qui permet de cuire les produits au moment souhait\u00e9 et de les pr\u00e9senter au client, tout en offrant une excellente qualit\u00e9 de produit avec des contr\u00f4les d&rsquo;humidit\u00e9 et de temp\u00e9rature. Ces chambres, qui sont utilis\u00e9es avec des appareils d&rsquo;hydratation de la p\u00e2te, offrent des solutions de fermentation ou de stockage sp\u00e9ciales pour vos besoins. Ces salles, qui sont produites sur une base de projet et con\u00e7ues enti\u00e8rement selon les besoins de nos clients, sont produites \u00e0 partir de PVC avec isolation polyur\u00e9thane ou de panneaux sandwich inox. Gr\u00e2ce au syst\u00e8me de panneaux verrouill\u00e9s, son montage est simple et si n\u00e9cessaire, la pi\u00e8ce peut \u00eatre d\u00e9plac\u00e9e ou agrandie.<\/p>\n","protected":false},"featured_media":1794,"template":"","meta":[],"product_brand":[],"product_cat":[276],"product_tag":[340,291],"class_list":{"0":"post-940","1":"product","2":"type-product","3":"status-publish","4":"has-post-thumbnail","6":"product_cat-other-bakery-equipment","7":"product_tag-e-ndo-final-proofing-room","8":"product_tag-ekmak","10":"first","11":"instock","12":"shipping-taxable","13":"product-type-simple"},"acf":[],"yoast_head":"<!-- This site is optimized with the Yoast SEO plugin v27.3 - https:\/\/yoast.com\/product\/yoast-seo-wordpress\/ -->\n<title>E-NDO Final Proofing Room<\/title>\n<meta name=\"robots\" content=\"index, follow, max-snippet:-1, max-image-preview:large, max-video-preview:-1\" \/>\n<link rel=\"canonical\" href=\"https:\/\/ekmak.com\/fr\/product\/e-ndo-final-proofing-room\/\" \/>\n<meta property=\"og:locale\" content=\"fr_FR\" \/>\n<meta property=\"og:locale:alternate\" content=\"en_US\" \/>\n<meta property=\"og:locale:alternate\" content=\"ar\" \/>\n<meta property=\"og:locale:alternate\" content=\"ru_RU\" \/>\n<meta property=\"og:type\" content=\"article\" \/>\n<meta property=\"og:title\" content=\"E-NDO Final Proofing Room\" \/>\n<meta property=\"og:description\" content=\"E-NDO Salle de repos de la p\u00e2te  Les bons boulangers savent que l&#039;excellente qualit\u00e9 du produit n&#039;est pas seulement li\u00e9e \u00e0 la qualit\u00e9 du produit ou du processus de cuisson, le processus de pr\u00e9-cuisson est \u00e9galement tr\u00e8s important. Le contr\u00f4le de la temp\u00e9rature et de l&#039;humidit\u00e9 sont \u00e9galement des facteurs dans la production aussi importants que le moment o\u00f9 les produits seront mis dans le four pour la cuisson. Avec ces salles de repos, les produits sont pr\u00e9par\u00e9s et ferment\u00e9s dans des environnements contr\u00f4l\u00e9s, ce qui permet de cuire les produits au moment souhait\u00e9 et de les pr\u00e9senter au client, tout en offrant une excellente qualit\u00e9 de produit avec des contr\u00f4les d&#039;humidit\u00e9 et de temp\u00e9rature. Ces chambres, qui sont utilis\u00e9es avec des appareils d&#039;hydratation de la p\u00e2te, offrent des solutions de fermentation ou de stockage sp\u00e9ciales pour vos besoins. Ces salles, qui sont produites sur une base de projet et con\u00e7ues enti\u00e8rement selon les besoins de nos clients, sont produites \u00e0 partir de PVC avec isolation polyur\u00e9thane ou de panneaux sandwich inox. Gr\u00e2ce au syst\u00e8me de panneaux verrouill\u00e9s, son montage est simple et si n\u00e9cessaire, la pi\u00e8ce peut \u00eatre d\u00e9plac\u00e9e ou agrandie.\" \/>\n<meta property=\"og:url\" content=\"https:\/\/ekmak.com\/fr\/product\/e-ndo-final-proofing-room\/\" \/>\n<meta property=\"og:site_name\" content=\"Ekmak\" \/>\n<meta property=\"article:modified_time\" content=\"2020-09-15T16:01:48+00:00\" \/>\n<meta property=\"og:image\" content=\"https:\/\/ekmak.com\/wp-content\/uploads\/2020\/02\/e-ndo-hamur-dinlendirme-odalari.jpg\" \/>\n\t<meta property=\"og:image:width\" content=\"1500\" \/>\n\t<meta property=\"og:image:height\" content=\"1500\" \/>\n\t<meta property=\"og:image:type\" content=\"image\/jpeg\" \/>\n<meta name=\"twitter:card\" content=\"summary_large_image\" \/>\n<meta name=\"twitter:label1\" content=\"Dur\u00e9e de lecture estim\u00e9e\" \/>\n\t<meta name=\"twitter:data1\" content=\"1 minute\" \/>\n<script type=\"application\/ld+json\" class=\"yoast-schema-graph\">{\"@context\":\"https:\\\/\\\/schema.org\",\"@graph\":[{\"@type\":\"WebPage\",\"@id\":\"https:\\\/\\\/ekmak.com\\\/product\\\/e-ndo-final-proofing-room\\\/\",\"url\":\"https:\\\/\\\/ekmak.com\\\/product\\\/e-ndo-final-proofing-room\\\/\",\"name\":\"E-NDO Final Proofing Room\",\"isPartOf\":{\"@id\":\"https:\\\/\\\/ekmak.com\\\/#website\"},\"primaryImageOfPage\":{\"@id\":\"https:\\\/\\\/ekmak.com\\\/product\\\/e-ndo-final-proofing-room\\\/#primaryimage\"},\"image\":{\"@id\":\"https:\\\/\\\/ekmak.com\\\/product\\\/e-ndo-final-proofing-room\\\/#primaryimage\"},\"thumbnailUrl\":\"https:\\\/\\\/ekmak.com\\\/wp-content\\\/uploads\\\/2020\\\/02\\\/e-ndo-hamur-dinlendirme-odalari.jpg\",\"datePublished\":\"2020-02-18T20:28:24+00:00\",\"dateModified\":\"2020-09-15T16:01:48+00:00\",\"breadcrumb\":{\"@id\":\"https:\\\/\\\/ekmak.com\\\/product\\\/e-ndo-final-proofing-room\\\/#breadcrumb\"},\"inLanguage\":\"fr-FR\",\"potentialAction\":[{\"@type\":\"ReadAction\",\"target\":[\"https:\\\/\\\/ekmak.com\\\/product\\\/e-ndo-final-proofing-room\\\/\"]}]},{\"@type\":\"ImageObject\",\"inLanguage\":\"fr-FR\",\"@id\":\"https:\\\/\\\/ekmak.com\\\/product\\\/e-ndo-final-proofing-room\\\/#primaryimage\",\"url\":\"https:\\\/\\\/ekmak.com\\\/wp-content\\\/uploads\\\/2020\\\/02\\\/e-ndo-hamur-dinlendirme-odalari.jpg\",\"contentUrl\":\"https:\\\/\\\/ekmak.com\\\/wp-content\\\/uploads\\\/2020\\\/02\\\/e-ndo-hamur-dinlendirme-odalari.jpg\",\"width\":1500,\"height\":1500},{\"@type\":\"BreadcrumbList\",\"@id\":\"https:\\\/\\\/ekmak.com\\\/product\\\/e-ndo-final-proofing-room\\\/#breadcrumb\",\"itemListElement\":[{\"@type\":\"ListItem\",\"position\":1,\"name\":\"Home\",\"item\":\"https:\\\/\\\/ekmak.com\\\/\"},{\"@type\":\"ListItem\",\"position\":2,\"name\":\"Products\",\"item\":\"https:\\\/\\\/ekmak.com\\\/fr\\\/products\\\/\"},{\"@type\":\"ListItem\",\"position\":3,\"name\":\"E-NDO Final Proofing Room\"}]},{\"@type\":\"WebSite\",\"@id\":\"https:\\\/\\\/ekmak.com\\\/#website\",\"url\":\"https:\\\/\\\/ekmak.com\\\/\",\"name\":\"Ekmak\",\"description\":\"Bakery Ovens and Bread Machines\",\"publisher\":{\"@id\":\"https:\\\/\\\/ekmak.com\\\/#organization\"},\"potentialAction\":[{\"@type\":\"SearchAction\",\"target\":{\"@type\":\"EntryPoint\",\"urlTemplate\":\"https:\\\/\\\/ekmak.com\\\/?s={search_term_string}\"},\"query-input\":{\"@type\":\"PropertyValueSpecification\",\"valueRequired\":true,\"valueName\":\"search_term_string\"}}],\"inLanguage\":\"fr-FR\"},{\"@type\":\"Organization\",\"@id\":\"https:\\\/\\\/ekmak.com\\\/#organization\",\"name\":\"Ekmak\",\"url\":\"https:\\\/\\\/ekmak.com\\\/\",\"logo\":{\"@type\":\"ImageObject\",\"inLanguage\":\"fr-FR\",\"@id\":\"https:\\\/\\\/ekmak.com\\\/#\\\/schema\\\/logo\\\/image\\\/\",\"url\":\"https:\\\/\\\/ekmak.com\\\/wp-content\\\/uploads\\\/2021\\\/05\\\/logoekmaksa.png\",\"contentUrl\":\"https:\\\/\\\/ekmak.com\\\/wp-content\\\/uploads\\\/2021\\\/05\\\/logoekmaksa.png\",\"width\":301,\"height\":95,\"caption\":\"Ekmak\"},\"image\":{\"@id\":\"https:\\\/\\\/ekmak.com\\\/#\\\/schema\\\/logo\\\/image\\\/\"}}]}<\/script>\n<!-- \/ Yoast SEO plugin. -->","yoast_head_json":{"title":"E-NDO Final Proofing Room","robots":{"index":"index","follow":"follow","max-snippet":"max-snippet:-1","max-image-preview":"max-image-preview:large","max-video-preview":"max-video-preview:-1"},"canonical":"https:\/\/ekmak.com\/fr\/product\/e-ndo-final-proofing-room\/","og_locale":"fr_FR","og_type":"article","og_title":"[:en]E-NDO Final Proofing Room[:fr]E-NDO Final Proofing Room[:ru]E-NDO Final Proofing Room[:] - Ekmak","og_description":"E-NDO Salle de repos de la p\u00e2te  Les bons boulangers savent que l'excellente qualit\u00e9 du produit n'est pas seulement li\u00e9e \u00e0 la qualit\u00e9 du produit ou du processus de cuisson, le processus de pr\u00e9-cuisson est \u00e9galement tr\u00e8s important. Le contr\u00f4le de la temp\u00e9rature et de l'humidit\u00e9 sont \u00e9galement des facteurs dans la production aussi importants que le moment o\u00f9 les produits seront mis dans le four pour la cuisson. Avec ces salles de repos, les produits sont pr\u00e9par\u00e9s et ferment\u00e9s dans des environnements contr\u00f4l\u00e9s, ce qui permet de cuire les produits au moment souhait\u00e9 et de les pr\u00e9senter au client, tout en offrant une excellente qualit\u00e9 de produit avec des contr\u00f4les d'humidit\u00e9 et de temp\u00e9rature. Ces chambres, qui sont utilis\u00e9es avec des appareils d'hydratation de la p\u00e2te, offrent des solutions de fermentation ou de stockage sp\u00e9ciales pour vos besoins. Ces salles, qui sont produites sur une base de projet et con\u00e7ues enti\u00e8rement selon les besoins de nos clients, sont produites \u00e0 partir de PVC avec isolation polyur\u00e9thane ou de panneaux sandwich inox. Gr\u00e2ce au syst\u00e8me de panneaux verrouill\u00e9s, son montage est simple et si n\u00e9cessaire, la pi\u00e8ce peut \u00eatre d\u00e9plac\u00e9e ou agrandie.","og_url":"https:\/\/ekmak.com\/fr\/product\/e-ndo-final-proofing-room\/","og_site_name":"Ekmak","article_modified_time":"2020-09-15T16:01:48+00:00","og_image":[{"width":1500,"height":1500,"url":"https:\/\/ekmak.com\/wp-content\/uploads\/2020\/02\/e-ndo-hamur-dinlendirme-odalari.jpg","type":"image\/jpeg"}],"twitter_card":"summary_large_image","twitter_misc":{"Dur\u00e9e de lecture estim\u00e9e":"1 minute"},"schema":{"@context":"https:\/\/schema.org","@graph":[{"@type":"WebPage","@id":"https:\/\/ekmak.com\/product\/e-ndo-final-proofing-room\/","url":"https:\/\/ekmak.com\/product\/e-ndo-final-proofing-room\/","name":"E-NDO Final Proofing Room","isPartOf":{"@id":"https:\/\/ekmak.com\/#website"},"primaryImageOfPage":{"@id":"https:\/\/ekmak.com\/product\/e-ndo-final-proofing-room\/#primaryimage"},"image":{"@id":"https:\/\/ekmak.com\/product\/e-ndo-final-proofing-room\/#primaryimage"},"thumbnailUrl":"https:\/\/ekmak.com\/wp-content\/uploads\/2020\/02\/e-ndo-hamur-dinlendirme-odalari.jpg","datePublished":"2020-02-18T20:28:24+00:00","dateModified":"2020-09-15T16:01:48+00:00","breadcrumb":{"@id":"https:\/\/ekmak.com\/product\/e-ndo-final-proofing-room\/#breadcrumb"},"inLanguage":"fr-FR","potentialAction":[{"@type":"ReadAction","target":["https:\/\/ekmak.com\/product\/e-ndo-final-proofing-room\/"]}]},{"@type":"ImageObject","inLanguage":"fr-FR","@id":"https:\/\/ekmak.com\/product\/e-ndo-final-proofing-room\/#primaryimage","url":"https:\/\/ekmak.com\/wp-content\/uploads\/2020\/02\/e-ndo-hamur-dinlendirme-odalari.jpg","contentUrl":"https:\/\/ekmak.com\/wp-content\/uploads\/2020\/02\/e-ndo-hamur-dinlendirme-odalari.jpg","width":1500,"height":1500},{"@type":"BreadcrumbList","@id":"https:\/\/ekmak.com\/product\/e-ndo-final-proofing-room\/#breadcrumb","itemListElement":[{"@type":"ListItem","position":1,"name":"Home","item":"https:\/\/ekmak.com\/"},{"@type":"ListItem","position":2,"name":"Products","item":"https:\/\/ekmak.com\/fr\/products\/"},{"@type":"ListItem","position":3,"name":"E-NDO Final Proofing Room"}]},{"@type":"WebSite","@id":"https:\/\/ekmak.com\/#website","url":"https:\/\/ekmak.com\/","name":"Ekmak","description":"Bakery Ovens and Bread Machines","publisher":{"@id":"https:\/\/ekmak.com\/#organization"},"potentialAction":[{"@type":"SearchAction","target":{"@type":"EntryPoint","urlTemplate":"https:\/\/ekmak.com\/?s={search_term_string}"},"query-input":{"@type":"PropertyValueSpecification","valueRequired":true,"valueName":"search_term_string"}}],"inLanguage":"fr-FR"},{"@type":"Organization","@id":"https:\/\/ekmak.com\/#organization","name":"Ekmak","url":"https:\/\/ekmak.com\/","logo":{"@type":"ImageObject","inLanguage":"fr-FR","@id":"https:\/\/ekmak.com\/#\/schema\/logo\/image\/","url":"https:\/\/ekmak.com\/wp-content\/uploads\/2021\/05\/logoekmaksa.png","contentUrl":"https:\/\/ekmak.com\/wp-content\/uploads\/2021\/05\/logoekmaksa.png","width":301,"height":95,"caption":"Ekmak"},"image":{"@id":"https:\/\/ekmak.com\/#\/schema\/logo\/image\/"}}]}},"_links":{"self":[{"href":"https:\/\/ekmak.com\/fr\/wp-json\/wp\/v2\/product\/940","targetHints":{"allow":["GET"]}}],"collection":[{"href":"https:\/\/ekmak.com\/fr\/wp-json\/wp\/v2\/product"}],"about":[{"href":"https:\/\/ekmak.com\/fr\/wp-json\/wp\/v2\/types\/product"}],"wp:featuredmedia":[{"embeddable":true,"href":"https:\/\/ekmak.com\/fr\/wp-json\/wp\/v2\/media\/1794"}],"wp:attachment":[{"href":"https:\/\/ekmak.com\/fr\/wp-json\/wp\/v2\/media?parent=940"}],"wp:term":[{"taxonomy":"product_brand","embeddable":true,"href":"https:\/\/ekmak.com\/fr\/wp-json\/wp\/v2\/product_brand?post=940"},{"taxonomy":"product_cat","embeddable":true,"href":"https:\/\/ekmak.com\/fr\/wp-json\/wp\/v2\/product_cat?post=940"},{"taxonomy":"product_tag","embeddable":true,"href":"https:\/\/ekmak.com\/fr\/wp-json\/wp\/v2\/product_tag?post=940"}],"curies":[{"name":"wp","href":"https:\/\/api.w.org\/{rel}","templated":true}]}}