{"id":938,"date":"2020-02-18T23:34:40","date_gmt":"2020-02-18T20:34:40","guid":{"rendered":"http:\/\/ekmak.com\/y\/?post_type=product&#038;p=938"},"modified":"2020-09-15T18:53:14","modified_gmt":"2020-09-15T15:53:14","slug":"e-el-flour-sifter-machine","status":"publish","type":"product","link":"https:\/\/ekmak.com\/fr\/product\/e-el-flour-sifter-machine\/","title":{"rendered":"E-EL Flour Sifter Machine"},"content":{"rendered":"<div class=\"wpb-content-wrapper\"><p>[vc_row][vc_column][vc_tta_tabs color=\u00a0\u00bbwhite\u00a0\u00bb active_section=\u00a0\u00bb\u00a0\u00bb][vc_tta_section title=\u00a0\u00bbLes pr\u00e9-requis techniques\u00a0\u00bb tab_id=\u00a0\u00bb1598526823219-549d69fa-870c\u00a0\u00bb][mk_table]<\/p>\n<table>\n<thead>\n<tr>\n<th colspan=\"3\">Machine de tamisage de farine<\/th>\n<\/tr>\n<\/thead>\n<tbody>\n<tr>\n<td><\/td>\n<td>Unit\u00e9<\/td>\n<td>E-EL<\/td>\n<\/tr>\n<tr>\n<td>Capacit\u00e9 de\u00a0\u00a0\u00a0farine<\/td>\n<td>Kg<\/td>\n<td>50<\/td>\n<\/tr>\n<tr>\n<td>Temps de\u00a0\u00a0\u00a0tamisage<\/td>\n<td>min<\/td>\n<td>1,5<\/td>\n<\/tr>\n<tr>\n<td>Hauteur de\u00a0\u00a0\u00a0l&rsquo;h\u00e9lice<\/td>\n<td>Optionnel<\/td>\n<td><\/td>\n<\/tr>\n<tr>\n<td>Nombre de\u00a0\u00a0\u00a0moteurs<\/td>\n<td>Pcs<\/td>\n<td>2<\/td>\n<\/tr>\n<tr>\n<td>Connexion\u00a0\u00a0\u00a0\u00e9lectrique<\/td>\n<td><\/td>\n<td>380V\u00a0\u00a0\u00a0\/50-60Hz \/ 3P+N<\/td>\n<\/tr>\n<tr>\n<td>Puissance<\/td>\n<td>kw<\/td>\n<td>0,9<\/td>\n<\/tr>\n<tr>\n<td>Syst\u00e8me de\u00a0\u00a0\u00a0tamisage<\/td>\n<td><\/td>\n<td>Silk<\/td>\n<\/tr>\n<tr>\n<td>Poids<\/td>\n<td>Kg<\/td>\n<td>90<\/td>\n<\/tr>\n<tr>\n<td>Dimensions\u00a0\u00a0\u00a0(largeur)<\/td>\n<td>cm<\/td>\n<td>80<\/td>\n<\/tr>\n<tr>\n<td>Profondeur de\u00a0\u00a0\u00a0la machine<\/td>\n<td>cm<\/td>\n<td>110<\/td>\n<\/tr>\n<tr>\n<td>Hauteur de la\u00a0\u00a0\u00a0machine<\/td>\n<td>cm<\/td>\n<td>165<\/td>\n<\/tr>\n<\/tbody>\n<\/table>\n<p>[\/mk_table][vc_column_text]<\/p>\n<p>[\/vc_column_text][\/vc_tta_section][\/vc_tta_tabs][\/vc_column][\/vc_row]<\/p>\n<\/div>","protected":false},"excerpt":{"rendered":"<p><strong>E-EL Machine de tamisage de farine<\/strong><\/p>\n<p>Les tamiseuses \u00e0 farine de diff\u00e9rentes capacit\u00e9s et mod\u00e8les mobiles et fixes sont utilis\u00e9es pour s\u00e9parer les substances ind\u00e9sirables dans la farine \u00e0 utiliser pour la fabrication et pour a\u00e9rer la farine. C&rsquo;est un \u00e9quipement pratique qui fait gagner des entreprises en ventilant la farine pendant le processus de tamisage, en augmentant la capacit\u00e9 de r\u00e9tention d&rsquo;eau de la farine, en augmentant le nombre de pain pas de sac. Il am\u00e9liore la qualit\u00e9 du pain. Comme les mod\u00e8les \u00e0 faible capacit\u00e9 sont mobiles, ils sont pratiques et dans les mod\u00e8les \u00e0 haute capacit\u00e9, des machines de tamisage avec syst\u00e8mes de stockage de farine sont produites. Toutes les surfaces qui entrent en contact avec la p\u00e2te sont fabriqu\u00e9es en acier inoxydable en raison des normes sanitaires.<\/p>\n","protected":false},"featured_media":1792,"template":"","meta":[],"product_brand":[],"product_cat":[276],"product_tag":[],"class_list":{"0":"post-938","1":"product","2":"type-product","3":"status-publish","4":"has-post-thumbnail","6":"product_cat-other-bakery-equipment","8":"first","9":"instock","10":"shipping-taxable","11":"product-type-simple"},"acf":[],"yoast_head":"<!-- This site is optimized with the Yoast SEO plugin v27.3 - https:\/\/yoast.com\/product\/yoast-seo-wordpress\/ -->\n<title>E-EL Flour Sifter Machine<\/title>\n<meta name=\"robots\" content=\"index, follow, max-snippet:-1, max-image-preview:large, max-video-preview:-1\" \/>\n<link rel=\"canonical\" href=\"https:\/\/ekmak.com\/fr\/product\/e-el-flour-sifter-machine\/\" \/>\n<meta property=\"og:locale\" content=\"fr_FR\" \/>\n<meta property=\"og:locale:alternate\" content=\"en_US\" \/>\n<meta property=\"og:locale:alternate\" content=\"ar\" \/>\n<meta property=\"og:locale:alternate\" content=\"ru_RU\" \/>\n<meta property=\"og:type\" content=\"article\" \/>\n<meta property=\"og:title\" content=\"E-EL Flour Sifter Machine\" \/>\n<meta property=\"og:description\" content=\"E-EL Machine de tamisage de farine  Les tamiseuses \u00e0 farine de diff\u00e9rentes capacit\u00e9s et mod\u00e8les mobiles et fixes sont utilis\u00e9es pour s\u00e9parer les substances ind\u00e9sirables dans la farine \u00e0 utiliser pour la fabrication et pour a\u00e9rer la farine. C&#039;est un \u00e9quipement pratique qui fait gagner des entreprises en ventilant la farine pendant le processus de tamisage, en augmentant la capacit\u00e9 de r\u00e9tention d&#039;eau de la farine, en augmentant le nombre de pain pas de sac. Il am\u00e9liore la qualit\u00e9 du pain. Comme les mod\u00e8les \u00e0 faible capacit\u00e9 sont mobiles, ils sont pratiques et dans les mod\u00e8les \u00e0 haute capacit\u00e9, des machines de tamisage avec syst\u00e8mes de stockage de farine sont produites. Toutes les surfaces qui entrent en contact avec la p\u00e2te sont fabriqu\u00e9es en acier inoxydable en raison des normes sanitaires.\" \/>\n<meta property=\"og:url\" content=\"https:\/\/ekmak.com\/fr\/product\/e-el-flour-sifter-machine\/\" \/>\n<meta property=\"og:site_name\" content=\"Ekmak\" \/>\n<meta property=\"article:modified_time\" content=\"2020-09-15T15:53:14+00:00\" \/>\n<meta property=\"og:image\" content=\"https:\/\/ekmak.com\/wp-content\/uploads\/2020\/02\/e-el-un-eleme-makineleri.jpg\" \/>\n\t<meta property=\"og:image:width\" content=\"1500\" \/>\n\t<meta property=\"og:image:height\" content=\"1500\" \/>\n\t<meta property=\"og:image:type\" content=\"image\/jpeg\" \/>\n<meta name=\"twitter:card\" content=\"summary_large_image\" \/>\n<meta name=\"twitter:label1\" content=\"Dur\u00e9e de lecture estim\u00e9e\" \/>\n\t<meta name=\"twitter:data1\" content=\"1 minute\" \/>\n<script type=\"application\/ld+json\" class=\"yoast-schema-graph\">{\"@context\":\"https:\\\/\\\/schema.org\",\"@graph\":[{\"@type\":\"WebPage\",\"@id\":\"https:\\\/\\\/ekmak.com\\\/product\\\/e-el-flour-sifter-machine\\\/\",\"url\":\"https:\\\/\\\/ekmak.com\\\/product\\\/e-el-flour-sifter-machine\\\/\",\"name\":\"E-EL Flour Sifter Machine\",\"isPartOf\":{\"@id\":\"https:\\\/\\\/ekmak.com\\\/#website\"},\"primaryImageOfPage\":{\"@id\":\"https:\\\/\\\/ekmak.com\\\/product\\\/e-el-flour-sifter-machine\\\/#primaryimage\"},\"image\":{\"@id\":\"https:\\\/\\\/ekmak.com\\\/product\\\/e-el-flour-sifter-machine\\\/#primaryimage\"},\"thumbnailUrl\":\"https:\\\/\\\/ekmak.com\\\/wp-content\\\/uploads\\\/2020\\\/02\\\/e-el-un-eleme-makineleri.jpg\",\"datePublished\":\"2020-02-18T20:34:40+00:00\",\"dateModified\":\"2020-09-15T15:53:14+00:00\",\"breadcrumb\":{\"@id\":\"https:\\\/\\\/ekmak.com\\\/product\\\/e-el-flour-sifter-machine\\\/#breadcrumb\"},\"inLanguage\":\"fr-FR\",\"potentialAction\":[{\"@type\":\"ReadAction\",\"target\":[\"https:\\\/\\\/ekmak.com\\\/product\\\/e-el-flour-sifter-machine\\\/\"]}]},{\"@type\":\"ImageObject\",\"inLanguage\":\"fr-FR\",\"@id\":\"https:\\\/\\\/ekmak.com\\\/product\\\/e-el-flour-sifter-machine\\\/#primaryimage\",\"url\":\"https:\\\/\\\/ekmak.com\\\/wp-content\\\/uploads\\\/2020\\\/02\\\/e-el-un-eleme-makineleri.jpg\",\"contentUrl\":\"https:\\\/\\\/ekmak.com\\\/wp-content\\\/uploads\\\/2020\\\/02\\\/e-el-un-eleme-makineleri.jpg\",\"width\":1500,\"height\":1500},{\"@type\":\"BreadcrumbList\",\"@id\":\"https:\\\/\\\/ekmak.com\\\/product\\\/e-el-flour-sifter-machine\\\/#breadcrumb\",\"itemListElement\":[{\"@type\":\"ListItem\",\"position\":1,\"name\":\"Home\",\"item\":\"https:\\\/\\\/ekmak.com\\\/\"},{\"@type\":\"ListItem\",\"position\":2,\"name\":\"Products\",\"item\":\"https:\\\/\\\/ekmak.com\\\/fr\\\/products\\\/\"},{\"@type\":\"ListItem\",\"position\":3,\"name\":\"E-EL Flour Sifter Machine\"}]},{\"@type\":\"WebSite\",\"@id\":\"https:\\\/\\\/ekmak.com\\\/#website\",\"url\":\"https:\\\/\\\/ekmak.com\\\/\",\"name\":\"Ekmak\",\"description\":\"Bakery Ovens and Bread Machines\",\"publisher\":{\"@id\":\"https:\\\/\\\/ekmak.com\\\/#organization\"},\"potentialAction\":[{\"@type\":\"SearchAction\",\"target\":{\"@type\":\"EntryPoint\",\"urlTemplate\":\"https:\\\/\\\/ekmak.com\\\/?s={search_term_string}\"},\"query-input\":{\"@type\":\"PropertyValueSpecification\",\"valueRequired\":true,\"valueName\":\"search_term_string\"}}],\"inLanguage\":\"fr-FR\"},{\"@type\":\"Organization\",\"@id\":\"https:\\\/\\\/ekmak.com\\\/#organization\",\"name\":\"Ekmak\",\"url\":\"https:\\\/\\\/ekmak.com\\\/\",\"logo\":{\"@type\":\"ImageObject\",\"inLanguage\":\"fr-FR\",\"@id\":\"https:\\\/\\\/ekmak.com\\\/#\\\/schema\\\/logo\\\/image\\\/\",\"url\":\"https:\\\/\\\/ekmak.com\\\/wp-content\\\/uploads\\\/2021\\\/05\\\/logoekmaksa.png\",\"contentUrl\":\"https:\\\/\\\/ekmak.com\\\/wp-content\\\/uploads\\\/2021\\\/05\\\/logoekmaksa.png\",\"width\":301,\"height\":95,\"caption\":\"Ekmak\"},\"image\":{\"@id\":\"https:\\\/\\\/ekmak.com\\\/#\\\/schema\\\/logo\\\/image\\\/\"}}]}<\/script>\n<!-- \/ Yoast SEO plugin. -->","yoast_head_json":{"title":"E-EL Flour Sifter Machine","robots":{"index":"index","follow":"follow","max-snippet":"max-snippet:-1","max-image-preview":"max-image-preview:large","max-video-preview":"max-video-preview:-1"},"canonical":"https:\/\/ekmak.com\/fr\/product\/e-el-flour-sifter-machine\/","og_locale":"fr_FR","og_type":"article","og_title":"[:en]E-EL Flour Sifter Machine[:fr]E-EL Flour Sifter Machine[:ru]E-EL Flour Sifter Machine[:] - Ekmak","og_description":"E-EL Machine de tamisage de farine  Les tamiseuses \u00e0 farine de diff\u00e9rentes capacit\u00e9s et mod\u00e8les mobiles et fixes sont utilis\u00e9es pour s\u00e9parer les substances ind\u00e9sirables dans la farine \u00e0 utiliser pour la fabrication et pour a\u00e9rer la farine. C'est un \u00e9quipement pratique qui fait gagner des entreprises en ventilant la farine pendant le processus de tamisage, en augmentant la capacit\u00e9 de r\u00e9tention d'eau de la farine, en augmentant le nombre de pain pas de sac. Il am\u00e9liore la qualit\u00e9 du pain. Comme les mod\u00e8les \u00e0 faible capacit\u00e9 sont mobiles, ils sont pratiques et dans les mod\u00e8les \u00e0 haute capacit\u00e9, des machines de tamisage avec syst\u00e8mes de stockage de farine sont produites. Toutes les surfaces qui entrent en contact avec la p\u00e2te sont fabriqu\u00e9es en acier inoxydable en raison des normes sanitaires.","og_url":"https:\/\/ekmak.com\/fr\/product\/e-el-flour-sifter-machine\/","og_site_name":"Ekmak","article_modified_time":"2020-09-15T15:53:14+00:00","og_image":[{"width":1500,"height":1500,"url":"https:\/\/ekmak.com\/wp-content\/uploads\/2020\/02\/e-el-un-eleme-makineleri.jpg","type":"image\/jpeg"}],"twitter_card":"summary_large_image","twitter_misc":{"Dur\u00e9e de lecture estim\u00e9e":"1 minute"},"schema":{"@context":"https:\/\/schema.org","@graph":[{"@type":"WebPage","@id":"https:\/\/ekmak.com\/product\/e-el-flour-sifter-machine\/","url":"https:\/\/ekmak.com\/product\/e-el-flour-sifter-machine\/","name":"E-EL Flour Sifter Machine","isPartOf":{"@id":"https:\/\/ekmak.com\/#website"},"primaryImageOfPage":{"@id":"https:\/\/ekmak.com\/product\/e-el-flour-sifter-machine\/#primaryimage"},"image":{"@id":"https:\/\/ekmak.com\/product\/e-el-flour-sifter-machine\/#primaryimage"},"thumbnailUrl":"https:\/\/ekmak.com\/wp-content\/uploads\/2020\/02\/e-el-un-eleme-makineleri.jpg","datePublished":"2020-02-18T20:34:40+00:00","dateModified":"2020-09-15T15:53:14+00:00","breadcrumb":{"@id":"https:\/\/ekmak.com\/product\/e-el-flour-sifter-machine\/#breadcrumb"},"inLanguage":"fr-FR","potentialAction":[{"@type":"ReadAction","target":["https:\/\/ekmak.com\/product\/e-el-flour-sifter-machine\/"]}]},{"@type":"ImageObject","inLanguage":"fr-FR","@id":"https:\/\/ekmak.com\/product\/e-el-flour-sifter-machine\/#primaryimage","url":"https:\/\/ekmak.com\/wp-content\/uploads\/2020\/02\/e-el-un-eleme-makineleri.jpg","contentUrl":"https:\/\/ekmak.com\/wp-content\/uploads\/2020\/02\/e-el-un-eleme-makineleri.jpg","width":1500,"height":1500},{"@type":"BreadcrumbList","@id":"https:\/\/ekmak.com\/product\/e-el-flour-sifter-machine\/#breadcrumb","itemListElement":[{"@type":"ListItem","position":1,"name":"Home","item":"https:\/\/ekmak.com\/"},{"@type":"ListItem","position":2,"name":"Products","item":"https:\/\/ekmak.com\/fr\/products\/"},{"@type":"ListItem","position":3,"name":"E-EL Flour Sifter Machine"}]},{"@type":"WebSite","@id":"https:\/\/ekmak.com\/#website","url":"https:\/\/ekmak.com\/","name":"Ekmak","description":"Bakery Ovens and Bread Machines","publisher":{"@id":"https:\/\/ekmak.com\/#organization"},"potentialAction":[{"@type":"SearchAction","target":{"@type":"EntryPoint","urlTemplate":"https:\/\/ekmak.com\/?s={search_term_string}"},"query-input":{"@type":"PropertyValueSpecification","valueRequired":true,"valueName":"search_term_string"}}],"inLanguage":"fr-FR"},{"@type":"Organization","@id":"https:\/\/ekmak.com\/#organization","name":"Ekmak","url":"https:\/\/ekmak.com\/","logo":{"@type":"ImageObject","inLanguage":"fr-FR","@id":"https:\/\/ekmak.com\/#\/schema\/logo\/image\/","url":"https:\/\/ekmak.com\/wp-content\/uploads\/2021\/05\/logoekmaksa.png","contentUrl":"https:\/\/ekmak.com\/wp-content\/uploads\/2021\/05\/logoekmaksa.png","width":301,"height":95,"caption":"Ekmak"},"image":{"@id":"https:\/\/ekmak.com\/#\/schema\/logo\/image\/"}}]}},"_links":{"self":[{"href":"https:\/\/ekmak.com\/fr\/wp-json\/wp\/v2\/product\/938","targetHints":{"allow":["GET"]}}],"collection":[{"href":"https:\/\/ekmak.com\/fr\/wp-json\/wp\/v2\/product"}],"about":[{"href":"https:\/\/ekmak.com\/fr\/wp-json\/wp\/v2\/types\/product"}],"wp:featuredmedia":[{"embeddable":true,"href":"https:\/\/ekmak.com\/fr\/wp-json\/wp\/v2\/media\/1792"}],"wp:attachment":[{"href":"https:\/\/ekmak.com\/fr\/wp-json\/wp\/v2\/media?parent=938"}],"wp:term":[{"taxonomy":"product_brand","embeddable":true,"href":"https:\/\/ekmak.com\/fr\/wp-json\/wp\/v2\/product_brand?post=938"},{"taxonomy":"product_cat","embeddable":true,"href":"https:\/\/ekmak.com\/fr\/wp-json\/wp\/v2\/product_cat?post=938"},{"taxonomy":"product_tag","embeddable":true,"href":"https:\/\/ekmak.com\/fr\/wp-json\/wp\/v2\/product_tag?post=938"}],"curies":[{"name":"wp","href":"https:\/\/api.w.org\/{rel}","templated":true}]}}