{"id":937,"date":"2020-02-18T23:36:14","date_gmt":"2020-02-18T20:36:14","guid":{"rendered":"http:\/\/ekmak.com\/y\/?post_type=product&#038;p=937"},"modified":"2020-09-15T18:47:07","modified_gmt":"2020-09-15T15:47:07","slug":"e-ha-dough-sheeter-machine","status":"publish","type":"product","link":"https:\/\/ekmak.com\/fr\/product\/e-ha-dough-sheeter-machine\/","title":{"rendered":"E-HA Dough Sheeter Machine"},"content":{"rendered":"<div class=\"wpb-content-wrapper\"><p>[vc_row][vc_column][vc_tta_tabs color=\u00a0\u00bbwhite\u00a0\u00bb active_section=\u00a0\u00bb\u00a0\u00bb][vc_tta_section title=\u00a0\u00bbLes pr\u00e9-requis techniques\u00a0\u00bb tab_id=\u00a0\u00bb1598526823219-549d69fa-870c\u00a0\u00bb][mk_table]<\/p>\n<table>\n<thead>\n<tr>\n<th colspan=\"3\">Machine\u00a0\u00a0\u00a0\u00e0 feuilles de p\u00e2te<\/th>\n<\/tr>\n<\/thead>\n<tbody>\n<tr>\n<td><\/td>\n<td>Unit\u00e9<\/td>\n<td>E-HA<\/td>\n<\/tr>\n<tr>\n<td>Intervalle de\u00a0\u00a0\u00a0recouvrement<\/td>\n<td>mm<\/td>\n<td>0,5-60<\/td>\n<\/tr>\n<tr>\n<td>Diam\u00e8tre du\u00a0\u00a0\u00a0rouleau<\/td>\n<td>mm<\/td>\n<td>800<\/td>\n<\/tr>\n<tr>\n<td>Largeur du\u00a0\u00a0\u00a0rouleau<\/td>\n<td>mm<\/td>\n<td>650<\/td>\n<\/tr>\n<tr>\n<td>Hauteur de\u00a0\u00a0\u00a0sortie de la p\u00e2te<\/td>\n<td>cm<\/td>\n<td>85-100<\/td>\n<\/tr>\n<tr>\n<td>Capacit\u00e9 de\u00a0\u00a0\u00a0p\u00e2te<\/td>\n<td>kg<\/td>\n<td>50-100<\/td>\n<\/tr>\n<tr>\n<td>Dimensions du\u00a0\u00a0\u00a0convoyeur<\/td>\n<td>cm<\/td>\n<td>65&#215;120<\/td>\n<\/tr>\n<tr>\n<td>Nombre de\u00a0\u00a0\u00a0convoyeurs<\/td>\n<td>Pcs<\/td>\n<td>2<\/td>\n<\/tr>\n<tr>\n<td>Hauteur du\u00a0\u00a0\u00a0convoyeur<\/td>\n<td>cm<\/td>\n<td>90<\/td>\n<\/tr>\n<tr>\n<td>Vitesse de\u00a0\u00a0\u00a0ceinture<\/td>\n<td>mt\/min<\/td>\n<td>30<\/td>\n<\/tr>\n<tr>\n<td>Contr\u00f4le de\u00a0\u00a0\u00a0vitesse<\/td>\n<td><\/td>\n<td>Adj\u00a0\u00a0\u00a0Lever<\/td>\n<\/tr>\n<tr>\n<td>Connexion\u00a0\u00a0\u00a0\u00e9lectrique<\/td>\n<td><\/td>\n<td>380V\u00a0\u00a0\u00a0\/50-60Hz \/ 3P+N<\/td>\n<\/tr>\n<tr>\n<td>Puissance<\/td>\n<td>kw<\/td>\n<td>1,1<\/td>\n<\/tr>\n<tr>\n<td>Poids<\/td>\n<td>Kg<\/td>\n<td>220<\/td>\n<\/tr>\n<tr>\n<td>Dimensions\u00a0\u00a0\u00a0(largeur)<\/td>\n<td>cm<\/td>\n<td>120<\/td>\n<\/tr>\n<tr>\n<td>Profondeur de\u00a0\u00a0\u00a0la machine<\/td>\n<td>cm<\/td>\n<td>300<\/td>\n<\/tr>\n<tr>\n<td>Hauteur de la\u00a0\u00a0\u00a0machine<\/td>\n<td>cm<\/td>\n<td>130<\/td>\n<\/tr>\n<\/tbody>\n<\/table>\n<p>[\/mk_table][vc_column_text]<\/p>\n<p>[\/vc_column_text][\/vc_tta_section][\/vc_tta_tabs][\/vc_column][\/vc_row]<\/p>\n<\/div>","protected":false},"excerpt":{"rendered":"<p><strong>E-HA Machine \u00e0 laminors<\/strong><\/p>\n<p>Les machines \u00e0 d\u00e9rouler la p\u00e2te qui rendent le d\u00e9roulement de p\u00e2te facile et durable, alors qu&rsquo;il est traditionnellement exigeant offrent la possibilit\u00e9 de travailler avec diff\u00e9rents types de p\u00e2te et une large gamme d&rsquo;\u00e9paisseurs de p\u00e2te. Cette machine, qui prend peu de place lorsqu&rsquo;elle n&rsquo;est pas utilis\u00e9e dans la zone de travail avec ses bras pliables, fournit un d\u00e9roulement parfait de p\u00e2te avec ses rouleaux de chromage dur, elle peut r\u00e9ussir \u00e0 produire de nombreux produits difficiles tels que le baklava et les croissants. Cette machine produite avec r\u00e9glage manuel, offre une production de grande capacit\u00e9 sans g\u00e2cher la qualit\u00e9 du produit.<\/p>\n","protected":false},"featured_media":1791,"template":"","meta":[],"product_brand":[],"product_cat":[276],"product_tag":[338,291],"class_list":{"0":"post-937","1":"product","2":"type-product","3":"status-publish","4":"has-post-thumbnail","6":"product_cat-other-bakery-equipment","7":"product_tag-e-ha-dough-sheeter-machine","8":"product_tag-ekmak","10":"first","11":"instock","12":"shipping-taxable","13":"product-type-simple"},"acf":[],"yoast_head":"<!-- This site is optimized with the Yoast SEO plugin v27.3 - https:\/\/yoast.com\/product\/yoast-seo-wordpress\/ -->\n<title>E-HA Dough Sheeter Machine<\/title>\n<meta name=\"robots\" content=\"index, follow, max-snippet:-1, max-image-preview:large, max-video-preview:-1\" \/>\n<link rel=\"canonical\" href=\"https:\/\/ekmak.com\/fr\/product\/e-ha-dough-sheeter-machine\/\" \/>\n<meta property=\"og:locale\" content=\"fr_FR\" \/>\n<meta property=\"og:locale:alternate\" content=\"en_US\" \/>\n<meta property=\"og:locale:alternate\" content=\"ar\" \/>\n<meta property=\"og:locale:alternate\" content=\"ru_RU\" \/>\n<meta property=\"og:type\" content=\"article\" \/>\n<meta property=\"og:title\" content=\"E-HA Dough Sheeter Machine\" \/>\n<meta property=\"og:description\" content=\"E-HA Machine \u00e0 laminors  Les machines \u00e0 d\u00e9rouler la p\u00e2te qui rendent le d\u00e9roulement de p\u00e2te facile et durable, alors qu&#039;il est traditionnellement exigeant offrent la possibilit\u00e9 de travailler avec diff\u00e9rents types de p\u00e2te et une large gamme d&#039;\u00e9paisseurs de p\u00e2te. Cette machine, qui prend peu de place lorsqu&#039;elle n&#039;est pas utilis\u00e9e dans la zone de travail avec ses bras pliables, fournit un d\u00e9roulement parfait de p\u00e2te avec ses rouleaux de chromage dur, elle peut r\u00e9ussir \u00e0 produire de nombreux produits difficiles tels que le baklava et les croissants. Cette machine produite avec r\u00e9glage manuel, offre une production de grande capacit\u00e9 sans g\u00e2cher la qualit\u00e9 du produit.\" \/>\n<meta property=\"og:url\" content=\"https:\/\/ekmak.com\/fr\/product\/e-ha-dough-sheeter-machine\/\" \/>\n<meta property=\"og:site_name\" content=\"Ekmak\" \/>\n<meta property=\"article:modified_time\" content=\"2020-09-15T15:47:07+00:00\" \/>\n<meta property=\"og:image\" content=\"https:\/\/ekmak.com\/wp-content\/uploads\/2020\/02\/e-ha-hamur-acma-makineleri.jpg\" \/>\n\t<meta property=\"og:image:width\" content=\"1500\" \/>\n\t<meta property=\"og:image:height\" content=\"1500\" \/>\n\t<meta property=\"og:image:type\" content=\"image\/jpeg\" \/>\n<meta name=\"twitter:card\" content=\"summary_large_image\" \/>\n<meta name=\"twitter:label1\" content=\"Dur\u00e9e de lecture estim\u00e9e\" \/>\n\t<meta name=\"twitter:data1\" content=\"1 minute\" \/>\n<script type=\"application\/ld+json\" class=\"yoast-schema-graph\">{\"@context\":\"https:\\\/\\\/schema.org\",\"@graph\":[{\"@type\":\"WebPage\",\"@id\":\"https:\\\/\\\/ekmak.com\\\/product\\\/e-ha-dough-sheeter-machine\\\/\",\"url\":\"https:\\\/\\\/ekmak.com\\\/product\\\/e-ha-dough-sheeter-machine\\\/\",\"name\":\"E-HA Dough Sheeter Machine\",\"isPartOf\":{\"@id\":\"https:\\\/\\\/ekmak.com\\\/#website\"},\"primaryImageOfPage\":{\"@id\":\"https:\\\/\\\/ekmak.com\\\/product\\\/e-ha-dough-sheeter-machine\\\/#primaryimage\"},\"image\":{\"@id\":\"https:\\\/\\\/ekmak.com\\\/product\\\/e-ha-dough-sheeter-machine\\\/#primaryimage\"},\"thumbnailUrl\":\"https:\\\/\\\/ekmak.com\\\/wp-content\\\/uploads\\\/2020\\\/02\\\/e-ha-hamur-acma-makineleri.jpg\",\"datePublished\":\"2020-02-18T20:36:14+00:00\",\"dateModified\":\"2020-09-15T15:47:07+00:00\",\"breadcrumb\":{\"@id\":\"https:\\\/\\\/ekmak.com\\\/product\\\/e-ha-dough-sheeter-machine\\\/#breadcrumb\"},\"inLanguage\":\"fr-FR\",\"potentialAction\":[{\"@type\":\"ReadAction\",\"target\":[\"https:\\\/\\\/ekmak.com\\\/product\\\/e-ha-dough-sheeter-machine\\\/\"]}]},{\"@type\":\"ImageObject\",\"inLanguage\":\"fr-FR\",\"@id\":\"https:\\\/\\\/ekmak.com\\\/product\\\/e-ha-dough-sheeter-machine\\\/#primaryimage\",\"url\":\"https:\\\/\\\/ekmak.com\\\/wp-content\\\/uploads\\\/2020\\\/02\\\/e-ha-hamur-acma-makineleri.jpg\",\"contentUrl\":\"https:\\\/\\\/ekmak.com\\\/wp-content\\\/uploads\\\/2020\\\/02\\\/e-ha-hamur-acma-makineleri.jpg\",\"width\":1500,\"height\":1500},{\"@type\":\"BreadcrumbList\",\"@id\":\"https:\\\/\\\/ekmak.com\\\/product\\\/e-ha-dough-sheeter-machine\\\/#breadcrumb\",\"itemListElement\":[{\"@type\":\"ListItem\",\"position\":1,\"name\":\"Home\",\"item\":\"https:\\\/\\\/ekmak.com\\\/\"},{\"@type\":\"ListItem\",\"position\":2,\"name\":\"Products\",\"item\":\"https:\\\/\\\/ekmak.com\\\/fr\\\/products\\\/\"},{\"@type\":\"ListItem\",\"position\":3,\"name\":\"E-HA Dough Sheeter Machine\"}]},{\"@type\":\"WebSite\",\"@id\":\"https:\\\/\\\/ekmak.com\\\/#website\",\"url\":\"https:\\\/\\\/ekmak.com\\\/\",\"name\":\"Ekmak\",\"description\":\"Bakery Ovens and Bread Machines\",\"publisher\":{\"@id\":\"https:\\\/\\\/ekmak.com\\\/#organization\"},\"potentialAction\":[{\"@type\":\"SearchAction\",\"target\":{\"@type\":\"EntryPoint\",\"urlTemplate\":\"https:\\\/\\\/ekmak.com\\\/?s={search_term_string}\"},\"query-input\":{\"@type\":\"PropertyValueSpecification\",\"valueRequired\":true,\"valueName\":\"search_term_string\"}}],\"inLanguage\":\"fr-FR\"},{\"@type\":\"Organization\",\"@id\":\"https:\\\/\\\/ekmak.com\\\/#organization\",\"name\":\"Ekmak\",\"url\":\"https:\\\/\\\/ekmak.com\\\/\",\"logo\":{\"@type\":\"ImageObject\",\"inLanguage\":\"fr-FR\",\"@id\":\"https:\\\/\\\/ekmak.com\\\/#\\\/schema\\\/logo\\\/image\\\/\",\"url\":\"https:\\\/\\\/ekmak.com\\\/wp-content\\\/uploads\\\/2021\\\/05\\\/logoekmaksa.png\",\"contentUrl\":\"https:\\\/\\\/ekmak.com\\\/wp-content\\\/uploads\\\/2021\\\/05\\\/logoekmaksa.png\",\"width\":301,\"height\":95,\"caption\":\"Ekmak\"},\"image\":{\"@id\":\"https:\\\/\\\/ekmak.com\\\/#\\\/schema\\\/logo\\\/image\\\/\"}}]}<\/script>\n<!-- \/ Yoast SEO plugin. -->","yoast_head_json":{"title":"E-HA Dough Sheeter Machine","robots":{"index":"index","follow":"follow","max-snippet":"max-snippet:-1","max-image-preview":"max-image-preview:large","max-video-preview":"max-video-preview:-1"},"canonical":"https:\/\/ekmak.com\/fr\/product\/e-ha-dough-sheeter-machine\/","og_locale":"fr_FR","og_type":"article","og_title":"[:en]E-HA Dough Sheeter Machine[:fr]E-HA Dough Sheeter Machine[:ru]E-HA Dough Sheeter Machine[:] - Ekmak","og_description":"E-HA Machine \u00e0 laminors  Les machines \u00e0 d\u00e9rouler la p\u00e2te qui rendent le d\u00e9roulement de p\u00e2te facile et durable, alors qu'il est traditionnellement exigeant offrent la possibilit\u00e9 de travailler avec diff\u00e9rents types de p\u00e2te et une large gamme d'\u00e9paisseurs de p\u00e2te. Cette machine, qui prend peu de place lorsqu'elle n'est pas utilis\u00e9e dans la zone de travail avec ses bras pliables, fournit un d\u00e9roulement parfait de p\u00e2te avec ses rouleaux de chromage dur, elle peut r\u00e9ussir \u00e0 produire de nombreux produits difficiles tels que le baklava et les croissants. Cette machine produite avec r\u00e9glage manuel, offre une production de grande capacit\u00e9 sans g\u00e2cher la qualit\u00e9 du produit.","og_url":"https:\/\/ekmak.com\/fr\/product\/e-ha-dough-sheeter-machine\/","og_site_name":"Ekmak","article_modified_time":"2020-09-15T15:47:07+00:00","og_image":[{"width":1500,"height":1500,"url":"https:\/\/ekmak.com\/wp-content\/uploads\/2020\/02\/e-ha-hamur-acma-makineleri.jpg","type":"image\/jpeg"}],"twitter_card":"summary_large_image","twitter_misc":{"Dur\u00e9e de lecture estim\u00e9e":"1 minute"},"schema":{"@context":"https:\/\/schema.org","@graph":[{"@type":"WebPage","@id":"https:\/\/ekmak.com\/product\/e-ha-dough-sheeter-machine\/","url":"https:\/\/ekmak.com\/product\/e-ha-dough-sheeter-machine\/","name":"E-HA Dough Sheeter Machine","isPartOf":{"@id":"https:\/\/ekmak.com\/#website"},"primaryImageOfPage":{"@id":"https:\/\/ekmak.com\/product\/e-ha-dough-sheeter-machine\/#primaryimage"},"image":{"@id":"https:\/\/ekmak.com\/product\/e-ha-dough-sheeter-machine\/#primaryimage"},"thumbnailUrl":"https:\/\/ekmak.com\/wp-content\/uploads\/2020\/02\/e-ha-hamur-acma-makineleri.jpg","datePublished":"2020-02-18T20:36:14+00:00","dateModified":"2020-09-15T15:47:07+00:00","breadcrumb":{"@id":"https:\/\/ekmak.com\/product\/e-ha-dough-sheeter-machine\/#breadcrumb"},"inLanguage":"fr-FR","potentialAction":[{"@type":"ReadAction","target":["https:\/\/ekmak.com\/product\/e-ha-dough-sheeter-machine\/"]}]},{"@type":"ImageObject","inLanguage":"fr-FR","@id":"https:\/\/ekmak.com\/product\/e-ha-dough-sheeter-machine\/#primaryimage","url":"https:\/\/ekmak.com\/wp-content\/uploads\/2020\/02\/e-ha-hamur-acma-makineleri.jpg","contentUrl":"https:\/\/ekmak.com\/wp-content\/uploads\/2020\/02\/e-ha-hamur-acma-makineleri.jpg","width":1500,"height":1500},{"@type":"BreadcrumbList","@id":"https:\/\/ekmak.com\/product\/e-ha-dough-sheeter-machine\/#breadcrumb","itemListElement":[{"@type":"ListItem","position":1,"name":"Home","item":"https:\/\/ekmak.com\/"},{"@type":"ListItem","position":2,"name":"Products","item":"https:\/\/ekmak.com\/fr\/products\/"},{"@type":"ListItem","position":3,"name":"E-HA Dough Sheeter Machine"}]},{"@type":"WebSite","@id":"https:\/\/ekmak.com\/#website","url":"https:\/\/ekmak.com\/","name":"Ekmak","description":"Bakery Ovens and Bread Machines","publisher":{"@id":"https:\/\/ekmak.com\/#organization"},"potentialAction":[{"@type":"SearchAction","target":{"@type":"EntryPoint","urlTemplate":"https:\/\/ekmak.com\/?s={search_term_string}"},"query-input":{"@type":"PropertyValueSpecification","valueRequired":true,"valueName":"search_term_string"}}],"inLanguage":"fr-FR"},{"@type":"Organization","@id":"https:\/\/ekmak.com\/#organization","name":"Ekmak","url":"https:\/\/ekmak.com\/","logo":{"@type":"ImageObject","inLanguage":"fr-FR","@id":"https:\/\/ekmak.com\/#\/schema\/logo\/image\/","url":"https:\/\/ekmak.com\/wp-content\/uploads\/2021\/05\/logoekmaksa.png","contentUrl":"https:\/\/ekmak.com\/wp-content\/uploads\/2021\/05\/logoekmaksa.png","width":301,"height":95,"caption":"Ekmak"},"image":{"@id":"https:\/\/ekmak.com\/#\/schema\/logo\/image\/"}}]}},"_links":{"self":[{"href":"https:\/\/ekmak.com\/fr\/wp-json\/wp\/v2\/product\/937","targetHints":{"allow":["GET"]}}],"collection":[{"href":"https:\/\/ekmak.com\/fr\/wp-json\/wp\/v2\/product"}],"about":[{"href":"https:\/\/ekmak.com\/fr\/wp-json\/wp\/v2\/types\/product"}],"wp:featuredmedia":[{"embeddable":true,"href":"https:\/\/ekmak.com\/fr\/wp-json\/wp\/v2\/media\/1791"}],"wp:attachment":[{"href":"https:\/\/ekmak.com\/fr\/wp-json\/wp\/v2\/media?parent=937"}],"wp:term":[{"taxonomy":"product_brand","embeddable":true,"href":"https:\/\/ekmak.com\/fr\/wp-json\/wp\/v2\/product_brand?post=937"},{"taxonomy":"product_cat","embeddable":true,"href":"https:\/\/ekmak.com\/fr\/wp-json\/wp\/v2\/product_cat?post=937"},{"taxonomy":"product_tag","embeddable":true,"href":"https:\/\/ekmak.com\/fr\/wp-json\/wp\/v2\/product_tag?post=937"}],"curies":[{"name":"wp","href":"https:\/\/api.w.org\/{rel}","templated":true}]}}