{"id":930,"date":"2020-03-10T22:12:25","date_gmt":"2020-03-10T19:12:25","guid":{"rendered":"http:\/\/ekmak.com\/y\/?post_type=product&#038;p=930"},"modified":"2020-09-15T15:30:15","modified_gmt":"2020-09-15T12:30:15","slug":"e-spm50-spiral-dough-mixer","status":"publish","type":"product","link":"https:\/\/ekmak.com\/fr\/product\/e-spm50-spiral-dough-mixer\/","title":{"rendered":"E-SPM50 Spiral Dough Mixer"},"content":{"rendered":"<div class=\"wpb-content-wrapper\"><p>[vc_row][vc_column][vc_tta_tabs color=\u00a0\u00bbwhite\u00a0\u00bb active_section=\u00a0\u00bb\u00a0\u00bb][vc_tta_section title=\u00a0\u00bbLes pr\u00e9-requis techniques\u00a0\u00bb tab_id=\u00a0\u00bb1598526823219-549d69fa-870c\u00a0\u00bb][mk_table]<\/p>\n<table style=\"height: 478px;\" width=\"1207\">\n<thead>\n<tr>\n<th colspan=\"3\">M\u00e9langeur de p\u00e2te en spirale<\/th>\n<\/tr>\n<\/thead>\n<tbody>\n<tr>\n<td><\/td>\n<td>Unit\u00e9<\/td>\n<td>E-SPM 50<\/td>\n<\/tr>\n<tr>\n<td>Capacit\u00e9 de\u00a0\u00a0\u00a0farine<\/td>\n<td>kg<\/td>\n<td>50<\/td>\n<\/tr>\n<tr>\n<td>Capacit\u00e9 de\u00a0\u00a0\u00a0p\u00e2te<\/td>\n<td>kg<\/td>\n<td>80<\/td>\n<\/tr>\n<tr>\n<td>Volume du bol<\/td>\n<td>lt<\/td>\n<td>120<\/td>\n<\/tr>\n<tr>\n<td>Connexion\u00a0\u00a0\u00a0\u00e9lectrique<\/td>\n<td><\/td>\n<td>380V \/50-60Hz \/ 3P+N<\/td>\n<\/tr>\n<tr>\n<td>Puissance<\/td>\n<td>kw<\/td>\n<td>(3,5-5,5)+1,1<\/td>\n<\/tr>\n<tr>\n<td>Technique de\u00a0\u00a0\u00a0m\u00e9lange<\/td>\n<td>Bras en spirale<\/td>\n<td>Couteau de coupe<\/td>\n<\/tr>\n<tr>\n<td>Mobilit\u00e9 du\u00a0\u00a0\u00a0bol<\/td>\n<td><\/td>\n<td>bol fixe<\/td>\n<\/tr>\n<tr>\n<td>Vitesse de\u00a0\u00a0\u00a0rotation du bol<\/td>\n<td>Aller simple(rpm)<\/td>\n<td>15<\/td>\n<\/tr>\n<tr>\n<td>Vitesse de\u00a0\u00a0\u00a0rotation du bras en spirale<\/td>\n<td>Rpm<\/td>\n<td>100-200<\/td>\n<\/tr>\n<tr>\n<td>Syst\u00e8me de\u00a0\u00a0\u00a0contr\u00f4le<\/td>\n<td><\/td>\n<td>Analogique<\/td>\n<\/tr>\n<tr>\n<td>Contr\u00f4le du\u00a0\u00a0\u00a0temps<\/td>\n<td><\/td>\n<td>Interne<\/td>\n<\/tr>\n<tr>\n<td>Contr\u00f4le de\u00a0\u00a0\u00a0vitesse<\/td>\n<td><\/td>\n<td>Seule vitesse<\/td>\n<\/tr>\n<tr>\n<td>Alimentation\u00a0\u00a0\u00a0en eau<\/td>\n<td><\/td>\n<td>Externe<\/td>\n<\/tr>\n<tr>\n<td>Poids<\/td>\n<td>Kg<\/td>\n<td>300<\/td>\n<\/tr>\n<tr>\n<td>Dimensions\u00a0\u00a0\u00a0(largeur)<\/td>\n<td>cm<\/td>\n<td>65<\/td>\n<\/tr>\n<tr>\n<td>Profondeur de\u00a0\u00a0\u00a0la machine<\/td>\n<td>cm<\/td>\n<td>110<\/td>\n<\/tr>\n<tr>\n<td>Hauteur de la\u00a0\u00a0\u00a0machine<\/td>\n<td>cm<\/td>\n<td>125<\/td>\n<\/tr>\n<\/tbody>\n<\/table>\n<p>[\/mk_table][vc_column_text]<\/p>\n<p>&nbsp;<\/p>\n<p>[\/vc_column_text][\/vc_tta_section][\/vc_tta_tabs][\/vc_column][\/vc_row]<\/p>\n<\/div>","protected":false},"excerpt":{"rendered":"<p><strong>E-SPM50 M\u00e9langeur de p\u00e2te en spirale<br \/>\n<\/strong><\/p>\n<p>Les m\u00e9langeurs de p\u00e2te en spirale offrent une facilit\u00e9 de production avec un contr\u00f4le du temps et de la vitesse, tout en offrant un avantage en termes de temps et de travail par rapport aux machines \u00e0 bras de fourche conventionnelles. Les m\u00e9langeurs de p\u00e2te en spirale Ekmak, qui offrent un p\u00e9trissage homog\u00e8ne sans d\u00e9truire la structure de votre p\u00e2te, sont silencieux et fiables avec leur double moteur et leur conception robuste. Le bras en spirale, le bras de coupe et le bol de p\u00e2te de ces m\u00e9langeurs avec syst\u00e8me de poulie \u00e0 courroie sont en acier inoxydable de qualit\u00e9 304.<br \/>\nLe bras en spirale est sous la garantie du fabricant contre la casse. Avec des options de panneau de commande num\u00e9rique et analogique et des installations de connexion de plomberie, il offre une facilit\u00e9 de production aux entreprises.<\/p>\n","protected":false},"featured_media":1758,"template":"","meta":[],"product_brand":[],"product_cat":[281,284],"product_tag":[315,316],"class_list":{"0":"post-930","1":"product","2":"type-product","3":"status-publish","4":"has-post-thumbnail","6":"product_cat-dough-kneading-machines","7":"product_cat-e-spm-spiral-dough-mixers","8":"product_tag-dough-kneading-machines","9":"product_tag-e-spm-spiral-dough-mixers","11":"first","12":"instock","13":"shipping-taxable","14":"product-type-simple"},"acf":[],"yoast_head":"<!-- This site is optimized with the Yoast SEO plugin v27.3 - https:\/\/yoast.com\/product\/yoast-seo-wordpress\/ -->\n<title>E-SPM50 Spiral Dough Mixer<\/title>\n<meta name=\"robots\" content=\"index, follow, max-snippet:-1, max-image-preview:large, max-video-preview:-1\" \/>\n<link rel=\"canonical\" href=\"https:\/\/ekmak.com\/fr\/product\/e-spm50-spiral-dough-mixer\/\" \/>\n<meta property=\"og:locale\" content=\"fr_FR\" \/>\n<meta property=\"og:locale:alternate\" content=\"en_US\" \/>\n<meta property=\"og:locale:alternate\" content=\"ar\" \/>\n<meta property=\"og:locale:alternate\" content=\"ru_RU\" \/>\n<meta property=\"og:type\" content=\"article\" \/>\n<meta property=\"og:title\" content=\"E-SPM50 Spiral Dough Mixer\" \/>\n<meta property=\"og:description\" content=\"E-SPM50 M\u00e9langeur de p\u00e2te en spirale   Les m\u00e9langeurs de p\u00e2te en spirale offrent une facilit\u00e9 de production avec un contr\u00f4le du temps et de la vitesse, tout en offrant un avantage en termes de temps et de travail par rapport aux machines \u00e0 bras de fourche conventionnelles. Les m\u00e9langeurs de p\u00e2te en spirale Ekmak, qui offrent un p\u00e9trissage homog\u00e8ne sans d\u00e9truire la structure de votre p\u00e2te, sont silencieux et fiables avec leur double moteur et leur conception robuste. Le bras en spirale, le bras de coupe et le bol de p\u00e2te de ces m\u00e9langeurs avec syst\u00e8me de poulie \u00e0 courroie sont en acier inoxydable de qualit\u00e9 304. Le bras en spirale est sous la garantie du fabricant contre la casse. Avec des options de panneau de commande num\u00e9rique et analogique et des installations de connexion de plomberie, il offre une facilit\u00e9 de production aux entreprises.\" \/>\n<meta property=\"og:url\" content=\"https:\/\/ekmak.com\/fr\/product\/e-spm50-spiral-dough-mixer\/\" \/>\n<meta property=\"og:site_name\" content=\"Ekmak\" \/>\n<meta property=\"article:modified_time\" content=\"2020-09-15T12:30:15+00:00\" \/>\n<meta property=\"og:image\" content=\"https:\/\/ekmak.com\/wp-content\/uploads\/2020\/03\/e-spm50-spiral-hamur-mikseri.jpg\" \/>\n\t<meta property=\"og:image:width\" content=\"1500\" \/>\n\t<meta property=\"og:image:height\" content=\"1500\" \/>\n\t<meta property=\"og:image:type\" content=\"image\/jpeg\" \/>\n<meta name=\"twitter:card\" content=\"summary_large_image\" \/>\n<meta name=\"twitter:label1\" content=\"Dur\u00e9e de lecture estim\u00e9e\" \/>\n\t<meta name=\"twitter:data1\" content=\"2 minutes\" \/>\n<script type=\"application\/ld+json\" class=\"yoast-schema-graph\">{\"@context\":\"https:\\\/\\\/schema.org\",\"@graph\":[{\"@type\":\"WebPage\",\"@id\":\"https:\\\/\\\/ekmak.com\\\/ru\\\/product\\\/e-spm50-spiral-dough-mixer\\\/\",\"url\":\"https:\\\/\\\/ekmak.com\\\/ru\\\/product\\\/e-spm50-spiral-dough-mixer\\\/\",\"name\":\"E-SPM50 Spiral Dough Mixer\",\"isPartOf\":{\"@id\":\"https:\\\/\\\/ekmak.com\\\/#website\"},\"primaryImageOfPage\":{\"@id\":\"https:\\\/\\\/ekmak.com\\\/ru\\\/product\\\/e-spm50-spiral-dough-mixer\\\/#primaryimage\"},\"image\":{\"@id\":\"https:\\\/\\\/ekmak.com\\\/ru\\\/product\\\/e-spm50-spiral-dough-mixer\\\/#primaryimage\"},\"thumbnailUrl\":\"https:\\\/\\\/ekmak.com\\\/wp-content\\\/uploads\\\/2020\\\/03\\\/e-spm50-spiral-hamur-mikseri.jpg\",\"datePublished\":\"2020-03-10T19:12:25+00:00\",\"dateModified\":\"2020-09-15T12:30:15+00:00\",\"breadcrumb\":{\"@id\":\"https:\\\/\\\/ekmak.com\\\/ru\\\/product\\\/e-spm50-spiral-dough-mixer\\\/#breadcrumb\"},\"inLanguage\":\"fr-FR\",\"potentialAction\":[{\"@type\":\"ReadAction\",\"target\":[\"https:\\\/\\\/ekmak.com\\\/ru\\\/product\\\/e-spm50-spiral-dough-mixer\\\/\"]}]},{\"@type\":\"ImageObject\",\"inLanguage\":\"fr-FR\",\"@id\":\"https:\\\/\\\/ekmak.com\\\/ru\\\/product\\\/e-spm50-spiral-dough-mixer\\\/#primaryimage\",\"url\":\"https:\\\/\\\/ekmak.com\\\/wp-content\\\/uploads\\\/2020\\\/03\\\/e-spm50-spiral-hamur-mikseri.jpg\",\"contentUrl\":\"https:\\\/\\\/ekmak.com\\\/wp-content\\\/uploads\\\/2020\\\/03\\\/e-spm50-spiral-hamur-mikseri.jpg\",\"width\":1500,\"height\":1500},{\"@type\":\"BreadcrumbList\",\"@id\":\"https:\\\/\\\/ekmak.com\\\/ru\\\/product\\\/e-spm50-spiral-dough-mixer\\\/#breadcrumb\",\"itemListElement\":[{\"@type\":\"ListItem\",\"position\":1,\"name\":\"Home\",\"item\":\"https:\\\/\\\/ekmak.com\\\/\"},{\"@type\":\"ListItem\",\"position\":2,\"name\":\"Products\",\"item\":\"https:\\\/\\\/ekmak.com\\\/fr\\\/products\\\/\"},{\"@type\":\"ListItem\",\"position\":3,\"name\":\"E-SPM50 Spiral Dough Mixer\"}]},{\"@type\":\"WebSite\",\"@id\":\"https:\\\/\\\/ekmak.com\\\/#website\",\"url\":\"https:\\\/\\\/ekmak.com\\\/\",\"name\":\"Ekmak\",\"description\":\"Bakery Ovens and Bread Machines\",\"publisher\":{\"@id\":\"https:\\\/\\\/ekmak.com\\\/#organization\"},\"potentialAction\":[{\"@type\":\"SearchAction\",\"target\":{\"@type\":\"EntryPoint\",\"urlTemplate\":\"https:\\\/\\\/ekmak.com\\\/?s={search_term_string}\"},\"query-input\":{\"@type\":\"PropertyValueSpecification\",\"valueRequired\":true,\"valueName\":\"search_term_string\"}}],\"inLanguage\":\"fr-FR\"},{\"@type\":\"Organization\",\"@id\":\"https:\\\/\\\/ekmak.com\\\/#organization\",\"name\":\"Ekmak\",\"url\":\"https:\\\/\\\/ekmak.com\\\/\",\"logo\":{\"@type\":\"ImageObject\",\"inLanguage\":\"fr-FR\",\"@id\":\"https:\\\/\\\/ekmak.com\\\/#\\\/schema\\\/logo\\\/image\\\/\",\"url\":\"https:\\\/\\\/ekmak.com\\\/wp-content\\\/uploads\\\/2021\\\/05\\\/logoekmaksa.png\",\"contentUrl\":\"https:\\\/\\\/ekmak.com\\\/wp-content\\\/uploads\\\/2021\\\/05\\\/logoekmaksa.png\",\"width\":301,\"height\":95,\"caption\":\"Ekmak\"},\"image\":{\"@id\":\"https:\\\/\\\/ekmak.com\\\/#\\\/schema\\\/logo\\\/image\\\/\"}}]}<\/script>\n<!-- \/ Yoast SEO plugin. -->","yoast_head_json":{"title":"E-SPM50 Spiral Dough Mixer","robots":{"index":"index","follow":"follow","max-snippet":"max-snippet:-1","max-image-preview":"max-image-preview:large","max-video-preview":"max-video-preview:-1"},"canonical":"https:\/\/ekmak.com\/fr\/product\/e-spm50-spiral-dough-mixer\/","og_locale":"fr_FR","og_type":"article","og_title":"[:en]E-SPM50 Spiral Dough Mixer[:fr]E-SPM50 Spiral Dough Mixer[:ru]E-SPM50 Spiral Dough Mixer[:] - Ekmak","og_description":"E-SPM50 M\u00e9langeur de p\u00e2te en spirale   Les m\u00e9langeurs de p\u00e2te en spirale offrent une facilit\u00e9 de production avec un contr\u00f4le du temps et de la vitesse, tout en offrant un avantage en termes de temps et de travail par rapport aux machines \u00e0 bras de fourche conventionnelles. Les m\u00e9langeurs de p\u00e2te en spirale Ekmak, qui offrent un p\u00e9trissage homog\u00e8ne sans d\u00e9truire la structure de votre p\u00e2te, sont silencieux et fiables avec leur double moteur et leur conception robuste. Le bras en spirale, le bras de coupe et le bol de p\u00e2te de ces m\u00e9langeurs avec syst\u00e8me de poulie \u00e0 courroie sont en acier inoxydable de qualit\u00e9 304. Le bras en spirale est sous la garantie du fabricant contre la casse. Avec des options de panneau de commande num\u00e9rique et analogique et des installations de connexion de plomberie, il offre une facilit\u00e9 de production aux entreprises.","og_url":"https:\/\/ekmak.com\/fr\/product\/e-spm50-spiral-dough-mixer\/","og_site_name":"Ekmak","article_modified_time":"2020-09-15T12:30:15+00:00","og_image":[{"width":1500,"height":1500,"url":"https:\/\/ekmak.com\/wp-content\/uploads\/2020\/03\/e-spm50-spiral-hamur-mikseri.jpg","type":"image\/jpeg"}],"twitter_card":"summary_large_image","twitter_misc":{"Dur\u00e9e de lecture estim\u00e9e":"2 minutes"},"schema":{"@context":"https:\/\/schema.org","@graph":[{"@type":"WebPage","@id":"https:\/\/ekmak.com\/ru\/product\/e-spm50-spiral-dough-mixer\/","url":"https:\/\/ekmak.com\/ru\/product\/e-spm50-spiral-dough-mixer\/","name":"E-SPM50 Spiral Dough Mixer","isPartOf":{"@id":"https:\/\/ekmak.com\/#website"},"primaryImageOfPage":{"@id":"https:\/\/ekmak.com\/ru\/product\/e-spm50-spiral-dough-mixer\/#primaryimage"},"image":{"@id":"https:\/\/ekmak.com\/ru\/product\/e-spm50-spiral-dough-mixer\/#primaryimage"},"thumbnailUrl":"https:\/\/ekmak.com\/wp-content\/uploads\/2020\/03\/e-spm50-spiral-hamur-mikseri.jpg","datePublished":"2020-03-10T19:12:25+00:00","dateModified":"2020-09-15T12:30:15+00:00","breadcrumb":{"@id":"https:\/\/ekmak.com\/ru\/product\/e-spm50-spiral-dough-mixer\/#breadcrumb"},"inLanguage":"fr-FR","potentialAction":[{"@type":"ReadAction","target":["https:\/\/ekmak.com\/ru\/product\/e-spm50-spiral-dough-mixer\/"]}]},{"@type":"ImageObject","inLanguage":"fr-FR","@id":"https:\/\/ekmak.com\/ru\/product\/e-spm50-spiral-dough-mixer\/#primaryimage","url":"https:\/\/ekmak.com\/wp-content\/uploads\/2020\/03\/e-spm50-spiral-hamur-mikseri.jpg","contentUrl":"https:\/\/ekmak.com\/wp-content\/uploads\/2020\/03\/e-spm50-spiral-hamur-mikseri.jpg","width":1500,"height":1500},{"@type":"BreadcrumbList","@id":"https:\/\/ekmak.com\/ru\/product\/e-spm50-spiral-dough-mixer\/#breadcrumb","itemListElement":[{"@type":"ListItem","position":1,"name":"Home","item":"https:\/\/ekmak.com\/"},{"@type":"ListItem","position":2,"name":"Products","item":"https:\/\/ekmak.com\/fr\/products\/"},{"@type":"ListItem","position":3,"name":"E-SPM50 Spiral Dough Mixer"}]},{"@type":"WebSite","@id":"https:\/\/ekmak.com\/#website","url":"https:\/\/ekmak.com\/","name":"Ekmak","description":"Bakery Ovens and Bread Machines","publisher":{"@id":"https:\/\/ekmak.com\/#organization"},"potentialAction":[{"@type":"SearchAction","target":{"@type":"EntryPoint","urlTemplate":"https:\/\/ekmak.com\/?s={search_term_string}"},"query-input":{"@type":"PropertyValueSpecification","valueRequired":true,"valueName":"search_term_string"}}],"inLanguage":"fr-FR"},{"@type":"Organization","@id":"https:\/\/ekmak.com\/#organization","name":"Ekmak","url":"https:\/\/ekmak.com\/","logo":{"@type":"ImageObject","inLanguage":"fr-FR","@id":"https:\/\/ekmak.com\/#\/schema\/logo\/image\/","url":"https:\/\/ekmak.com\/wp-content\/uploads\/2021\/05\/logoekmaksa.png","contentUrl":"https:\/\/ekmak.com\/wp-content\/uploads\/2021\/05\/logoekmaksa.png","width":301,"height":95,"caption":"Ekmak"},"image":{"@id":"https:\/\/ekmak.com\/#\/schema\/logo\/image\/"}}]}},"_links":{"self":[{"href":"https:\/\/ekmak.com\/fr\/wp-json\/wp\/v2\/product\/930","targetHints":{"allow":["GET"]}}],"collection":[{"href":"https:\/\/ekmak.com\/fr\/wp-json\/wp\/v2\/product"}],"about":[{"href":"https:\/\/ekmak.com\/fr\/wp-json\/wp\/v2\/types\/product"}],"wp:featuredmedia":[{"embeddable":true,"href":"https:\/\/ekmak.com\/fr\/wp-json\/wp\/v2\/media\/1758"}],"wp:attachment":[{"href":"https:\/\/ekmak.com\/fr\/wp-json\/wp\/v2\/media?parent=930"}],"wp:term":[{"taxonomy":"product_brand","embeddable":true,"href":"https:\/\/ekmak.com\/fr\/wp-json\/wp\/v2\/product_brand?post=930"},{"taxonomy":"product_cat","embeddable":true,"href":"https:\/\/ekmak.com\/fr\/wp-json\/wp\/v2\/product_cat?post=930"},{"taxonomy":"product_tag","embeddable":true,"href":"https:\/\/ekmak.com\/fr\/wp-json\/wp\/v2\/product_tag?post=930"}],"curies":[{"name":"wp","href":"https:\/\/api.w.org\/{rel}","templated":true}]}}