{"id":928,"date":"2020-03-10T22:00:17","date_gmt":"2020-03-10T19:00:17","guid":{"rendered":"http:\/\/ekmak.com\/y\/?post_type=product&#038;p=928"},"modified":"2020-09-15T16:41:33","modified_gmt":"2020-09-15T13:41:33","slug":"e-pmx60-planetary-pastry-mixer","status":"publish","type":"product","link":"https:\/\/ekmak.com\/fr\/product\/e-pmx60-planetary-pastry-mixer\/","title":{"rendered":"E-PMX60 Planetary Pastry Mixer"},"content":{"rendered":"<div class=\"wpb-content-wrapper\"><p>[vc_row][vc_column][vc_tta_tabs color=\u00a0\u00bbwhite\u00a0\u00bb active_section=\u00a0\u00bb\u00a0\u00bb][vc_tta_section title=\u00a0\u00bbLes pr\u00e9-requis techniques\u00a0\u00bb tab_id=\u00a0\u00bb1598526823219-549d69fa-870c\u00a0\u00bb][mk_table]<\/p>\n<table style=\"height: 459px;\" width=\"1201\">\n<thead>\n<tr>\n<th colspan=\"3\">M\u00e9langeur \u00e0 p\u00e2tisserie plan\u00e9taire<\/th>\n<\/tr>\n<\/thead>\n<tbody>\n<tr>\n<td><\/td>\n<td>Unite<\/td>\n<td>E-SPM 60<\/td>\n<\/tr>\n<tr>\n<td>Volume du bol<\/td>\n<td>lt<\/td>\n<td>60<\/td>\n<\/tr>\n<tr>\n<td>Connexion\u00a0\u00a0\u00a0\u00e9lectrique<\/td>\n<td><\/td>\n<td>380V \/50-60Hz \/ 3P+N<\/td>\n<\/tr>\n<tr>\n<td>Puissance<\/td>\n<td>kw<\/td>\n<td>1,8<\/td>\n<\/tr>\n<tr>\n<td>Les fonctions<\/td>\n<td><\/td>\n<td>Agitation-M\u00e9lange-P\u00e9trissage<\/td>\n<\/tr>\n<tr>\n<td>Mobilit\u00e9 du\u00a0\u00a0\u00a0bol<\/td>\n<td><\/td>\n<td>Amovible<\/td>\n<\/tr>\n<tr>\n<td>Vitesse de\u00a0\u00a0\u00a0rotation de la t\u00eate<\/td>\n<td>rpm<\/td>\n<td>55-110-120<\/td>\n<\/tr>\n<tr>\n<td>Vitesse de\u00a0\u00a0\u00a0brossage<\/td>\n<td>rpm<\/td>\n<td>140-280-560<\/td>\n<\/tr>\n<tr>\n<td>Syst\u00e8me de\u00a0\u00a0\u00a0contr\u00f4le<\/td>\n<td><\/td>\n<td>Analogique<\/td>\n<\/tr>\n<tr>\n<td>Contr\u00f4le du\u00a0\u00a0\u00a0temps<\/td>\n<td><\/td>\n<td>Interne<\/td>\n<\/tr>\n<tr>\n<td>Contr\u00f4le de\u00a0\u00a0\u00a0vitesse<\/td>\n<td><\/td>\n<td>3 vitesses<\/td>\n<\/tr>\n<tr>\n<td>Entr\u00e9e d&rsquo;eau<\/td>\n<td><\/td>\n<td>Externe<\/td>\n<\/tr>\n<tr>\n<td>Poids<\/td>\n<td>Kg<\/td>\n<td>240<\/td>\n<\/tr>\n<tr>\n<td>Dimensions\u00a0\u00a0\u00a0(largeur)<\/td>\n<td>cm<\/td>\n<td>65<\/td>\n<\/tr>\n<tr>\n<td>Profondeur de\u00a0\u00a0\u00a0la machine<\/td>\n<td>cm<\/td>\n<td>95<\/td>\n<\/tr>\n<tr>\n<td>Hauteur de la\u00a0\u00a0\u00a0machine<\/td>\n<td>cm<\/td>\n<td>140<\/td>\n<\/tr>\n<\/tbody>\n<\/table>\n<p>[\/mk_table][vc_column_text]<\/p>\n<p>[\/vc_column_text][\/vc_tta_section][\/vc_tta_tabs][\/vc_column][\/vc_row][vc_row][vc_column][vc_column_text]<\/p>\n<p>[\/vc_column_text][\/vc_column][\/vc_row]<\/p>\n<\/div>","protected":false},"excerpt":{"rendered":"<p><strong>E-PMX60 M\u00e9langeur \u00e0 p\u00e2tisserie plan\u00e9taire<br \/>\n<\/strong><\/p>\n<p>Les m\u00e9langeurs plan\u00e9taires sont id\u00e9aux pour m\u00e9langer et fouetter une vari\u00e9t\u00e9 de produits, des ingr\u00e9dients de p\u00e2tisserie aux desserts, des produits \u00e0 base de lait d&rsquo;\u0153uf, aux produits de levure et de cr\u00e8me.\u00a0 Alors que les mod\u00e8les contr\u00f4l\u00e9s analogiques chronom\u00e9tr\u00e9s soient largement pr\u00e9f\u00e9r\u00e9s,\u00a0 ils sont pratiques et faciles \u00e0 utiliser gr\u00e2ce \u00e0 la cuve et aux bras de m\u00e9lange facilement amovibles. Il est possible d&rsquo;utiliser des m\u00e9langeurs plan\u00e9taires, qui peuvent m\u00e9langer et fouetter \u00e0 diff\u00e9rentes vitesses, dans le processus de p\u00e9trissage d&rsquo;une petite quantit\u00e9 de p\u00e2te. Toutes les surfaces qui entrent en contact avec la p\u00e2te sont fabriqu\u00e9es en acier inoxydable en raison des normes sanitaires.<\/p>\n","protected":false},"featured_media":1769,"template":"","meta":[],"product_brand":[],"product_cat":[281,283],"product_tag":[324,291],"class_list":{"0":"post-928","1":"product","2":"type-product","3":"status-publish","4":"has-post-thumbnail","6":"product_cat-dough-kneading-machines","7":"product_cat-e-pmx-pastry-mixers","8":"product_tag-e-pmx60-planetary-pastry-mixer","9":"product_tag-ekmak","11":"first","12":"instock","13":"shipping-taxable","14":"product-type-simple"},"acf":[],"yoast_head":"<!-- This site is optimized with the Yoast SEO plugin v27.3 - https:\/\/yoast.com\/product\/yoast-seo-wordpress\/ -->\n<title>E-PMX60 Planetary Pastry Mixer<\/title>\n<meta name=\"robots\" content=\"index, follow, max-snippet:-1, max-image-preview:large, max-video-preview:-1\" \/>\n<link rel=\"canonical\" href=\"https:\/\/ekmak.com\/fr\/product\/e-pmx60-planetary-pastry-mixer\/\" \/>\n<meta property=\"og:locale\" content=\"fr_FR\" \/>\n<meta property=\"og:locale:alternate\" content=\"en_US\" \/>\n<meta property=\"og:locale:alternate\" content=\"ar\" \/>\n<meta property=\"og:locale:alternate\" content=\"ru_RU\" \/>\n<meta property=\"og:type\" content=\"article\" \/>\n<meta property=\"og:title\" content=\"E-PMX60 Planetary Pastry Mixer\" \/>\n<meta property=\"og:description\" content=\"E-PMX60 M\u00e9langeur \u00e0 p\u00e2tisserie plan\u00e9taire   Les m\u00e9langeurs plan\u00e9taires sont id\u00e9aux pour m\u00e9langer et fouetter une vari\u00e9t\u00e9 de produits, des ingr\u00e9dients de p\u00e2tisserie aux desserts, des produits \u00e0 base de lait d&#039;\u0153uf, aux produits de levure et de cr\u00e8me.\u00a0 Alors que les mod\u00e8les contr\u00f4l\u00e9s analogiques chronom\u00e9tr\u00e9s soient largement pr\u00e9f\u00e9r\u00e9s,\u00a0 ils sont pratiques et faciles \u00e0 utiliser gr\u00e2ce \u00e0 la cuve et aux bras de m\u00e9lange facilement amovibles. Il est possible d&#039;utiliser des m\u00e9langeurs plan\u00e9taires, qui peuvent m\u00e9langer et fouetter \u00e0 diff\u00e9rentes vitesses, dans le processus de p\u00e9trissage d&#039;une petite quantit\u00e9 de p\u00e2te. Toutes les surfaces qui entrent en contact avec la p\u00e2te sont fabriqu\u00e9es en acier inoxydable en raison des normes sanitaires.\" \/>\n<meta property=\"og:url\" content=\"https:\/\/ekmak.com\/fr\/product\/e-pmx60-planetary-pastry-mixer\/\" \/>\n<meta property=\"og:site_name\" content=\"Ekmak\" \/>\n<meta property=\"article:modified_time\" content=\"2020-09-15T13:41:33+00:00\" \/>\n<meta property=\"og:image\" content=\"https:\/\/ekmak.com\/wp-content\/uploads\/2020\/03\/e-hym150-catal-kollu-hamur-yogurma-kazani-1.jpg\" \/>\n\t<meta property=\"og:image:width\" content=\"1500\" \/>\n\t<meta property=\"og:image:height\" content=\"1500\" \/>\n\t<meta property=\"og:image:type\" content=\"image\/jpeg\" \/>\n<meta name=\"twitter:card\" content=\"summary_large_image\" \/>\n<meta name=\"twitter:label1\" content=\"Dur\u00e9e de lecture estim\u00e9e\" \/>\n\t<meta name=\"twitter:data1\" content=\"2 minutes\" \/>\n<script type=\"application\/ld+json\" class=\"yoast-schema-graph\">{\"@context\":\"https:\\\/\\\/schema.org\",\"@graph\":[{\"@type\":\"WebPage\",\"@id\":\"https:\\\/\\\/ekmak.com\\\/product\\\/e-pmx60-planetary-pastry-mixer\\\/\",\"url\":\"https:\\\/\\\/ekmak.com\\\/product\\\/e-pmx60-planetary-pastry-mixer\\\/\",\"name\":\"E-PMX60 Planetary Pastry Mixer\",\"isPartOf\":{\"@id\":\"https:\\\/\\\/ekmak.com\\\/#website\"},\"primaryImageOfPage\":{\"@id\":\"https:\\\/\\\/ekmak.com\\\/product\\\/e-pmx60-planetary-pastry-mixer\\\/#primaryimage\"},\"image\":{\"@id\":\"https:\\\/\\\/ekmak.com\\\/product\\\/e-pmx60-planetary-pastry-mixer\\\/#primaryimage\"},\"thumbnailUrl\":\"https:\\\/\\\/ekmak.com\\\/wp-content\\\/uploads\\\/2020\\\/03\\\/e-hym150-catal-kollu-hamur-yogurma-kazani-1.jpg\",\"datePublished\":\"2020-03-10T19:00:17+00:00\",\"dateModified\":\"2020-09-15T13:41:33+00:00\",\"breadcrumb\":{\"@id\":\"https:\\\/\\\/ekmak.com\\\/product\\\/e-pmx60-planetary-pastry-mixer\\\/#breadcrumb\"},\"inLanguage\":\"fr-FR\",\"potentialAction\":[{\"@type\":\"ReadAction\",\"target\":[\"https:\\\/\\\/ekmak.com\\\/product\\\/e-pmx60-planetary-pastry-mixer\\\/\"]}]},{\"@type\":\"ImageObject\",\"inLanguage\":\"fr-FR\",\"@id\":\"https:\\\/\\\/ekmak.com\\\/product\\\/e-pmx60-planetary-pastry-mixer\\\/#primaryimage\",\"url\":\"https:\\\/\\\/ekmak.com\\\/wp-content\\\/uploads\\\/2020\\\/03\\\/e-hym150-catal-kollu-hamur-yogurma-kazani-1.jpg\",\"contentUrl\":\"https:\\\/\\\/ekmak.com\\\/wp-content\\\/uploads\\\/2020\\\/03\\\/e-hym150-catal-kollu-hamur-yogurma-kazani-1.jpg\",\"width\":1500,\"height\":1500},{\"@type\":\"BreadcrumbList\",\"@id\":\"https:\\\/\\\/ekmak.com\\\/product\\\/e-pmx60-planetary-pastry-mixer\\\/#breadcrumb\",\"itemListElement\":[{\"@type\":\"ListItem\",\"position\":1,\"name\":\"Home\",\"item\":\"https:\\\/\\\/ekmak.com\\\/\"},{\"@type\":\"ListItem\",\"position\":2,\"name\":\"Products\",\"item\":\"https:\\\/\\\/ekmak.com\\\/fr\\\/products\\\/\"},{\"@type\":\"ListItem\",\"position\":3,\"name\":\"E-PMX60 Planetary Pastry Mixer\"}]},{\"@type\":\"WebSite\",\"@id\":\"https:\\\/\\\/ekmak.com\\\/#website\",\"url\":\"https:\\\/\\\/ekmak.com\\\/\",\"name\":\"Ekmak\",\"description\":\"Bakery Ovens and Bread Machines\",\"publisher\":{\"@id\":\"https:\\\/\\\/ekmak.com\\\/#organization\"},\"potentialAction\":[{\"@type\":\"SearchAction\",\"target\":{\"@type\":\"EntryPoint\",\"urlTemplate\":\"https:\\\/\\\/ekmak.com\\\/?s={search_term_string}\"},\"query-input\":{\"@type\":\"PropertyValueSpecification\",\"valueRequired\":true,\"valueName\":\"search_term_string\"}}],\"inLanguage\":\"fr-FR\"},{\"@type\":\"Organization\",\"@id\":\"https:\\\/\\\/ekmak.com\\\/#organization\",\"name\":\"Ekmak\",\"url\":\"https:\\\/\\\/ekmak.com\\\/\",\"logo\":{\"@type\":\"ImageObject\",\"inLanguage\":\"fr-FR\",\"@id\":\"https:\\\/\\\/ekmak.com\\\/#\\\/schema\\\/logo\\\/image\\\/\",\"url\":\"https:\\\/\\\/ekmak.com\\\/wp-content\\\/uploads\\\/2021\\\/05\\\/logoekmaksa.png\",\"contentUrl\":\"https:\\\/\\\/ekmak.com\\\/wp-content\\\/uploads\\\/2021\\\/05\\\/logoekmaksa.png\",\"width\":301,\"height\":95,\"caption\":\"Ekmak\"},\"image\":{\"@id\":\"https:\\\/\\\/ekmak.com\\\/#\\\/schema\\\/logo\\\/image\\\/\"}}]}<\/script>\n<!-- \/ Yoast SEO plugin. -->","yoast_head_json":{"title":"E-PMX60 Planetary Pastry Mixer","robots":{"index":"index","follow":"follow","max-snippet":"max-snippet:-1","max-image-preview":"max-image-preview:large","max-video-preview":"max-video-preview:-1"},"canonical":"https:\/\/ekmak.com\/fr\/product\/e-pmx60-planetary-pastry-mixer\/","og_locale":"fr_FR","og_type":"article","og_title":"[:en]E-PMX60 Planetary Pastry Mixer[:fr]E-PMX60 Planetary Pastry Mixer[:ru]E-PMX60 Planetary Pastry Mixer[:] - Ekmak","og_description":"E-PMX60 M\u00e9langeur \u00e0 p\u00e2tisserie plan\u00e9taire   Les m\u00e9langeurs plan\u00e9taires sont id\u00e9aux pour m\u00e9langer et fouetter une vari\u00e9t\u00e9 de produits, des ingr\u00e9dients de p\u00e2tisserie aux desserts, des produits \u00e0 base de lait d'\u0153uf, aux produits de levure et de cr\u00e8me.\u00a0 Alors que les mod\u00e8les contr\u00f4l\u00e9s analogiques chronom\u00e9tr\u00e9s soient largement pr\u00e9f\u00e9r\u00e9s,\u00a0 ils sont pratiques et faciles \u00e0 utiliser gr\u00e2ce \u00e0 la cuve et aux bras de m\u00e9lange facilement amovibles. Il est possible d'utiliser des m\u00e9langeurs plan\u00e9taires, qui peuvent m\u00e9langer et fouetter \u00e0 diff\u00e9rentes vitesses, dans le processus de p\u00e9trissage d'une petite quantit\u00e9 de p\u00e2te. Toutes les surfaces qui entrent en contact avec la p\u00e2te sont fabriqu\u00e9es en acier inoxydable en raison des normes sanitaires.","og_url":"https:\/\/ekmak.com\/fr\/product\/e-pmx60-planetary-pastry-mixer\/","og_site_name":"Ekmak","article_modified_time":"2020-09-15T13:41:33+00:00","og_image":[{"width":1500,"height":1500,"url":"https:\/\/ekmak.com\/wp-content\/uploads\/2020\/03\/e-hym150-catal-kollu-hamur-yogurma-kazani-1.jpg","type":"image\/jpeg"}],"twitter_card":"summary_large_image","twitter_misc":{"Dur\u00e9e de lecture estim\u00e9e":"2 minutes"},"schema":{"@context":"https:\/\/schema.org","@graph":[{"@type":"WebPage","@id":"https:\/\/ekmak.com\/product\/e-pmx60-planetary-pastry-mixer\/","url":"https:\/\/ekmak.com\/product\/e-pmx60-planetary-pastry-mixer\/","name":"E-PMX60 Planetary Pastry Mixer","isPartOf":{"@id":"https:\/\/ekmak.com\/#website"},"primaryImageOfPage":{"@id":"https:\/\/ekmak.com\/product\/e-pmx60-planetary-pastry-mixer\/#primaryimage"},"image":{"@id":"https:\/\/ekmak.com\/product\/e-pmx60-planetary-pastry-mixer\/#primaryimage"},"thumbnailUrl":"https:\/\/ekmak.com\/wp-content\/uploads\/2020\/03\/e-hym150-catal-kollu-hamur-yogurma-kazani-1.jpg","datePublished":"2020-03-10T19:00:17+00:00","dateModified":"2020-09-15T13:41:33+00:00","breadcrumb":{"@id":"https:\/\/ekmak.com\/product\/e-pmx60-planetary-pastry-mixer\/#breadcrumb"},"inLanguage":"fr-FR","potentialAction":[{"@type":"ReadAction","target":["https:\/\/ekmak.com\/product\/e-pmx60-planetary-pastry-mixer\/"]}]},{"@type":"ImageObject","inLanguage":"fr-FR","@id":"https:\/\/ekmak.com\/product\/e-pmx60-planetary-pastry-mixer\/#primaryimage","url":"https:\/\/ekmak.com\/wp-content\/uploads\/2020\/03\/e-hym150-catal-kollu-hamur-yogurma-kazani-1.jpg","contentUrl":"https:\/\/ekmak.com\/wp-content\/uploads\/2020\/03\/e-hym150-catal-kollu-hamur-yogurma-kazani-1.jpg","width":1500,"height":1500},{"@type":"BreadcrumbList","@id":"https:\/\/ekmak.com\/product\/e-pmx60-planetary-pastry-mixer\/#breadcrumb","itemListElement":[{"@type":"ListItem","position":1,"name":"Home","item":"https:\/\/ekmak.com\/"},{"@type":"ListItem","position":2,"name":"Products","item":"https:\/\/ekmak.com\/fr\/products\/"},{"@type":"ListItem","position":3,"name":"E-PMX60 Planetary Pastry Mixer"}]},{"@type":"WebSite","@id":"https:\/\/ekmak.com\/#website","url":"https:\/\/ekmak.com\/","name":"Ekmak","description":"Bakery Ovens and Bread Machines","publisher":{"@id":"https:\/\/ekmak.com\/#organization"},"potentialAction":[{"@type":"SearchAction","target":{"@type":"EntryPoint","urlTemplate":"https:\/\/ekmak.com\/?s={search_term_string}"},"query-input":{"@type":"PropertyValueSpecification","valueRequired":true,"valueName":"search_term_string"}}],"inLanguage":"fr-FR"},{"@type":"Organization","@id":"https:\/\/ekmak.com\/#organization","name":"Ekmak","url":"https:\/\/ekmak.com\/","logo":{"@type":"ImageObject","inLanguage":"fr-FR","@id":"https:\/\/ekmak.com\/#\/schema\/logo\/image\/","url":"https:\/\/ekmak.com\/wp-content\/uploads\/2021\/05\/logoekmaksa.png","contentUrl":"https:\/\/ekmak.com\/wp-content\/uploads\/2021\/05\/logoekmaksa.png","width":301,"height":95,"caption":"Ekmak"},"image":{"@id":"https:\/\/ekmak.com\/#\/schema\/logo\/image\/"}}]}},"_links":{"self":[{"href":"https:\/\/ekmak.com\/fr\/wp-json\/wp\/v2\/product\/928","targetHints":{"allow":["GET"]}}],"collection":[{"href":"https:\/\/ekmak.com\/fr\/wp-json\/wp\/v2\/product"}],"about":[{"href":"https:\/\/ekmak.com\/fr\/wp-json\/wp\/v2\/types\/product"}],"wp:featuredmedia":[{"embeddable":true,"href":"https:\/\/ekmak.com\/fr\/wp-json\/wp\/v2\/media\/1769"}],"wp:attachment":[{"href":"https:\/\/ekmak.com\/fr\/wp-json\/wp\/v2\/media?parent=928"}],"wp:term":[{"taxonomy":"product_brand","embeddable":true,"href":"https:\/\/ekmak.com\/fr\/wp-json\/wp\/v2\/product_brand?post=928"},{"taxonomy":"product_cat","embeddable":true,"href":"https:\/\/ekmak.com\/fr\/wp-json\/wp\/v2\/product_cat?post=928"},{"taxonomy":"product_tag","embeddable":true,"href":"https:\/\/ekmak.com\/fr\/wp-json\/wp\/v2\/product_tag?post=928"}],"curies":[{"name":"wp","href":"https:\/\/api.w.org\/{rel}","templated":true}]}}