{"id":923,"date":"2020-03-09T22:10:42","date_gmt":"2020-03-09T19:10:42","guid":{"rendered":"http:\/\/ekmak.com\/y\/?post_type=product&#038;p=923"},"modified":"2020-09-15T17:10:11","modified_gmt":"2020-09-15T14:10:11","slug":"e-ymk-dough-rounder-machine","status":"publish","type":"product","link":"https:\/\/ekmak.com\/fr\/product\/e-ymk-dough-rounder-machine\/","title":{"rendered":"E-YMK Dough Rounder Machine"},"content":{"rendered":"<div class=\"wpb-content-wrapper\"><p>[vc_row][vc_column][vc_tta_tabs color=\u00a0\u00bbwhite\u00a0\u00bb active_section=\u00a0\u00bb\u00a0\u00bb][vc_tta_section title=\u00a0\u00bbLes pr\u00e9-requis techniques\u00a0\u00bb tab_id=\u00a0\u00bb1598526823219-549d69fa-870c\u00a0\u00bb][mk_table]<\/p>\n<table>\n<thead>\n<tr>\n<th colspan=\"3\">Machine\u00a0\u00a0\u00a0\u00e0 arrondir la p\u00e2te<\/th>\n<\/tr>\n<\/thead>\n<tbody>\n<tr>\n<td><\/td>\n<td>Unit\u00e9<\/td>\n<td>E-YMK<\/td>\n<\/tr>\n<tr>\n<td>Capacit\u00e9\u00a0\u00a0\u00a0d&rsquo;arrondi<\/td>\n<td>Pcs\/hr<\/td>\n<td>1000-4000<\/td>\n<\/tr>\n<tr>\n<td>Grammage\u00a0\u00a0\u00a0\u0130nterval<\/td>\n<td>gr<\/td>\n<td>50-250<\/td>\n<\/tr>\n<tr>\n<td>Connexion\u00a0\u00a0\u00a0\u00e9lectrique<\/td>\n<td><\/td>\n<td>380V\u00a0\u00a0\u00a0\/50-60Hz \/ 3P+N<\/td>\n<\/tr>\n<tr>\n<td>Puissance<\/td>\n<td>kw<\/td>\n<td>1,5<\/td>\n<\/tr>\n<tr>\n<td>Hauteur\u00a0\u00a0\u00a0d&rsquo;entr\u00e9e de la p\u00e2te<\/td>\n<td>cm<\/td>\n<td>90<\/td>\n<\/tr>\n<tr>\n<td>Hauteur de\u00a0\u00a0\u00a0sortie de la p\u00e2te<\/td>\n<td>cm<\/td>\n<td>100<\/td>\n<\/tr>\n<tr>\n<td>Surface<\/td>\n<td>Canal et c\u00f4ne en\u00a0\u00a0\u00a0aluminium<\/td>\n<td>Aluminium<\/td>\n<\/tr>\n<tr>\n<td>\u00c9pousseter la\u00a0\u00a0\u00a0farine<\/td>\n<td>capacit\u00e92kg Inclus<\/td>\n<td>Included<\/td>\n<\/tr>\n<tr>\n<td>Poids<\/td>\n<td>Kg<\/td>\n<td>200<\/td>\n<\/tr>\n<tr>\n<td>Dimensions\u00a0\u00a0\u00a0(largeur)<\/td>\n<td>cm<\/td>\n<td>100<\/td>\n<\/tr>\n<tr>\n<td>Profondeur de\u00a0\u00a0\u00a0la machine<\/td>\n<td>cm<\/td>\n<td>100<\/td>\n<\/tr>\n<tr>\n<td>Hauteur de la\u00a0\u00a0\u00a0machine<\/td>\n<td>cm<\/td>\n<td>160<\/td>\n<\/tr>\n<\/tbody>\n<\/table>\n<p>[\/mk_table][vc_column_text]<\/p>\n<p>[\/vc_column_text][\/vc_tta_section][\/vc_tta_tabs][\/vc_column][\/vc_row]<\/p>\n<\/div>","protected":false},"excerpt":{"rendered":"<p><strong>E-YMK Machine \u00e0 arrondir la p\u00e2te<br \/>\n<\/strong><\/p>\n<p>Les p\u00e2tes de structure et de duret\u00e9 diff\u00e9rentes doivent \u00eatre transform\u00e9es en boules de p\u00e2te pour une forme correcte du produit final en donnant une forme ronde avant la mise en forme ou le repos.\u00a0 La machine \u00e0 arrondir la p\u00e2te, qui fournit le processus d&rsquo;arrondissage avec l&rsquo;avancement de la p\u00e2te le long de la surface conique dans des canaux concaves, vous permet d&rsquo;obtenir des boules de p\u00e2te \u00e0 surface lisse. Afin d&#8217;emp\u00eacher la p\u00e2te de coller \u00e0 la surface de la machine, un rev\u00eatement en t\u00e9flon peut \u00eatre appliqu\u00e9 sur les canaux de p\u00e2te et les surfaces de contact sur demande.\u00a0 Gr\u00e2ce \u00e0 sa structure facile \u00e0 nettoyer, son utilisation pratique et sa durabilit\u00e9, le risque de dysfonctionnement et d&rsquo;entretien est minime.\u00a0 La machine \u00e0 arrondir conique en acier inoxydable sera votre plus grand assistant pour obtenir une p\u00e2te ronde parfaite quel que soit votre type de p\u00e2te.<\/p>\n","protected":false},"featured_media":1777,"template":"","meta":[],"product_brand":[],"product_cat":[272,275],"product_tag":[329,291],"class_list":{"0":"post-923","1":"product","2":"type-product","3":"status-publish","4":"has-post-thumbnail","6":"product_cat-dough-processing-machines","7":"product_cat-dough-rounder-machines","8":"product_tag-e-ymk-dough-rounder-machine","9":"product_tag-ekmak","11":"first","12":"instock","13":"shipping-taxable","14":"product-type-simple"},"acf":[],"yoast_head":"<!-- This site is optimized with the Yoast SEO plugin v27.3 - https:\/\/yoast.com\/product\/yoast-seo-wordpress\/ -->\n<title>E-YMK Dough Rounder Machine<\/title>\n<meta name=\"robots\" content=\"index, follow, max-snippet:-1, max-image-preview:large, max-video-preview:-1\" \/>\n<link rel=\"canonical\" href=\"https:\/\/ekmak.com\/fr\/product\/e-ymk-dough-rounder-machine\/\" \/>\n<meta property=\"og:locale\" content=\"fr_FR\" \/>\n<meta property=\"og:locale:alternate\" content=\"en_US\" \/>\n<meta property=\"og:locale:alternate\" content=\"ar\" \/>\n<meta property=\"og:locale:alternate\" content=\"ru_RU\" \/>\n<meta property=\"og:type\" content=\"article\" \/>\n<meta property=\"og:title\" content=\"E-YMK Dough Rounder Machine\" \/>\n<meta property=\"og:description\" content=\"E-YMK Machine \u00e0 arrondir la p\u00e2te   Les p\u00e2tes de structure et de duret\u00e9 diff\u00e9rentes doivent \u00eatre transform\u00e9es en boules de p\u00e2te pour une forme correcte du produit final en donnant une forme ronde avant la mise en forme ou le repos.\u00a0 La machine \u00e0 arrondir la p\u00e2te, qui fournit le processus d&#039;arrondissage avec l&#039;avancement de la p\u00e2te le long de la surface conique dans des canaux concaves, vous permet d&#039;obtenir des boules de p\u00e2te \u00e0 surface lisse. Afin d&#039;emp\u00eacher la p\u00e2te de coller \u00e0 la surface de la machine, un rev\u00eatement en t\u00e9flon peut \u00eatre appliqu\u00e9 sur les canaux de p\u00e2te et les surfaces de contact sur demande.\u00a0 Gr\u00e2ce \u00e0 sa structure facile \u00e0 nettoyer, son utilisation pratique et sa durabilit\u00e9, le risque de dysfonctionnement et d&#039;entretien est minime.\u00a0 La machine \u00e0 arrondir conique en acier inoxydable sera votre plus grand assistant pour obtenir une p\u00e2te ronde parfaite quel que soit votre type de p\u00e2te.\" \/>\n<meta property=\"og:url\" content=\"https:\/\/ekmak.com\/fr\/product\/e-ymk-dough-rounder-machine\/\" \/>\n<meta property=\"og:site_name\" content=\"Ekmak\" \/>\n<meta property=\"article:modified_time\" content=\"2020-09-15T14:10:11+00:00\" \/>\n<meta property=\"og:image\" content=\"https:\/\/ekmak.com\/wp-content\/uploads\/2020\/03\/e-ymk-hamur-yuvarlama-makinesi-kucuk-gram.jpg\" \/>\n\t<meta property=\"og:image:width\" content=\"1500\" \/>\n\t<meta property=\"og:image:height\" content=\"1500\" \/>\n\t<meta property=\"og:image:type\" content=\"image\/jpeg\" \/>\n<meta name=\"twitter:card\" content=\"summary_large_image\" \/>\n<meta name=\"twitter:label1\" content=\"Dur\u00e9e de lecture estim\u00e9e\" \/>\n\t<meta name=\"twitter:data1\" content=\"1 minute\" \/>\n<script type=\"application\/ld+json\" class=\"yoast-schema-graph\">{\"@context\":\"https:\\\/\\\/schema.org\",\"@graph\":[{\"@type\":\"WebPage\",\"@id\":\"https:\\\/\\\/ekmak.com\\\/product\\\/e-ymk-dough-rounder-machine\\\/\",\"url\":\"https:\\\/\\\/ekmak.com\\\/product\\\/e-ymk-dough-rounder-machine\\\/\",\"name\":\"E-YMK Dough Rounder Machine\",\"isPartOf\":{\"@id\":\"https:\\\/\\\/ekmak.com\\\/#website\"},\"primaryImageOfPage\":{\"@id\":\"https:\\\/\\\/ekmak.com\\\/product\\\/e-ymk-dough-rounder-machine\\\/#primaryimage\"},\"image\":{\"@id\":\"https:\\\/\\\/ekmak.com\\\/product\\\/e-ymk-dough-rounder-machine\\\/#primaryimage\"},\"thumbnailUrl\":\"https:\\\/\\\/ekmak.com\\\/wp-content\\\/uploads\\\/2020\\\/03\\\/e-ymk-hamur-yuvarlama-makinesi-kucuk-gram.jpg\",\"datePublished\":\"2020-03-09T19:10:42+00:00\",\"dateModified\":\"2020-09-15T14:10:11+00:00\",\"breadcrumb\":{\"@id\":\"https:\\\/\\\/ekmak.com\\\/product\\\/e-ymk-dough-rounder-machine\\\/#breadcrumb\"},\"inLanguage\":\"fr-FR\",\"potentialAction\":[{\"@type\":\"ReadAction\",\"target\":[\"https:\\\/\\\/ekmak.com\\\/product\\\/e-ymk-dough-rounder-machine\\\/\"]}]},{\"@type\":\"ImageObject\",\"inLanguage\":\"fr-FR\",\"@id\":\"https:\\\/\\\/ekmak.com\\\/product\\\/e-ymk-dough-rounder-machine\\\/#primaryimage\",\"url\":\"https:\\\/\\\/ekmak.com\\\/wp-content\\\/uploads\\\/2020\\\/03\\\/e-ymk-hamur-yuvarlama-makinesi-kucuk-gram.jpg\",\"contentUrl\":\"https:\\\/\\\/ekmak.com\\\/wp-content\\\/uploads\\\/2020\\\/03\\\/e-ymk-hamur-yuvarlama-makinesi-kucuk-gram.jpg\",\"width\":1500,\"height\":1500},{\"@type\":\"BreadcrumbList\",\"@id\":\"https:\\\/\\\/ekmak.com\\\/product\\\/e-ymk-dough-rounder-machine\\\/#breadcrumb\",\"itemListElement\":[{\"@type\":\"ListItem\",\"position\":1,\"name\":\"Home\",\"item\":\"https:\\\/\\\/ekmak.com\\\/\"},{\"@type\":\"ListItem\",\"position\":2,\"name\":\"Products\",\"item\":\"https:\\\/\\\/ekmak.com\\\/fr\\\/products\\\/\"},{\"@type\":\"ListItem\",\"position\":3,\"name\":\"E-YMK Dough Rounder Machine\"}]},{\"@type\":\"WebSite\",\"@id\":\"https:\\\/\\\/ekmak.com\\\/#website\",\"url\":\"https:\\\/\\\/ekmak.com\\\/\",\"name\":\"Ekmak\",\"description\":\"Bakery Ovens and Bread Machines\",\"publisher\":{\"@id\":\"https:\\\/\\\/ekmak.com\\\/#organization\"},\"potentialAction\":[{\"@type\":\"SearchAction\",\"target\":{\"@type\":\"EntryPoint\",\"urlTemplate\":\"https:\\\/\\\/ekmak.com\\\/?s={search_term_string}\"},\"query-input\":{\"@type\":\"PropertyValueSpecification\",\"valueRequired\":true,\"valueName\":\"search_term_string\"}}],\"inLanguage\":\"fr-FR\"},{\"@type\":\"Organization\",\"@id\":\"https:\\\/\\\/ekmak.com\\\/#organization\",\"name\":\"Ekmak\",\"url\":\"https:\\\/\\\/ekmak.com\\\/\",\"logo\":{\"@type\":\"ImageObject\",\"inLanguage\":\"fr-FR\",\"@id\":\"https:\\\/\\\/ekmak.com\\\/#\\\/schema\\\/logo\\\/image\\\/\",\"url\":\"https:\\\/\\\/ekmak.com\\\/wp-content\\\/uploads\\\/2021\\\/05\\\/logoekmaksa.png\",\"contentUrl\":\"https:\\\/\\\/ekmak.com\\\/wp-content\\\/uploads\\\/2021\\\/05\\\/logoekmaksa.png\",\"width\":301,\"height\":95,\"caption\":\"Ekmak\"},\"image\":{\"@id\":\"https:\\\/\\\/ekmak.com\\\/#\\\/schema\\\/logo\\\/image\\\/\"}}]}<\/script>\n<!-- \/ Yoast SEO plugin. -->","yoast_head_json":{"title":"E-YMK Dough Rounder Machine","robots":{"index":"index","follow":"follow","max-snippet":"max-snippet:-1","max-image-preview":"max-image-preview:large","max-video-preview":"max-video-preview:-1"},"canonical":"https:\/\/ekmak.com\/fr\/product\/e-ymk-dough-rounder-machine\/","og_locale":"fr_FR","og_type":"article","og_title":"[:en]E-YMK Dough Rounder Machine[:fr]E-YMK Dough Rounder Machine[:ru]E-YMK Dough Rounder Machine[:] - Ekmak","og_description":"E-YMK Machine \u00e0 arrondir la p\u00e2te   Les p\u00e2tes de structure et de duret\u00e9 diff\u00e9rentes doivent \u00eatre transform\u00e9es en boules de p\u00e2te pour une forme correcte du produit final en donnant une forme ronde avant la mise en forme ou le repos.\u00a0 La machine \u00e0 arrondir la p\u00e2te, qui fournit le processus d'arrondissage avec l'avancement de la p\u00e2te le long de la surface conique dans des canaux concaves, vous permet d'obtenir des boules de p\u00e2te \u00e0 surface lisse. Afin d'emp\u00eacher la p\u00e2te de coller \u00e0 la surface de la machine, un rev\u00eatement en t\u00e9flon peut \u00eatre appliqu\u00e9 sur les canaux de p\u00e2te et les surfaces de contact sur demande.\u00a0 Gr\u00e2ce \u00e0 sa structure facile \u00e0 nettoyer, son utilisation pratique et sa durabilit\u00e9, le risque de dysfonctionnement et d'entretien est minime.\u00a0 La machine \u00e0 arrondir conique en acier inoxydable sera votre plus grand assistant pour obtenir une p\u00e2te ronde parfaite quel que soit votre type de p\u00e2te.","og_url":"https:\/\/ekmak.com\/fr\/product\/e-ymk-dough-rounder-machine\/","og_site_name":"Ekmak","article_modified_time":"2020-09-15T14:10:11+00:00","og_image":[{"width":1500,"height":1500,"url":"https:\/\/ekmak.com\/wp-content\/uploads\/2020\/03\/e-ymk-hamur-yuvarlama-makinesi-kucuk-gram.jpg","type":"image\/jpeg"}],"twitter_card":"summary_large_image","twitter_misc":{"Dur\u00e9e de lecture estim\u00e9e":"1 minute"},"schema":{"@context":"https:\/\/schema.org","@graph":[{"@type":"WebPage","@id":"https:\/\/ekmak.com\/product\/e-ymk-dough-rounder-machine\/","url":"https:\/\/ekmak.com\/product\/e-ymk-dough-rounder-machine\/","name":"E-YMK Dough Rounder Machine","isPartOf":{"@id":"https:\/\/ekmak.com\/#website"},"primaryImageOfPage":{"@id":"https:\/\/ekmak.com\/product\/e-ymk-dough-rounder-machine\/#primaryimage"},"image":{"@id":"https:\/\/ekmak.com\/product\/e-ymk-dough-rounder-machine\/#primaryimage"},"thumbnailUrl":"https:\/\/ekmak.com\/wp-content\/uploads\/2020\/03\/e-ymk-hamur-yuvarlama-makinesi-kucuk-gram.jpg","datePublished":"2020-03-09T19:10:42+00:00","dateModified":"2020-09-15T14:10:11+00:00","breadcrumb":{"@id":"https:\/\/ekmak.com\/product\/e-ymk-dough-rounder-machine\/#breadcrumb"},"inLanguage":"fr-FR","potentialAction":[{"@type":"ReadAction","target":["https:\/\/ekmak.com\/product\/e-ymk-dough-rounder-machine\/"]}]},{"@type":"ImageObject","inLanguage":"fr-FR","@id":"https:\/\/ekmak.com\/product\/e-ymk-dough-rounder-machine\/#primaryimage","url":"https:\/\/ekmak.com\/wp-content\/uploads\/2020\/03\/e-ymk-hamur-yuvarlama-makinesi-kucuk-gram.jpg","contentUrl":"https:\/\/ekmak.com\/wp-content\/uploads\/2020\/03\/e-ymk-hamur-yuvarlama-makinesi-kucuk-gram.jpg","width":1500,"height":1500},{"@type":"BreadcrumbList","@id":"https:\/\/ekmak.com\/product\/e-ymk-dough-rounder-machine\/#breadcrumb","itemListElement":[{"@type":"ListItem","position":1,"name":"Home","item":"https:\/\/ekmak.com\/"},{"@type":"ListItem","position":2,"name":"Products","item":"https:\/\/ekmak.com\/fr\/products\/"},{"@type":"ListItem","position":3,"name":"E-YMK Dough Rounder Machine"}]},{"@type":"WebSite","@id":"https:\/\/ekmak.com\/#website","url":"https:\/\/ekmak.com\/","name":"Ekmak","description":"Bakery Ovens and Bread Machines","publisher":{"@id":"https:\/\/ekmak.com\/#organization"},"potentialAction":[{"@type":"SearchAction","target":{"@type":"EntryPoint","urlTemplate":"https:\/\/ekmak.com\/?s={search_term_string}"},"query-input":{"@type":"PropertyValueSpecification","valueRequired":true,"valueName":"search_term_string"}}],"inLanguage":"fr-FR"},{"@type":"Organization","@id":"https:\/\/ekmak.com\/#organization","name":"Ekmak","url":"https:\/\/ekmak.com\/","logo":{"@type":"ImageObject","inLanguage":"fr-FR","@id":"https:\/\/ekmak.com\/#\/schema\/logo\/image\/","url":"https:\/\/ekmak.com\/wp-content\/uploads\/2021\/05\/logoekmaksa.png","contentUrl":"https:\/\/ekmak.com\/wp-content\/uploads\/2021\/05\/logoekmaksa.png","width":301,"height":95,"caption":"Ekmak"},"image":{"@id":"https:\/\/ekmak.com\/#\/schema\/logo\/image\/"}}]}},"_links":{"self":[{"href":"https:\/\/ekmak.com\/fr\/wp-json\/wp\/v2\/product\/923","targetHints":{"allow":["GET"]}}],"collection":[{"href":"https:\/\/ekmak.com\/fr\/wp-json\/wp\/v2\/product"}],"about":[{"href":"https:\/\/ekmak.com\/fr\/wp-json\/wp\/v2\/types\/product"}],"wp:featuredmedia":[{"embeddable":true,"href":"https:\/\/ekmak.com\/fr\/wp-json\/wp\/v2\/media\/1777"}],"wp:attachment":[{"href":"https:\/\/ekmak.com\/fr\/wp-json\/wp\/v2\/media?parent=923"}],"wp:term":[{"taxonomy":"product_brand","embeddable":true,"href":"https:\/\/ekmak.com\/fr\/wp-json\/wp\/v2\/product_brand?post=923"},{"taxonomy":"product_cat","embeddable":true,"href":"https:\/\/ekmak.com\/fr\/wp-json\/wp\/v2\/product_cat?post=923"},{"taxonomy":"product_tag","embeddable":true,"href":"https:\/\/ekmak.com\/fr\/wp-json\/wp\/v2\/product_tag?post=923"}],"curies":[{"name":"wp","href":"https:\/\/api.w.org\/{rel}","templated":true}]}}