{"id":918,"date":"2020-03-09T22:07:27","date_gmt":"2020-03-09T19:07:27","guid":{"rendered":"http:\/\/ekmak.com\/y\/?post_type=product&#038;p=918"},"modified":"2020-09-15T17:56:28","modified_gmt":"2020-09-15T14:56:28","slug":"e-dm280-intermediate-proofer","status":"publish","type":"product","link":"https:\/\/ekmak.com\/fr\/product\/e-dm280-intermediate-proofer\/","title":{"rendered":"E-DM280 Intermediate Proofer"},"content":{"rendered":"<div class=\"wpb-content-wrapper\"><p>[vc_row][vc_column][vc_tta_tabs color=\u00a0\u00bbwhite\u00a0\u00bb active_section=\u00a0\u00bb\u00a0\u00bb][vc_tta_section title=\u00a0\u00bbLes pr\u00e9-requis techniques\u00a0\u00bb tab_id=\u00a0\u00bb1598526823219-549d69fa-870c\u00a0\u00bb][mk_table]<\/p>\n<table style=\"height: 545px;\" width=\"1200\">\n<thead>\n<tr>\n<th colspan=\"3\">\u00c9prouveur\u00a0\u00a0\u00a0interm\u00e9diaire<\/th>\n<\/tr>\n<\/thead>\n<tbody>\n<tr>\n<td><\/td>\n<td>Unit\u00e9<\/td>\n<td>E-DM 280<\/td>\n<\/tr>\n<tr>\n<td>Capacit\u00e9<\/td>\n<td>Pcs\/hr<\/td>\n<td>1500<\/td>\n<\/tr>\n<tr>\n<td>Nombre de\u00a0\u00a0\u00a0poches<\/td>\n<td>Pcs<\/td>\n<td>280<\/td>\n<\/tr>\n<tr>\n<td>Temps\u00a0\u00a0\u00a0d&rsquo;\u00e9preuvage<\/td>\n<td>min<\/td>\n<td>5-7<\/td>\n<\/tr>\n<tr>\n<td>Nombre de\u00a0\u00a0\u00a0tours<\/td>\n<td><\/td>\n<td>7<\/td>\n<\/tr>\n<tr>\n<td>Intervalle de\u00a0\u00a0\u00a0grammage<\/td>\n<td>gr<\/td>\n<td>100-1000<\/td>\n<\/tr>\n<tr>\n<td>Connexion\u00a0\u00a0\u00a0\u00e9lectrique<\/td>\n<td><\/td>\n<td>380V\u00a0\u00a0\u00a0\/50-60Hz \/ 3P+N<\/td>\n<\/tr>\n<tr>\n<td>Puissance<\/td>\n<td>kw<\/td>\n<td>0,55<\/td>\n<\/tr>\n<tr>\n<td>Hauteur\u00a0\u00a0\u00a0d&rsquo;entr\u00e9e de la p\u00e2te<\/td>\n<td>cm<\/td>\n<td>100<\/td>\n<\/tr>\n<tr>\n<td>Hauteur de\u00a0\u00a0\u00a0sortie de la p\u00e2te<\/td>\n<td>cm<\/td>\n<td>100<\/td>\n<\/tr>\n<tr>\n<td>Diam\u00e8tre de\u00a0\u00a0\u00a0poche<\/td>\n<td>cm<\/td>\n<td>16<\/td>\n<\/tr>\n<tr>\n<td>\u00c9pousseter la\u00a0\u00a0\u00a0farine<\/td>\n<td><\/td>\n<td>Inclus<\/td>\n<\/tr>\n<tr>\n<td>Poids<\/td>\n<td>Kg<\/td>\n<td>800<\/td>\n<\/tr>\n<tr>\n<td>Dimensions\u00a0\u00a0\u00a0(largeur)<\/td>\n<td>cm<\/td>\n<td>160<\/td>\n<\/tr>\n<tr>\n<td>Profondeur de\u00a0\u00a0\u00a0la machine<\/td>\n<td>cm<\/td>\n<td>170<\/td>\n<\/tr>\n<tr>\n<td>Hauteur de la\u00a0\u00a0\u00a0machine<\/td>\n<td>cm<\/td>\n<td>220<\/td>\n<\/tr>\n<\/tbody>\n<\/table>\n<p>[\/mk_table][vc_column_text]<\/p>\n<p>[\/vc_column_text][\/vc_tta_section][\/vc_tta_tabs][\/vc_column][\/vc_row]<\/p>\n<\/div>","protected":false},"excerpt":{"rendered":"<p><strong>E-DM280 \u00c9prouveur interm\u00e9diaire<br \/>\n<\/strong><\/p>\n<p>Les machines de repos interm\u00e9diaires Ekmak garantissent que la p\u00e2te qui est coup\u00e9e et arrondie en fonction de son poids est repos\u00e9e pendant le temps requis et que la p\u00e2te se d\u00e9veloppe correctement avant le traitement. Il existe diff\u00e9rents mod\u00e8les pour diff\u00e9rents poids, types de p\u00e2te et capacit\u00e9s. Il s&rsquo;agit d&rsquo;une machine modulaire car la direction d&rsquo;entr\u00e9e et de sortie peut \u00eatre modifi\u00e9e en fonction des exigences de la zone de travail. Les bols dans lesquels la p\u00e2te repose sont sp\u00e9cialement fabriqu\u00e9s en plastique, qui ne contient pas de substances nocives pour la sant\u00e9 humaine. Ces machines, toutes con\u00e7ues en acier inoxydable, offrent un nettoyage facile et une production hygi\u00e9nique avec des bols en plastique amovibles. Les syst\u00e8mes de repos interm\u00e9diaires fonctionnant int\u00e9gr\u00e9s \u00e0 la machine \u00e0 arrondir et \u00e0 fa\u00e7onner sont des \u00e9quipements critiques car ils sont importants en termes de qualit\u00e9 et de facilit\u00e9 de traitement de la p\u00e2te finale.<\/p>\n","protected":false},"featured_media":1782,"template":"","meta":[],"product_brand":[],"product_cat":[272,273],"product_tag":[],"class_list":{"0":"post-918","1":"product","2":"type-product","3":"status-publish","4":"has-post-thumbnail","6":"product_cat-dough-processing-machines","7":"product_cat-dough-proofer-machines","9":"first","10":"instock","11":"shipping-taxable","12":"product-type-simple"},"acf":[],"yoast_head":"<!-- This site is optimized with the Yoast SEO plugin v27.3 - https:\/\/yoast.com\/product\/yoast-seo-wordpress\/ -->\n<title>E-DM280 Intermediate Proofer<\/title>\n<meta name=\"robots\" content=\"index, follow, max-snippet:-1, max-image-preview:large, max-video-preview:-1\" \/>\n<link rel=\"canonical\" href=\"https:\/\/ekmak.com\/fr\/product\/e-dm280-intermediate-proofer\/\" \/>\n<meta property=\"og:locale\" content=\"fr_FR\" \/>\n<meta property=\"og:locale:alternate\" content=\"en_US\" \/>\n<meta property=\"og:locale:alternate\" content=\"ar\" \/>\n<meta property=\"og:locale:alternate\" content=\"ru_RU\" \/>\n<meta property=\"og:type\" content=\"article\" \/>\n<meta property=\"og:title\" content=\"E-DM280 Intermediate Proofer\" \/>\n<meta property=\"og:description\" content=\"E-DM280 \u00c9prouveur interm\u00e9diaire   Les machines de repos interm\u00e9diaires Ekmak garantissent que la p\u00e2te qui est coup\u00e9e et arrondie en fonction de son poids est repos\u00e9e pendant le temps requis et que la p\u00e2te se d\u00e9veloppe correctement avant le traitement. Il existe diff\u00e9rents mod\u00e8les pour diff\u00e9rents poids, types de p\u00e2te et capacit\u00e9s. Il s&#039;agit d&#039;une machine modulaire car la direction d&#039;entr\u00e9e et de sortie peut \u00eatre modifi\u00e9e en fonction des exigences de la zone de travail. Les bols dans lesquels la p\u00e2te repose sont sp\u00e9cialement fabriqu\u00e9s en plastique, qui ne contient pas de substances nocives pour la sant\u00e9 humaine. Ces machines, toutes con\u00e7ues en acier inoxydable, offrent un nettoyage facile et une production hygi\u00e9nique avec des bols en plastique amovibles. Les syst\u00e8mes de repos interm\u00e9diaires fonctionnant int\u00e9gr\u00e9s \u00e0 la machine \u00e0 arrondir et \u00e0 fa\u00e7onner sont des \u00e9quipements critiques car ils sont importants en termes de qualit\u00e9 et de facilit\u00e9 de traitement de la p\u00e2te finale.\" \/>\n<meta property=\"og:url\" content=\"https:\/\/ekmak.com\/fr\/product\/e-dm280-intermediate-proofer\/\" \/>\n<meta property=\"og:site_name\" content=\"Ekmak\" \/>\n<meta property=\"article:modified_time\" content=\"2020-09-15T14:56:28+00:00\" \/>\n<meta property=\"og:image\" content=\"https:\/\/ekmak.com\/wp-content\/uploads\/2020\/03\/e-dm280-ara-dinlendirme-makinesi.jpg\" \/>\n\t<meta property=\"og:image:width\" content=\"1500\" \/>\n\t<meta property=\"og:image:height\" content=\"1500\" \/>\n\t<meta property=\"og:image:type\" content=\"image\/jpeg\" \/>\n<meta name=\"twitter:card\" content=\"summary_large_image\" \/>\n<meta name=\"twitter:label1\" content=\"Dur\u00e9e de lecture estim\u00e9e\" \/>\n\t<meta name=\"twitter:data1\" content=\"1 minute\" \/>\n<script type=\"application\/ld+json\" class=\"yoast-schema-graph\">{\"@context\":\"https:\\\/\\\/schema.org\",\"@graph\":[{\"@type\":\"WebPage\",\"@id\":\"https:\\\/\\\/ekmak.com\\\/ru\\\/product\\\/e-dm280-intermediate-proofer\\\/\",\"url\":\"https:\\\/\\\/ekmak.com\\\/ru\\\/product\\\/e-dm280-intermediate-proofer\\\/\",\"name\":\"E-DM280 Intermediate Proofer\",\"isPartOf\":{\"@id\":\"https:\\\/\\\/ekmak.com\\\/#website\"},\"primaryImageOfPage\":{\"@id\":\"https:\\\/\\\/ekmak.com\\\/ru\\\/product\\\/e-dm280-intermediate-proofer\\\/#primaryimage\"},\"image\":{\"@id\":\"https:\\\/\\\/ekmak.com\\\/ru\\\/product\\\/e-dm280-intermediate-proofer\\\/#primaryimage\"},\"thumbnailUrl\":\"https:\\\/\\\/ekmak.com\\\/wp-content\\\/uploads\\\/2020\\\/03\\\/e-dm280-ara-dinlendirme-makinesi.jpg\",\"datePublished\":\"2020-03-09T19:07:27+00:00\",\"dateModified\":\"2020-09-15T14:56:28+00:00\",\"breadcrumb\":{\"@id\":\"https:\\\/\\\/ekmak.com\\\/ru\\\/product\\\/e-dm280-intermediate-proofer\\\/#breadcrumb\"},\"inLanguage\":\"fr-FR\",\"potentialAction\":[{\"@type\":\"ReadAction\",\"target\":[\"https:\\\/\\\/ekmak.com\\\/ru\\\/product\\\/e-dm280-intermediate-proofer\\\/\"]}]},{\"@type\":\"ImageObject\",\"inLanguage\":\"fr-FR\",\"@id\":\"https:\\\/\\\/ekmak.com\\\/ru\\\/product\\\/e-dm280-intermediate-proofer\\\/#primaryimage\",\"url\":\"https:\\\/\\\/ekmak.com\\\/wp-content\\\/uploads\\\/2020\\\/03\\\/e-dm280-ara-dinlendirme-makinesi.jpg\",\"contentUrl\":\"https:\\\/\\\/ekmak.com\\\/wp-content\\\/uploads\\\/2020\\\/03\\\/e-dm280-ara-dinlendirme-makinesi.jpg\",\"width\":1500,\"height\":1500},{\"@type\":\"BreadcrumbList\",\"@id\":\"https:\\\/\\\/ekmak.com\\\/ru\\\/product\\\/e-dm280-intermediate-proofer\\\/#breadcrumb\",\"itemListElement\":[{\"@type\":\"ListItem\",\"position\":1,\"name\":\"Home\",\"item\":\"https:\\\/\\\/ekmak.com\\\/\"},{\"@type\":\"ListItem\",\"position\":2,\"name\":\"Products\",\"item\":\"https:\\\/\\\/ekmak.com\\\/fr\\\/products\\\/\"},{\"@type\":\"ListItem\",\"position\":3,\"name\":\"E-DM280 Intermediate Proofer\"}]},{\"@type\":\"WebSite\",\"@id\":\"https:\\\/\\\/ekmak.com\\\/#website\",\"url\":\"https:\\\/\\\/ekmak.com\\\/\",\"name\":\"Ekmak\",\"description\":\"Bakery Ovens and Bread Machines\",\"publisher\":{\"@id\":\"https:\\\/\\\/ekmak.com\\\/#organization\"},\"potentialAction\":[{\"@type\":\"SearchAction\",\"target\":{\"@type\":\"EntryPoint\",\"urlTemplate\":\"https:\\\/\\\/ekmak.com\\\/?s={search_term_string}\"},\"query-input\":{\"@type\":\"PropertyValueSpecification\",\"valueRequired\":true,\"valueName\":\"search_term_string\"}}],\"inLanguage\":\"fr-FR\"},{\"@type\":\"Organization\",\"@id\":\"https:\\\/\\\/ekmak.com\\\/#organization\",\"name\":\"Ekmak\",\"url\":\"https:\\\/\\\/ekmak.com\\\/\",\"logo\":{\"@type\":\"ImageObject\",\"inLanguage\":\"fr-FR\",\"@id\":\"https:\\\/\\\/ekmak.com\\\/#\\\/schema\\\/logo\\\/image\\\/\",\"url\":\"https:\\\/\\\/ekmak.com\\\/wp-content\\\/uploads\\\/2021\\\/05\\\/logoekmaksa.png\",\"contentUrl\":\"https:\\\/\\\/ekmak.com\\\/wp-content\\\/uploads\\\/2021\\\/05\\\/logoekmaksa.png\",\"width\":301,\"height\":95,\"caption\":\"Ekmak\"},\"image\":{\"@id\":\"https:\\\/\\\/ekmak.com\\\/#\\\/schema\\\/logo\\\/image\\\/\"}}]}<\/script>\n<!-- \/ Yoast SEO plugin. -->","yoast_head_json":{"title":"E-DM280 Intermediate Proofer","robots":{"index":"index","follow":"follow","max-snippet":"max-snippet:-1","max-image-preview":"max-image-preview:large","max-video-preview":"max-video-preview:-1"},"canonical":"https:\/\/ekmak.com\/fr\/product\/e-dm280-intermediate-proofer\/","og_locale":"fr_FR","og_type":"article","og_title":"[:en]E-DM280 Intermediate Proofer[:fr]E-DM280 Intermediate Proofer[:ru]E-DM280 Intermediate Proofer[:] - Ekmak","og_description":"E-DM280 \u00c9prouveur interm\u00e9diaire   Les machines de repos interm\u00e9diaires Ekmak garantissent que la p\u00e2te qui est coup\u00e9e et arrondie en fonction de son poids est repos\u00e9e pendant le temps requis et que la p\u00e2te se d\u00e9veloppe correctement avant le traitement. Il existe diff\u00e9rents mod\u00e8les pour diff\u00e9rents poids, types de p\u00e2te et capacit\u00e9s. Il s'agit d'une machine modulaire car la direction d'entr\u00e9e et de sortie peut \u00eatre modifi\u00e9e en fonction des exigences de la zone de travail. Les bols dans lesquels la p\u00e2te repose sont sp\u00e9cialement fabriqu\u00e9s en plastique, qui ne contient pas de substances nocives pour la sant\u00e9 humaine. Ces machines, toutes con\u00e7ues en acier inoxydable, offrent un nettoyage facile et une production hygi\u00e9nique avec des bols en plastique amovibles. Les syst\u00e8mes de repos interm\u00e9diaires fonctionnant int\u00e9gr\u00e9s \u00e0 la machine \u00e0 arrondir et \u00e0 fa\u00e7onner sont des \u00e9quipements critiques car ils sont importants en termes de qualit\u00e9 et de facilit\u00e9 de traitement de la p\u00e2te finale.","og_url":"https:\/\/ekmak.com\/fr\/product\/e-dm280-intermediate-proofer\/","og_site_name":"Ekmak","article_modified_time":"2020-09-15T14:56:28+00:00","og_image":[{"width":1500,"height":1500,"url":"https:\/\/ekmak.com\/wp-content\/uploads\/2020\/03\/e-dm280-ara-dinlendirme-makinesi.jpg","type":"image\/jpeg"}],"twitter_card":"summary_large_image","twitter_misc":{"Dur\u00e9e de lecture estim\u00e9e":"1 minute"},"schema":{"@context":"https:\/\/schema.org","@graph":[{"@type":"WebPage","@id":"https:\/\/ekmak.com\/ru\/product\/e-dm280-intermediate-proofer\/","url":"https:\/\/ekmak.com\/ru\/product\/e-dm280-intermediate-proofer\/","name":"E-DM280 Intermediate Proofer","isPartOf":{"@id":"https:\/\/ekmak.com\/#website"},"primaryImageOfPage":{"@id":"https:\/\/ekmak.com\/ru\/product\/e-dm280-intermediate-proofer\/#primaryimage"},"image":{"@id":"https:\/\/ekmak.com\/ru\/product\/e-dm280-intermediate-proofer\/#primaryimage"},"thumbnailUrl":"https:\/\/ekmak.com\/wp-content\/uploads\/2020\/03\/e-dm280-ara-dinlendirme-makinesi.jpg","datePublished":"2020-03-09T19:07:27+00:00","dateModified":"2020-09-15T14:56:28+00:00","breadcrumb":{"@id":"https:\/\/ekmak.com\/ru\/product\/e-dm280-intermediate-proofer\/#breadcrumb"},"inLanguage":"fr-FR","potentialAction":[{"@type":"ReadAction","target":["https:\/\/ekmak.com\/ru\/product\/e-dm280-intermediate-proofer\/"]}]},{"@type":"ImageObject","inLanguage":"fr-FR","@id":"https:\/\/ekmak.com\/ru\/product\/e-dm280-intermediate-proofer\/#primaryimage","url":"https:\/\/ekmak.com\/wp-content\/uploads\/2020\/03\/e-dm280-ara-dinlendirme-makinesi.jpg","contentUrl":"https:\/\/ekmak.com\/wp-content\/uploads\/2020\/03\/e-dm280-ara-dinlendirme-makinesi.jpg","width":1500,"height":1500},{"@type":"BreadcrumbList","@id":"https:\/\/ekmak.com\/ru\/product\/e-dm280-intermediate-proofer\/#breadcrumb","itemListElement":[{"@type":"ListItem","position":1,"name":"Home","item":"https:\/\/ekmak.com\/"},{"@type":"ListItem","position":2,"name":"Products","item":"https:\/\/ekmak.com\/fr\/products\/"},{"@type":"ListItem","position":3,"name":"E-DM280 Intermediate Proofer"}]},{"@type":"WebSite","@id":"https:\/\/ekmak.com\/#website","url":"https:\/\/ekmak.com\/","name":"Ekmak","description":"Bakery Ovens and Bread Machines","publisher":{"@id":"https:\/\/ekmak.com\/#organization"},"potentialAction":[{"@type":"SearchAction","target":{"@type":"EntryPoint","urlTemplate":"https:\/\/ekmak.com\/?s={search_term_string}"},"query-input":{"@type":"PropertyValueSpecification","valueRequired":true,"valueName":"search_term_string"}}],"inLanguage":"fr-FR"},{"@type":"Organization","@id":"https:\/\/ekmak.com\/#organization","name":"Ekmak","url":"https:\/\/ekmak.com\/","logo":{"@type":"ImageObject","inLanguage":"fr-FR","@id":"https:\/\/ekmak.com\/#\/schema\/logo\/image\/","url":"https:\/\/ekmak.com\/wp-content\/uploads\/2021\/05\/logoekmaksa.png","contentUrl":"https:\/\/ekmak.com\/wp-content\/uploads\/2021\/05\/logoekmaksa.png","width":301,"height":95,"caption":"Ekmak"},"image":{"@id":"https:\/\/ekmak.com\/#\/schema\/logo\/image\/"}}]}},"_links":{"self":[{"href":"https:\/\/ekmak.com\/fr\/wp-json\/wp\/v2\/product\/918","targetHints":{"allow":["GET"]}}],"collection":[{"href":"https:\/\/ekmak.com\/fr\/wp-json\/wp\/v2\/product"}],"about":[{"href":"https:\/\/ekmak.com\/fr\/wp-json\/wp\/v2\/types\/product"}],"wp:featuredmedia":[{"embeddable":true,"href":"https:\/\/ekmak.com\/fr\/wp-json\/wp\/v2\/media\/1782"}],"wp:attachment":[{"href":"https:\/\/ekmak.com\/fr\/wp-json\/wp\/v2\/media?parent=918"}],"wp:term":[{"taxonomy":"product_brand","embeddable":true,"href":"https:\/\/ekmak.com\/fr\/wp-json\/wp\/v2\/product_brand?post=918"},{"taxonomy":"product_cat","embeddable":true,"href":"https:\/\/ekmak.com\/fr\/wp-json\/wp\/v2\/product_cat?post=918"},{"taxonomy":"product_tag","embeddable":true,"href":"https:\/\/ekmak.com\/fr\/wp-json\/wp\/v2\/product_tag?post=918"}],"curies":[{"name":"wp","href":"https:\/\/api.w.org\/{rel}","templated":true}]}}