{"id":916,"date":"2020-03-09T22:20:56","date_gmt":"2020-03-09T19:20:56","guid":{"rendered":"http:\/\/ekmak.com\/y\/?post_type=product&#038;p=916"},"modified":"2020-09-15T17:03:20","modified_gmt":"2020-09-15T14:03:20","slug":"e-tkc-dough-divider-machine-double-piston","status":"publish","type":"product","link":"https:\/\/ekmak.com\/fr\/product\/e-tkc-dough-divider-machine-double-piston\/","title":{"rendered":"E-TK\u00c7 Dough Divider Machine (Double Piston)"},"content":{"rendered":"<div class=\"wpb-content-wrapper\"><p>[vc_row][vc_column][vc_tta_tabs color=\u00a0\u00bbwhite\u00a0\u00bb active_section=\u00a0\u00bb\u00a0\u00bb][vc_tta_section title=\u00a0\u00bbLes pr\u00e9-requis techniques\u00a0\u00bb tab_id=\u00a0\u00bb1598526823219-549d69fa-870c\u00a0\u00bb][mk_table]<\/p>\n<table style=\"height: 479px;\" width=\"1206\">\n<thead>\n<tr>\n<th colspan=\"3\">Dough\u00a0\u00a0\u00a0Dividing Machine<\/th>\n<\/tr>\n<\/thead>\n<tbody>\n<tr>\n<td><\/td>\n<td>Unit<\/td>\n<td>E-TK\u00c7<\/td>\n<\/tr>\n<tr>\n<td>Capacit\u00e9 de\u00a0\u00a0\u00a0coupe<\/td>\n<td>Pcs\/hr<\/td>\n<td>2000-4000<\/td>\n<\/tr>\n<tr>\n<td>Grammage\u00a0\u00a0\u00a0\u0130nterval<\/td>\n<td>gr<\/td>\n<td>50-250<\/td>\n<\/tr>\n<tr>\n<td>Connexion\u00a0\u00a0\u00a0\u00e9lectrique<\/td>\n<td><\/td>\n<td>380V \/50-60Hz \/ 3P+N<\/td>\n<\/tr>\n<tr>\n<td>Puissance<\/td>\n<td>kw<\/td>\n<td>1,5<\/td>\n<\/tr>\n<tr>\n<td>Hauteur de\u00a0\u00a0\u00a0sortie de la p\u00e2te<\/td>\n<td>cm<\/td>\n<td>85-100<\/td>\n<\/tr>\n<tr>\n<td>Capacit\u00e9 du\u00a0\u00a0\u00a0bunker de p\u00e2te<\/td>\n<td>kg<\/td>\n<td>50-100<\/td>\n<\/tr>\n<tr>\n<td>Syst\u00e8me de\u00a0\u00a0\u00a0division de la p\u00e2te<\/td>\n<td>Volum\u00e9trique<\/td>\n<td>D\u00e9coupe sous vide<\/td>\n<\/tr>\n<tr>\n<td>R\u00e9glage du\u00a0\u00a0\u00a0grammage<\/td>\n<td><\/td>\n<td>Manuel<\/td>\n<\/tr>\n<tr>\n<td>Sensibilit\u00e9 au\u00a0\u00a0\u00a0grammage<\/td>\n<td>+\/-<\/td>\n<td>3%<\/td>\n<\/tr>\n<tr>\n<td>\u00c9pousseter la\u00a0\u00a0\u00a0farine<\/td>\n<td>capacit\u00e92kg<\/td>\n<td>Inclus<\/td>\n<\/tr>\n<tr>\n<td>Syst\u00e8me\u00a0\u00a0\u00a0d&rsquo;huile<\/td>\n<td>Pompe<\/td>\n<td>Circuit ferm\u00e9<\/td>\n<\/tr>\n<tr>\n<td>Filtration\u00a0\u00a0\u00a0d&rsquo;huile<\/td>\n<td>2stage<\/td>\n<td>Filtre<\/td>\n<\/tr>\n<tr>\n<td>Contr\u00f4le de\u00a0\u00a0\u00a0vitesse<\/td>\n<td><\/td>\n<td>Bel-pulley<\/td>\n<\/tr>\n<tr>\n<td>Poids<\/td>\n<td>Kg<\/td>\n<td>500<\/td>\n<\/tr>\n<tr>\n<td>Dimensions\u00a0\u00a0\u00a0(largeur)<\/td>\n<td>cm<\/td>\n<td>70<\/td>\n<\/tr>\n<tr>\n<td>Profondeur de\u00a0\u00a0\u00a0la machine<\/td>\n<td>cm<\/td>\n<td>140<\/td>\n<\/tr>\n<tr>\n<td>Hauteur de la\u00a0\u00a0\u00a0machine<\/td>\n<td>cm<\/td>\n<td>150<\/td>\n<\/tr>\n<\/tbody>\n<\/table>\n<p>[\/mk_table][vc_column_text]<\/p>\n<p>[\/vc_column_text][\/vc_tta_section][\/vc_tta_tabs][\/vc_column][\/vc_row]<\/p>\n<\/div>","protected":false},"excerpt":{"rendered":"<p><strong>E-TK\u00c7 Dough Dividing Machine (Double Piston)<\/strong><\/p>\n<p>La machine \u00e0 couper et peser la p\u00e2te, qui est devenue l&rsquo;\u00e9quipement indispensable des entreprises rentables, est id\u00e9ale pour couper de nombreux types de p\u00e2te au poids souhait\u00e9 gr\u00e2ce \u00e0 sa m\u00e9thode de d\u00e9coupe fiable et \u00e9prouv\u00e9e.\u00a0 Tout en coupant la p\u00e2te sans aucune pression et sans endommager la structure de la p\u00e2te, elle permet une production de grande capacit\u00e9 dans des conditions de travail difficiles pour les entreprises qui l&rsquo;utilisent. Sa structure m\u00e9canique garantit que la d\u00e9coupe correcte de la p\u00e2te dans son poids, qui est l&rsquo;\u00e9tape la plus critique du processus de traitement de la p\u00e2te, se fait sans effort et dans des conditions d&rsquo;hygi\u00e8ne sans toucher \u00e0 la p\u00e2te \u00e0 la main. Alors qu&rsquo;elle est largement utilis\u00e9e dans les patisseries, boulangeries et ateliers de produits de boulangerie, elle peut fonctionner avec succ\u00e8s avec une large gamme de vari\u00e9t\u00e9s de p\u00e2te, du pain dans diff\u00e9rents contenus, structures et tailles, aux produits de boulangerie tels que po\u011fa\u00e7a, simit, jusqu&rsquo;aux produits locaux tels que b\u00f6rek, yufka, lava\u015f et bazlama. Selon les besoins, il existe diff\u00e9rents mod\u00e8les de poids et de capacit\u00e9.<\/p>\n","protected":false},"featured_media":1775,"template":"","meta":[],"product_brand":[],"product_cat":[271,272],"product_tag":[328,291],"class_list":{"0":"post-916","1":"product","2":"type-product","3":"status-publish","4":"has-post-thumbnail","6":"product_cat-dough-divider-machines","7":"product_cat-dough-processing-machines","8":"product_tag-e-tkc-dough-divider-machine-double-piston","9":"product_tag-ekmak","11":"first","12":"instock","13":"shipping-taxable","14":"product-type-simple"},"acf":[],"yoast_head":"<!-- This site is optimized with the Yoast SEO plugin v27.3 - https:\/\/yoast.com\/product\/yoast-seo-wordpress\/ -->\n<title>E-TK\u00c7 Dough Divider Machine (Double Piston)<\/title>\n<meta name=\"robots\" content=\"index, follow, max-snippet:-1, max-image-preview:large, max-video-preview:-1\" \/>\n<link rel=\"canonical\" href=\"https:\/\/ekmak.com\/fr\/product\/e-tkc-dough-divider-machine-double-piston\/\" \/>\n<meta property=\"og:locale\" content=\"fr_FR\" \/>\n<meta property=\"og:locale:alternate\" content=\"en_US\" \/>\n<meta property=\"og:locale:alternate\" content=\"ar\" \/>\n<meta property=\"og:locale:alternate\" content=\"ru_RU\" \/>\n<meta property=\"og:type\" content=\"article\" \/>\n<meta property=\"og:title\" content=\"E-TK\u00c7 Dough Divider Machine (Double Piston)\" \/>\n<meta property=\"og:description\" content=\"E-TK\u00c7 Dough Dividing Machine (Double Piston)  La machine \u00e0 couper et peser la p\u00e2te, qui est devenue l&#039;\u00e9quipement indispensable des entreprises rentables, est id\u00e9ale pour couper de nombreux types de p\u00e2te au poids souhait\u00e9 gr\u00e2ce \u00e0 sa m\u00e9thode de d\u00e9coupe fiable et \u00e9prouv\u00e9e.\u00a0 Tout en coupant la p\u00e2te sans aucune pression et sans endommager la structure de la p\u00e2te, elle permet une production de grande capacit\u00e9 dans des conditions de travail difficiles pour les entreprises qui l&#039;utilisent. Sa structure m\u00e9canique garantit que la d\u00e9coupe correcte de la p\u00e2te dans son poids, qui est l&#039;\u00e9tape la plus critique du processus de traitement de la p\u00e2te, se fait sans effort et dans des conditions d&#039;hygi\u00e8ne sans toucher \u00e0 la p\u00e2te \u00e0 la main. Alors qu&#039;elle est largement utilis\u00e9e dans les patisseries, boulangeries et ateliers de produits de boulangerie, elle peut fonctionner avec succ\u00e8s avec une large gamme de vari\u00e9t\u00e9s de p\u00e2te, du pain dans diff\u00e9rents contenus, structures et tailles, aux produits de boulangerie tels que po\u011fa\u00e7a, simit, jusqu&#039;aux produits locaux tels que b\u00f6rek, yufka, lava\u015f et bazlama. Selon les besoins, il existe diff\u00e9rents mod\u00e8les de poids et de capacit\u00e9.\" \/>\n<meta property=\"og:url\" content=\"https:\/\/ekmak.com\/fr\/product\/e-tkc-dough-divider-machine-double-piston\/\" \/>\n<meta property=\"og:site_name\" content=\"Ekmak\" \/>\n<meta property=\"article:modified_time\" content=\"2020-09-15T14:03:20+00:00\" \/>\n<meta property=\"og:image\" content=\"https:\/\/ekmak.com\/wp-content\/uploads\/2020\/03\/e-tkc-hamur-tartma-kesme-makinesi.jpg\" \/>\n\t<meta property=\"og:image:width\" content=\"1500\" \/>\n\t<meta property=\"og:image:height\" content=\"1500\" \/>\n\t<meta property=\"og:image:type\" content=\"image\/jpeg\" \/>\n<meta name=\"twitter:card\" content=\"summary_large_image\" \/>\n<meta name=\"twitter:label1\" content=\"Dur\u00e9e de lecture estim\u00e9e\" \/>\n\t<meta name=\"twitter:data1\" content=\"2 minutes\" \/>\n<script type=\"application\/ld+json\" class=\"yoast-schema-graph\">{\"@context\":\"https:\\\/\\\/schema.org\",\"@graph\":[{\"@type\":\"WebPage\",\"@id\":\"https:\\\/\\\/ekmak.com\\\/ru\\\/product\\\/e-tkc-dough-divider-machine-double-piston\\\/\",\"url\":\"https:\\\/\\\/ekmak.com\\\/ru\\\/product\\\/e-tkc-dough-divider-machine-double-piston\\\/\",\"name\":\"E-TK\u00c7 Dough Divider Machine (Double Piston)\",\"isPartOf\":{\"@id\":\"https:\\\/\\\/ekmak.com\\\/#website\"},\"primaryImageOfPage\":{\"@id\":\"https:\\\/\\\/ekmak.com\\\/ru\\\/product\\\/e-tkc-dough-divider-machine-double-piston\\\/#primaryimage\"},\"image\":{\"@id\":\"https:\\\/\\\/ekmak.com\\\/ru\\\/product\\\/e-tkc-dough-divider-machine-double-piston\\\/#primaryimage\"},\"thumbnailUrl\":\"https:\\\/\\\/ekmak.com\\\/wp-content\\\/uploads\\\/2020\\\/03\\\/e-tkc-hamur-tartma-kesme-makinesi.jpg\",\"datePublished\":\"2020-03-09T19:20:56+00:00\",\"dateModified\":\"2020-09-15T14:03:20+00:00\",\"breadcrumb\":{\"@id\":\"https:\\\/\\\/ekmak.com\\\/ru\\\/product\\\/e-tkc-dough-divider-machine-double-piston\\\/#breadcrumb\"},\"inLanguage\":\"fr-FR\",\"potentialAction\":[{\"@type\":\"ReadAction\",\"target\":[\"https:\\\/\\\/ekmak.com\\\/ru\\\/product\\\/e-tkc-dough-divider-machine-double-piston\\\/\"]}]},{\"@type\":\"ImageObject\",\"inLanguage\":\"fr-FR\",\"@id\":\"https:\\\/\\\/ekmak.com\\\/ru\\\/product\\\/e-tkc-dough-divider-machine-double-piston\\\/#primaryimage\",\"url\":\"https:\\\/\\\/ekmak.com\\\/wp-content\\\/uploads\\\/2020\\\/03\\\/e-tkc-hamur-tartma-kesme-makinesi.jpg\",\"contentUrl\":\"https:\\\/\\\/ekmak.com\\\/wp-content\\\/uploads\\\/2020\\\/03\\\/e-tkc-hamur-tartma-kesme-makinesi.jpg\",\"width\":1500,\"height\":1500},{\"@type\":\"BreadcrumbList\",\"@id\":\"https:\\\/\\\/ekmak.com\\\/ru\\\/product\\\/e-tkc-dough-divider-machine-double-piston\\\/#breadcrumb\",\"itemListElement\":[{\"@type\":\"ListItem\",\"position\":1,\"name\":\"Home\",\"item\":\"https:\\\/\\\/ekmak.com\\\/\"},{\"@type\":\"ListItem\",\"position\":2,\"name\":\"Products\",\"item\":\"https:\\\/\\\/ekmak.com\\\/fr\\\/products\\\/\"},{\"@type\":\"ListItem\",\"position\":3,\"name\":\"E-TK\u00c7 Dough Divider Machine (Double Piston)\"}]},{\"@type\":\"WebSite\",\"@id\":\"https:\\\/\\\/ekmak.com\\\/#website\",\"url\":\"https:\\\/\\\/ekmak.com\\\/\",\"name\":\"Ekmak\",\"description\":\"Bakery Ovens and Bread Machines\",\"publisher\":{\"@id\":\"https:\\\/\\\/ekmak.com\\\/#organization\"},\"potentialAction\":[{\"@type\":\"SearchAction\",\"target\":{\"@type\":\"EntryPoint\",\"urlTemplate\":\"https:\\\/\\\/ekmak.com\\\/?s={search_term_string}\"},\"query-input\":{\"@type\":\"PropertyValueSpecification\",\"valueRequired\":true,\"valueName\":\"search_term_string\"}}],\"inLanguage\":\"fr-FR\"},{\"@type\":\"Organization\",\"@id\":\"https:\\\/\\\/ekmak.com\\\/#organization\",\"name\":\"Ekmak\",\"url\":\"https:\\\/\\\/ekmak.com\\\/\",\"logo\":{\"@type\":\"ImageObject\",\"inLanguage\":\"fr-FR\",\"@id\":\"https:\\\/\\\/ekmak.com\\\/#\\\/schema\\\/logo\\\/image\\\/\",\"url\":\"https:\\\/\\\/ekmak.com\\\/wp-content\\\/uploads\\\/2021\\\/05\\\/logoekmaksa.png\",\"contentUrl\":\"https:\\\/\\\/ekmak.com\\\/wp-content\\\/uploads\\\/2021\\\/05\\\/logoekmaksa.png\",\"width\":301,\"height\":95,\"caption\":\"Ekmak\"},\"image\":{\"@id\":\"https:\\\/\\\/ekmak.com\\\/#\\\/schema\\\/logo\\\/image\\\/\"}}]}<\/script>\n<!-- \/ Yoast SEO plugin. -->","yoast_head_json":{"title":"E-TK\u00c7 Dough Divider Machine (Double Piston)","robots":{"index":"index","follow":"follow","max-snippet":"max-snippet:-1","max-image-preview":"max-image-preview:large","max-video-preview":"max-video-preview:-1"},"canonical":"https:\/\/ekmak.com\/fr\/product\/e-tkc-dough-divider-machine-double-piston\/","og_locale":"fr_FR","og_type":"article","og_title":"[:en]E-TK\u00c7 Dough Divider Machine (Double Piston)[:fr]E-TK\u00c7 Dough Divider Machine (Double Piston)[:ru]E-TK\u00c7 Dough Divider Machine (Double Piston)[:] - Ekmak","og_description":"E-TK\u00c7 Dough Dividing Machine (Double Piston)  La machine \u00e0 couper et peser la p\u00e2te, qui est devenue l'\u00e9quipement indispensable des entreprises rentables, est id\u00e9ale pour couper de nombreux types de p\u00e2te au poids souhait\u00e9 gr\u00e2ce \u00e0 sa m\u00e9thode de d\u00e9coupe fiable et \u00e9prouv\u00e9e.\u00a0 Tout en coupant la p\u00e2te sans aucune pression et sans endommager la structure de la p\u00e2te, elle permet une production de grande capacit\u00e9 dans des conditions de travail difficiles pour les entreprises qui l'utilisent. Sa structure m\u00e9canique garantit que la d\u00e9coupe correcte de la p\u00e2te dans son poids, qui est l'\u00e9tape la plus critique du processus de traitement de la p\u00e2te, se fait sans effort et dans des conditions d'hygi\u00e8ne sans toucher \u00e0 la p\u00e2te \u00e0 la main. Alors qu'elle est largement utilis\u00e9e dans les patisseries, boulangeries et ateliers de produits de boulangerie, elle peut fonctionner avec succ\u00e8s avec une large gamme de vari\u00e9t\u00e9s de p\u00e2te, du pain dans diff\u00e9rents contenus, structures et tailles, aux produits de boulangerie tels que po\u011fa\u00e7a, simit, jusqu'aux produits locaux tels que b\u00f6rek, yufka, lava\u015f et bazlama. Selon les besoins, il existe diff\u00e9rents mod\u00e8les de poids et de capacit\u00e9.","og_url":"https:\/\/ekmak.com\/fr\/product\/e-tkc-dough-divider-machine-double-piston\/","og_site_name":"Ekmak","article_modified_time":"2020-09-15T14:03:20+00:00","og_image":[{"width":1500,"height":1500,"url":"https:\/\/ekmak.com\/wp-content\/uploads\/2020\/03\/e-tkc-hamur-tartma-kesme-makinesi.jpg","type":"image\/jpeg"}],"twitter_card":"summary_large_image","twitter_misc":{"Dur\u00e9e de lecture estim\u00e9e":"2 minutes"},"schema":{"@context":"https:\/\/schema.org","@graph":[{"@type":"WebPage","@id":"https:\/\/ekmak.com\/ru\/product\/e-tkc-dough-divider-machine-double-piston\/","url":"https:\/\/ekmak.com\/ru\/product\/e-tkc-dough-divider-machine-double-piston\/","name":"E-TK\u00c7 Dough Divider Machine (Double Piston)","isPartOf":{"@id":"https:\/\/ekmak.com\/#website"},"primaryImageOfPage":{"@id":"https:\/\/ekmak.com\/ru\/product\/e-tkc-dough-divider-machine-double-piston\/#primaryimage"},"image":{"@id":"https:\/\/ekmak.com\/ru\/product\/e-tkc-dough-divider-machine-double-piston\/#primaryimage"},"thumbnailUrl":"https:\/\/ekmak.com\/wp-content\/uploads\/2020\/03\/e-tkc-hamur-tartma-kesme-makinesi.jpg","datePublished":"2020-03-09T19:20:56+00:00","dateModified":"2020-09-15T14:03:20+00:00","breadcrumb":{"@id":"https:\/\/ekmak.com\/ru\/product\/e-tkc-dough-divider-machine-double-piston\/#breadcrumb"},"inLanguage":"fr-FR","potentialAction":[{"@type":"ReadAction","target":["https:\/\/ekmak.com\/ru\/product\/e-tkc-dough-divider-machine-double-piston\/"]}]},{"@type":"ImageObject","inLanguage":"fr-FR","@id":"https:\/\/ekmak.com\/ru\/product\/e-tkc-dough-divider-machine-double-piston\/#primaryimage","url":"https:\/\/ekmak.com\/wp-content\/uploads\/2020\/03\/e-tkc-hamur-tartma-kesme-makinesi.jpg","contentUrl":"https:\/\/ekmak.com\/wp-content\/uploads\/2020\/03\/e-tkc-hamur-tartma-kesme-makinesi.jpg","width":1500,"height":1500},{"@type":"BreadcrumbList","@id":"https:\/\/ekmak.com\/ru\/product\/e-tkc-dough-divider-machine-double-piston\/#breadcrumb","itemListElement":[{"@type":"ListItem","position":1,"name":"Home","item":"https:\/\/ekmak.com\/"},{"@type":"ListItem","position":2,"name":"Products","item":"https:\/\/ekmak.com\/fr\/products\/"},{"@type":"ListItem","position":3,"name":"E-TK\u00c7 Dough Divider Machine (Double Piston)"}]},{"@type":"WebSite","@id":"https:\/\/ekmak.com\/#website","url":"https:\/\/ekmak.com\/","name":"Ekmak","description":"Bakery Ovens and Bread Machines","publisher":{"@id":"https:\/\/ekmak.com\/#organization"},"potentialAction":[{"@type":"SearchAction","target":{"@type":"EntryPoint","urlTemplate":"https:\/\/ekmak.com\/?s={search_term_string}"},"query-input":{"@type":"PropertyValueSpecification","valueRequired":true,"valueName":"search_term_string"}}],"inLanguage":"fr-FR"},{"@type":"Organization","@id":"https:\/\/ekmak.com\/#organization","name":"Ekmak","url":"https:\/\/ekmak.com\/","logo":{"@type":"ImageObject","inLanguage":"fr-FR","@id":"https:\/\/ekmak.com\/#\/schema\/logo\/image\/","url":"https:\/\/ekmak.com\/wp-content\/uploads\/2021\/05\/logoekmaksa.png","contentUrl":"https:\/\/ekmak.com\/wp-content\/uploads\/2021\/05\/logoekmaksa.png","width":301,"height":95,"caption":"Ekmak"},"image":{"@id":"https:\/\/ekmak.com\/#\/schema\/logo\/image\/"}}]}},"_links":{"self":[{"href":"https:\/\/ekmak.com\/fr\/wp-json\/wp\/v2\/product\/916","targetHints":{"allow":["GET"]}}],"collection":[{"href":"https:\/\/ekmak.com\/fr\/wp-json\/wp\/v2\/product"}],"about":[{"href":"https:\/\/ekmak.com\/fr\/wp-json\/wp\/v2\/types\/product"}],"wp:featuredmedia":[{"embeddable":true,"href":"https:\/\/ekmak.com\/fr\/wp-json\/wp\/v2\/media\/1775"}],"wp:attachment":[{"href":"https:\/\/ekmak.com\/fr\/wp-json\/wp\/v2\/media?parent=916"}],"wp:term":[{"taxonomy":"product_brand","embeddable":true,"href":"https:\/\/ekmak.com\/fr\/wp-json\/wp\/v2\/product_brand?post=916"},{"taxonomy":"product_cat","embeddable":true,"href":"https:\/\/ekmak.com\/fr\/wp-json\/wp\/v2\/product_cat?post=916"},{"taxonomy":"product_tag","embeddable":true,"href":"https:\/\/ekmak.com\/fr\/wp-json\/wp\/v2\/product_tag?post=916"}],"curies":[{"name":"wp","href":"https:\/\/api.w.org\/{rel}","templated":true}]}}