{"id":905,"date":"2020-03-11T21:03:38","date_gmt":"2020-03-11T18:03:38","guid":{"rendered":"http:\/\/ekmak.com\/y\/?post_type=product&#038;p=905"},"modified":"2020-09-15T15:22:05","modified_gmt":"2020-09-15T12:22:05","slug":"dough-divider-rounder-sets","status":"publish","type":"product","link":"https:\/\/ekmak.com\/fr\/product\/dough-divider-rounder-sets\/","title":{"rendered":"Dough Divider Rounder sets"},"content":{"rendered":"<div class=\"wpb-content-wrapper\"><p>[vc_row][vc_column][vc_tta_tabs color=\u00a0\u00bbwhite\u00a0\u00bb active_section=\u00a0\u00bb\u00a0\u00bb][vc_tta_section title=\u00a0\u00bbLes pr\u00e9-requis techniques\u00a0\u00bb tab_id=\u00a0\u00bb1598526823219-549d69fa-870c\u00a0\u00bb][mk_table]<\/p>\n<table style=\"height: 488px;\" width=\"1238\">\n<thead>\n<tr>\n<th colspan=\"3\">Kit de traitement de p\u00e2te<\/th>\n<\/tr>\n<\/thead>\n<tbody>\n<tr>\n<td><\/td>\n<td>Unit\u00e9<\/td>\n<td>Diviseur de p\u00e2te rond<\/td>\n<\/tr>\n<tr>\n<td>Capacit\u00e9<\/td>\n<td>Pcs<\/td>\n<td>1000-2500<\/td>\n<\/tr>\n<tr>\n<td>Intervalle de\u00a0\u00a0\u00a0grammage<\/td>\n<td>gr<\/td>\n<td>100-600<\/td>\n<\/tr>\n<tr>\n<td>Connexion\u00a0\u00a0\u00a0\u00e9lectrique<\/td>\n<td><\/td>\n<td>380V \/50-60Hz \/ 3P+N<\/td>\n<\/tr>\n<tr>\n<td>Puissance<\/td>\n<td>kw<\/td>\n<td>3<\/td>\n<\/tr>\n<tr>\n<td>Hauteur\u00a0\u00a0\u00a0d&rsquo;entr\u00e9e de la p\u00e2te<\/td>\n<td>cm<\/td>\n<td>150<\/td>\n<\/tr>\n<tr>\n<td>Hauteur de\u00a0\u00a0\u00a0sortie de la p\u00e2te<\/td>\n<td>cm<\/td>\n<td>90<\/td>\n<\/tr>\n<tr>\n<td>Contr\u00f4le de\u00a0\u00a0\u00a0vitesse<\/td>\n<td><\/td>\n<td>Optionnel<\/td>\n<\/tr>\n<tr>\n<td>Contr\u00f4le du\u00a0\u00a0\u00a0grammage<\/td>\n<td><\/td>\n<td>Manuel<\/td>\n<\/tr>\n<tr>\n<td>Sensibilit\u00e9 au\u00a0\u00a0\u00a0grammage<\/td>\n<td>+\/-<\/td>\n<td>3%<\/td>\n<\/tr>\n<tr>\n<td>Nombre\u00a0\u00a0\u00a0d&rsquo;unit\u00e9s<\/td>\n<td>pcs<\/td>\n<td>2<\/td>\n<\/tr>\n<tr>\n<td>Temps de\u00a0\u00a0\u00a0traitement<\/td>\n<td>min<\/td>\n<td>0.5<\/td>\n<\/tr>\n<tr>\n<td>Processus<\/td>\n<td colspan=\"2\">Coupe-Arrondi<\/td>\n<\/tr>\n<tr>\n<td>Poids<\/td>\n<td>Kg<\/td>\n<td>1000<\/td>\n<\/tr>\n<tr>\n<td>Dimensions\u00a0\u00a0\u00a0(largeur)<\/td>\n<td>cm<\/td>\n<td>100<\/td>\n<\/tr>\n<tr>\n<td>Profondeur de\u00a0\u00a0\u00a0la machine<\/td>\n<td>cm<\/td>\n<td>450<\/td>\n<\/tr>\n<tr>\n<td>Hauteur de la\u00a0\u00a0\u00a0machine<\/td>\n<td>cm<\/td>\n<td>170<\/td>\n<\/tr>\n<\/tbody>\n<\/table>\n<p>[\/mk_table][vc_column_text]<\/p>\n<p>[\/vc_column_text][\/vc_tta_section][\/vc_tta_tabs][\/vc_column][\/vc_row]<\/p>\n<\/div>","protected":false},"excerpt":{"rendered":"<p><strong>Diviseur de p\u00e2te rond Kit<\/strong><\/p>\n<p>Ces ensembles, qui r\u00e9solvent le processus de traitement de la p\u00e2te en deux parties, diff\u00e8rent de l&rsquo;ensemble complet avec le besoin de fabrication entre le processus de production afin de reposer et d&rsquo;am\u00e9liorer la p\u00e2te de mani\u00e8re saine. Apr\u00e8s avoir coup\u00e9 les morceaux de p\u00e2te, elle a lieu avant la mise en forme, apr\u00e8s le repos du temps requis. Ces ensembles compos\u00e9s de trois unit\u00e9s sont constitu\u00e9s d&rsquo;unit\u00e9s de d\u00e9coupe, pesage, laminage et fa\u00e7onnage de la p\u00e2te.<\/p>\n","protected":false},"featured_media":1753,"template":"","meta":[],"product_brand":[],"product_cat":[277,280],"product_tag":[311,314],"class_list":{"0":"post-905","1":"product","2":"type-product","3":"status-publish","4":"has-post-thumbnail","6":"product_cat-bakery-machine-sets","7":"product_cat-partial-machine-sets","8":"product_tag-bakery-machine-sets","9":"product_tag-partial-machine-sets","11":"first","12":"instock","13":"shipping-taxable","14":"product-type-simple"},"acf":[],"yoast_head":"<!-- This site is optimized with the Yoast SEO plugin v27.3 - https:\/\/yoast.com\/product\/yoast-seo-wordpress\/ -->\n<title>Dough Divider Rounder sets<\/title>\n<meta name=\"robots\" content=\"index, follow, max-snippet:-1, max-image-preview:large, max-video-preview:-1\" \/>\n<link rel=\"canonical\" href=\"https:\/\/ekmak.com\/fr\/product\/dough-divider-rounder-sets\/\" \/>\n<meta property=\"og:locale\" content=\"fr_FR\" \/>\n<meta property=\"og:locale:alternate\" content=\"en_US\" \/>\n<meta property=\"og:locale:alternate\" content=\"ar\" \/>\n<meta property=\"og:locale:alternate\" content=\"ru_RU\" \/>\n<meta property=\"og:type\" content=\"article\" \/>\n<meta property=\"og:title\" content=\"Dough Divider Rounder sets\" \/>\n<meta property=\"og:description\" content=\"Diviseur de p\u00e2te rond Kit  Ces ensembles, qui r\u00e9solvent le processus de traitement de la p\u00e2te en deux parties, diff\u00e8rent de l&#039;ensemble complet avec le besoin de fabrication entre le processus de production afin de reposer et d&#039;am\u00e9liorer la p\u00e2te de mani\u00e8re saine. Apr\u00e8s avoir coup\u00e9 les morceaux de p\u00e2te, elle a lieu avant la mise en forme, apr\u00e8s le repos du temps requis. Ces ensembles compos\u00e9s de trois unit\u00e9s sont constitu\u00e9s d&#039;unit\u00e9s de d\u00e9coupe, pesage, laminage et fa\u00e7onnage de la p\u00e2te.\" \/>\n<meta property=\"og:url\" content=\"https:\/\/ekmak.com\/fr\/product\/dough-divider-rounder-sets\/\" \/>\n<meta property=\"og:site_name\" content=\"Ekmak\" \/>\n<meta property=\"article:modified_time\" content=\"2020-09-15T12:22:05+00:00\" \/>\n<meta property=\"og:image\" content=\"https:\/\/ekmak.com\/wp-content\/uploads\/2020\/03\/baget-ekmek-makine-seti-ekmak-1.jpg\" \/>\n\t<meta property=\"og:image:width\" content=\"1772\" \/>\n\t<meta property=\"og:image:height\" content=\"1772\" \/>\n\t<meta property=\"og:image:type\" content=\"image\/jpeg\" \/>\n<meta name=\"twitter:card\" content=\"summary_large_image\" \/>\n<meta name=\"twitter:label1\" content=\"Dur\u00e9e de lecture estim\u00e9e\" \/>\n\t<meta name=\"twitter:data1\" content=\"1 minute\" \/>\n<script type=\"application\/ld+json\" class=\"yoast-schema-graph\">{\"@context\":\"https:\\\/\\\/schema.org\",\"@graph\":[{\"@type\":\"WebPage\",\"@id\":\"https:\\\/\\\/ekmak.com\\\/fr\\\/product\\\/dough-divider-rounder-sets\\\/\",\"url\":\"https:\\\/\\\/ekmak.com\\\/fr\\\/product\\\/dough-divider-rounder-sets\\\/\",\"name\":\"Dough Divider Rounder sets\",\"isPartOf\":{\"@id\":\"https:\\\/\\\/ekmak.com\\\/#website\"},\"primaryImageOfPage\":{\"@id\":\"https:\\\/\\\/ekmak.com\\\/fr\\\/product\\\/dough-divider-rounder-sets\\\/#primaryimage\"},\"image\":{\"@id\":\"https:\\\/\\\/ekmak.com\\\/fr\\\/product\\\/dough-divider-rounder-sets\\\/#primaryimage\"},\"thumbnailUrl\":\"https:\\\/\\\/ekmak.com\\\/wp-content\\\/uploads\\\/2020\\\/03\\\/baget-ekmek-makine-seti-ekmak-1.jpg\",\"datePublished\":\"2020-03-11T18:03:38+00:00\",\"dateModified\":\"2020-09-15T12:22:05+00:00\",\"breadcrumb\":{\"@id\":\"https:\\\/\\\/ekmak.com\\\/fr\\\/product\\\/dough-divider-rounder-sets\\\/#breadcrumb\"},\"inLanguage\":\"fr-FR\",\"potentialAction\":[{\"@type\":\"ReadAction\",\"target\":[\"https:\\\/\\\/ekmak.com\\\/fr\\\/product\\\/dough-divider-rounder-sets\\\/\"]}]},{\"@type\":\"ImageObject\",\"inLanguage\":\"fr-FR\",\"@id\":\"https:\\\/\\\/ekmak.com\\\/fr\\\/product\\\/dough-divider-rounder-sets\\\/#primaryimage\",\"url\":\"https:\\\/\\\/ekmak.com\\\/wp-content\\\/uploads\\\/2020\\\/03\\\/baget-ekmek-makine-seti-ekmak-1.jpg\",\"contentUrl\":\"https:\\\/\\\/ekmak.com\\\/wp-content\\\/uploads\\\/2020\\\/03\\\/baget-ekmek-makine-seti-ekmak-1.jpg\",\"width\":1772,\"height\":1772},{\"@type\":\"BreadcrumbList\",\"@id\":\"https:\\\/\\\/ekmak.com\\\/fr\\\/product\\\/dough-divider-rounder-sets\\\/#breadcrumb\",\"itemListElement\":[{\"@type\":\"ListItem\",\"position\":1,\"name\":\"Home\",\"item\":\"https:\\\/\\\/ekmak.com\\\/\"},{\"@type\":\"ListItem\",\"position\":2,\"name\":\"Products\",\"item\":\"https:\\\/\\\/ekmak.com\\\/fr\\\/products\\\/\"},{\"@type\":\"ListItem\",\"position\":3,\"name\":\"Dough Divider Rounder sets\"}]},{\"@type\":\"WebSite\",\"@id\":\"https:\\\/\\\/ekmak.com\\\/#website\",\"url\":\"https:\\\/\\\/ekmak.com\\\/\",\"name\":\"Ekmak\",\"description\":\"Bakery Ovens and Bread Machines\",\"publisher\":{\"@id\":\"https:\\\/\\\/ekmak.com\\\/#organization\"},\"potentialAction\":[{\"@type\":\"SearchAction\",\"target\":{\"@type\":\"EntryPoint\",\"urlTemplate\":\"https:\\\/\\\/ekmak.com\\\/?s={search_term_string}\"},\"query-input\":{\"@type\":\"PropertyValueSpecification\",\"valueRequired\":true,\"valueName\":\"search_term_string\"}}],\"inLanguage\":\"fr-FR\"},{\"@type\":\"Organization\",\"@id\":\"https:\\\/\\\/ekmak.com\\\/#organization\",\"name\":\"Ekmak\",\"url\":\"https:\\\/\\\/ekmak.com\\\/\",\"logo\":{\"@type\":\"ImageObject\",\"inLanguage\":\"fr-FR\",\"@id\":\"https:\\\/\\\/ekmak.com\\\/#\\\/schema\\\/logo\\\/image\\\/\",\"url\":\"https:\\\/\\\/ekmak.com\\\/wp-content\\\/uploads\\\/2021\\\/05\\\/logoekmaksa.png\",\"contentUrl\":\"https:\\\/\\\/ekmak.com\\\/wp-content\\\/uploads\\\/2021\\\/05\\\/logoekmaksa.png\",\"width\":301,\"height\":95,\"caption\":\"Ekmak\"},\"image\":{\"@id\":\"https:\\\/\\\/ekmak.com\\\/#\\\/schema\\\/logo\\\/image\\\/\"}}]}<\/script>\n<!-- \/ Yoast SEO plugin. -->","yoast_head_json":{"title":"Dough Divider Rounder sets","robots":{"index":"index","follow":"follow","max-snippet":"max-snippet:-1","max-image-preview":"max-image-preview:large","max-video-preview":"max-video-preview:-1"},"canonical":"https:\/\/ekmak.com\/fr\/product\/dough-divider-rounder-sets\/","og_locale":"fr_FR","og_type":"article","og_title":"[:en]Dough Divider Rounder sets[:fr]Dough Divider Rounder sets[:ru]Dough Divider Rounder sets[:] - Ekmak","og_description":"Diviseur de p\u00e2te rond Kit  Ces ensembles, qui r\u00e9solvent le processus de traitement de la p\u00e2te en deux parties, diff\u00e8rent de l'ensemble complet avec le besoin de fabrication entre le processus de production afin de reposer et d'am\u00e9liorer la p\u00e2te de mani\u00e8re saine. Apr\u00e8s avoir coup\u00e9 les morceaux de p\u00e2te, elle a lieu avant la mise en forme, apr\u00e8s le repos du temps requis. Ces ensembles compos\u00e9s de trois unit\u00e9s sont constitu\u00e9s d'unit\u00e9s de d\u00e9coupe, pesage, laminage et fa\u00e7onnage de la p\u00e2te.","og_url":"https:\/\/ekmak.com\/fr\/product\/dough-divider-rounder-sets\/","og_site_name":"Ekmak","article_modified_time":"2020-09-15T12:22:05+00:00","og_image":[{"width":1772,"height":1772,"url":"https:\/\/ekmak.com\/wp-content\/uploads\/2020\/03\/baget-ekmek-makine-seti-ekmak-1.jpg","type":"image\/jpeg"}],"twitter_card":"summary_large_image","twitter_misc":{"Dur\u00e9e de lecture estim\u00e9e":"1 minute"},"schema":{"@context":"https:\/\/schema.org","@graph":[{"@type":"WebPage","@id":"https:\/\/ekmak.com\/fr\/product\/dough-divider-rounder-sets\/","url":"https:\/\/ekmak.com\/fr\/product\/dough-divider-rounder-sets\/","name":"Dough Divider Rounder sets","isPartOf":{"@id":"https:\/\/ekmak.com\/#website"},"primaryImageOfPage":{"@id":"https:\/\/ekmak.com\/fr\/product\/dough-divider-rounder-sets\/#primaryimage"},"image":{"@id":"https:\/\/ekmak.com\/fr\/product\/dough-divider-rounder-sets\/#primaryimage"},"thumbnailUrl":"https:\/\/ekmak.com\/wp-content\/uploads\/2020\/03\/baget-ekmek-makine-seti-ekmak-1.jpg","datePublished":"2020-03-11T18:03:38+00:00","dateModified":"2020-09-15T12:22:05+00:00","breadcrumb":{"@id":"https:\/\/ekmak.com\/fr\/product\/dough-divider-rounder-sets\/#breadcrumb"},"inLanguage":"fr-FR","potentialAction":[{"@type":"ReadAction","target":["https:\/\/ekmak.com\/fr\/product\/dough-divider-rounder-sets\/"]}]},{"@type":"ImageObject","inLanguage":"fr-FR","@id":"https:\/\/ekmak.com\/fr\/product\/dough-divider-rounder-sets\/#primaryimage","url":"https:\/\/ekmak.com\/wp-content\/uploads\/2020\/03\/baget-ekmek-makine-seti-ekmak-1.jpg","contentUrl":"https:\/\/ekmak.com\/wp-content\/uploads\/2020\/03\/baget-ekmek-makine-seti-ekmak-1.jpg","width":1772,"height":1772},{"@type":"BreadcrumbList","@id":"https:\/\/ekmak.com\/fr\/product\/dough-divider-rounder-sets\/#breadcrumb","itemListElement":[{"@type":"ListItem","position":1,"name":"Home","item":"https:\/\/ekmak.com\/"},{"@type":"ListItem","position":2,"name":"Products","item":"https:\/\/ekmak.com\/fr\/products\/"},{"@type":"ListItem","position":3,"name":"Dough Divider Rounder sets"}]},{"@type":"WebSite","@id":"https:\/\/ekmak.com\/#website","url":"https:\/\/ekmak.com\/","name":"Ekmak","description":"Bakery Ovens and Bread Machines","publisher":{"@id":"https:\/\/ekmak.com\/#organization"},"potentialAction":[{"@type":"SearchAction","target":{"@type":"EntryPoint","urlTemplate":"https:\/\/ekmak.com\/?s={search_term_string}"},"query-input":{"@type":"PropertyValueSpecification","valueRequired":true,"valueName":"search_term_string"}}],"inLanguage":"fr-FR"},{"@type":"Organization","@id":"https:\/\/ekmak.com\/#organization","name":"Ekmak","url":"https:\/\/ekmak.com\/","logo":{"@type":"ImageObject","inLanguage":"fr-FR","@id":"https:\/\/ekmak.com\/#\/schema\/logo\/image\/","url":"https:\/\/ekmak.com\/wp-content\/uploads\/2021\/05\/logoekmaksa.png","contentUrl":"https:\/\/ekmak.com\/wp-content\/uploads\/2021\/05\/logoekmaksa.png","width":301,"height":95,"caption":"Ekmak"},"image":{"@id":"https:\/\/ekmak.com\/#\/schema\/logo\/image\/"}}]}},"_links":{"self":[{"href":"https:\/\/ekmak.com\/fr\/wp-json\/wp\/v2\/product\/905","targetHints":{"allow":["GET"]}}],"collection":[{"href":"https:\/\/ekmak.com\/fr\/wp-json\/wp\/v2\/product"}],"about":[{"href":"https:\/\/ekmak.com\/fr\/wp-json\/wp\/v2\/types\/product"}],"wp:featuredmedia":[{"embeddable":true,"href":"https:\/\/ekmak.com\/fr\/wp-json\/wp\/v2\/media\/1753"}],"wp:attachment":[{"href":"https:\/\/ekmak.com\/fr\/wp-json\/wp\/v2\/media?parent=905"}],"wp:term":[{"taxonomy":"product_brand","embeddable":true,"href":"https:\/\/ekmak.com\/fr\/wp-json\/wp\/v2\/product_brand?post=905"},{"taxonomy":"product_cat","embeddable":true,"href":"https:\/\/ekmak.com\/fr\/wp-json\/wp\/v2\/product_cat?post=905"},{"taxonomy":"product_tag","embeddable":true,"href":"https:\/\/ekmak.com\/fr\/wp-json\/wp\/v2\/product_tag?post=905"}],"curies":[{"name":"wp","href":"https:\/\/api.w.org\/{rel}","templated":true}]}}