{"id":903,"date":"2020-03-11T21:26:21","date_gmt":"2020-03-11T18:26:21","guid":{"rendered":"http:\/\/ekmak.com\/y\/?post_type=product&#038;p=903"},"modified":"2020-09-15T13:51:29","modified_gmt":"2020-09-15T10:51:29","slug":"toast-bread-machine-set","status":"publish","type":"product","link":"https:\/\/ekmak.com\/fr\/product\/toast-bread-machine-set\/","title":{"rendered":"Toast Bread Machine Set"},"content":{"rendered":"<div class=\"wpb-content-wrapper\"><p>[vc_row][vc_column][vc_tta_tabs color=\u00a0\u00bbwhite\u00a0\u00bb active_section=\u00a0\u00bb\u00a0\u00bb][vc_tta_section title=\u00a0\u00bbLes pr\u00e9-requis techniques\u00a0\u00bb tab_id=\u00a0\u00bb1598526823219-549d69fa-870c\u00a0\u00bb][mk_table]<\/p>\n<table style=\"height: 528px;\" width=\"589\">\n<thead>\n<tr>\n<th colspan=\"3\">Kit de traitement de p\u00e2te<\/th>\n<\/tr>\n<\/thead>\n<tbody>\n<tr>\n<td><\/td>\n<td>Unit\u00e9<\/td>\n<td>Pain toast\u00e9<\/td>\n<\/tr>\n<tr>\n<td>Capacit\u00e9<\/td>\n<td>Pcs<\/td>\n<td>1500<\/td>\n<\/tr>\n<tr>\n<td>Intervalle de\u00a0\u00a0\u00a0grammage<\/td>\n<td>gr<\/td>\n<td>300-1000<\/td>\n<\/tr>\n<tr>\n<td>Connexion\u00a0\u00a0\u00a0\u00e9lectrique<\/td>\n<td><\/td>\n<td>380V \/50-60Hz \/ 3P+N<\/td>\n<\/tr>\n<tr>\n<td>Puissance<\/td>\n<td>kw<\/td>\n<td>5<\/td>\n<\/tr>\n<tr>\n<td>Hauteur\u00a0\u00a0\u00a0d&rsquo;entr\u00e9e de la p\u00e2te<\/td>\n<td>cm<\/td>\n<td>150<\/td>\n<\/tr>\n<tr>\n<td>Hauteur de\u00a0\u00a0\u00a0sortie de la p\u00e2te<\/td>\n<td>cm<\/td>\n<td>90<\/td>\n<\/tr>\n<tr>\n<td>Contr\u00f4le de\u00a0\u00a0\u00a0vitesse<\/td>\n<td><\/td>\n<td>Fix\u00e9<\/td>\n<\/tr>\n<tr>\n<td>Contr\u00f4le du\u00a0\u00a0\u00a0grammage<\/td>\n<td><\/td>\n<td>Manuel<\/td>\n<\/tr>\n<tr>\n<td>Sensibilit\u00e9 au\u00a0\u00a0\u00a0grammage<\/td>\n<td>+\/-<\/td>\n<td>3%<\/td>\n<\/tr>\n<tr>\n<td>Nombre\u00a0\u00a0\u00a0d&rsquo;unit\u00e9s<\/td>\n<td>pcs<\/td>\n<td>4<\/td>\n<\/tr>\n<tr>\n<td>Temps de\u00a0\u00a0\u00a0traitement<\/td>\n<td>min<\/td>\n<td>7-9<\/td>\n<\/tr>\n<tr>\n<td>Processus<\/td>\n<td colspan=\"2\">Coupe-Arrondi-\u00c9preuvage-Moulage<\/td>\n<\/tr>\n<tr>\n<td>Poids<\/td>\n<td>Kg<\/td>\n<td>1400<\/td>\n<\/tr>\n<tr>\n<td>Dimensions\u00a0\u00a0\u00a0(largeur)<\/td>\n<td>cm<\/td>\n<td>250<\/td>\n<\/tr>\n<tr>\n<td>Profondeur de\u00a0\u00a0\u00a0la machine<\/td>\n<td>cm<\/td>\n<td>500<\/td>\n<\/tr>\n<tr>\n<td>Hauteur de la\u00a0\u00a0\u00a0machine<\/td>\n<td>cm<\/td>\n<td>230<\/td>\n<\/tr>\n<\/tbody>\n<\/table>\n<p>[\/mk_table][vc_column_text]<\/p>\n<p>[\/vc_column_text][\/vc_tta_section][\/vc_tta_tabs][\/vc_column][\/vc_row]<\/p>\n<\/div>","protected":false},"excerpt":{"rendered":"<p><strong>Kit de traitement de p\u00e2te (Pain toast\u00e9)<\/strong><\/p>\n<p>Les ensembles de traitement de la p\u00e2te, qui sont utilis\u00e9s en int\u00e9gration les uns avec les autres, offrent une gamme compl\u00e8te de solutions de traitement pour les produits de panification, allant des pains de diff\u00e9rents poids et pain, aux sandwichs et aux toasts. Offrant une capacit\u00e9 d&rsquo;environ 1500 \u00e0 2000 pi\u00e8ces par heure, ces syst\u00e8mes couvrent l&rsquo;ensemble du processus de traitement de la p\u00e2te. Il comprend les processus de d\u00e9coupe de la p\u00e2te au poids souhait\u00e9, de prise de forme correcte et d&rsquo;arrondi de la p\u00e2te pour d\u00e9velopper correctement, des processus de repos et de mise en forme interm\u00e9diaires. Tout en apportant des avantages sociaux aux entreprises qui l&rsquo;utilisent, il garantit que la production est standard et r\u00e9duit les co\u00fbts de production. Il est largement pr\u00e9f\u00e9r\u00e9 par les entreprises manufacturi\u00e8res \u00e0 haute capacit\u00e9 gr\u00e2ce \u00e0 ses co\u00fbts d&rsquo;investissement abordables et ses faibles co\u00fbts d&rsquo;exploitation.<\/p>\n","protected":false},"featured_media":1749,"template":"","meta":[],"product_brand":[],"product_cat":[277,279],"product_tag":[311,312],"class_list":{"0":"post-903","1":"product","2":"type-product","3":"status-publish","4":"has-post-thumbnail","6":"product_cat-bakery-machine-sets","7":"product_cat-dough-processing-sets","8":"product_tag-bakery-machine-sets","9":"product_tag-dough-processing-sets","11":"first","12":"instock","13":"shipping-taxable","14":"product-type-simple"},"acf":[],"yoast_head":"<!-- This site is optimized with the Yoast SEO plugin v27.3 - https:\/\/yoast.com\/product\/yoast-seo-wordpress\/ -->\n<title>Toast Bread Machine Set<\/title>\n<meta name=\"robots\" content=\"index, follow, max-snippet:-1, max-image-preview:large, max-video-preview:-1\" \/>\n<link rel=\"canonical\" href=\"https:\/\/ekmak.com\/fr\/product\/toast-bread-machine-set\/\" \/>\n<meta property=\"og:locale\" content=\"fr_FR\" \/>\n<meta property=\"og:locale:alternate\" content=\"en_US\" \/>\n<meta property=\"og:locale:alternate\" content=\"ar\" \/>\n<meta property=\"og:locale:alternate\" content=\"ru_RU\" \/>\n<meta property=\"og:type\" content=\"article\" \/>\n<meta property=\"og:title\" content=\"Toast Bread Machine Set\" \/>\n<meta property=\"og:description\" content=\"Kit de traitement de p\u00e2te (Pain toast\u00e9)  Les ensembles de traitement de la p\u00e2te, qui sont utilis\u00e9s en int\u00e9gration les uns avec les autres, offrent une gamme compl\u00e8te de solutions de traitement pour les produits de panification, allant des pains de diff\u00e9rents poids et pain, aux sandwichs et aux toasts. Offrant une capacit\u00e9 d&#039;environ 1500 \u00e0 2000 pi\u00e8ces par heure, ces syst\u00e8mes couvrent l&#039;ensemble du processus de traitement de la p\u00e2te. Il comprend les processus de d\u00e9coupe de la p\u00e2te au poids souhait\u00e9, de prise de forme correcte et d&#039;arrondi de la p\u00e2te pour d\u00e9velopper correctement, des processus de repos et de mise en forme interm\u00e9diaires. Tout en apportant des avantages sociaux aux entreprises qui l&#039;utilisent, il garantit que la production est standard et r\u00e9duit les co\u00fbts de production. Il est largement pr\u00e9f\u00e9r\u00e9 par les entreprises manufacturi\u00e8res \u00e0 haute capacit\u00e9 gr\u00e2ce \u00e0 ses co\u00fbts d&#039;investissement abordables et ses faibles co\u00fbts d&#039;exploitation.\" \/>\n<meta property=\"og:url\" content=\"https:\/\/ekmak.com\/fr\/product\/toast-bread-machine-set\/\" \/>\n<meta property=\"og:site_name\" content=\"Ekmak\" \/>\n<meta property=\"article:modified_time\" content=\"2020-09-15T10:51:29+00:00\" \/>\n<meta property=\"og:image\" content=\"https:\/\/ekmak.com\/wp-content\/uploads\/2020\/03\/tost-ekmek-makine-seti-ekmak.jpg\" \/>\n\t<meta property=\"og:image:width\" content=\"1400\" \/>\n\t<meta property=\"og:image:height\" content=\"1404\" \/>\n\t<meta property=\"og:image:type\" content=\"image\/jpeg\" \/>\n<meta name=\"twitter:card\" content=\"summary_large_image\" \/>\n<meta name=\"twitter:label1\" content=\"Dur\u00e9e de lecture estim\u00e9e\" \/>\n\t<meta name=\"twitter:data1\" content=\"1 minute\" \/>\n<script type=\"application\/ld+json\" class=\"yoast-schema-graph\">{\"@context\":\"https:\\\/\\\/schema.org\",\"@graph\":[{\"@type\":\"WebPage\",\"@id\":\"https:\\\/\\\/ekmak.com\\\/ru\\\/product\\\/toast-bread-machine-set\\\/\",\"url\":\"https:\\\/\\\/ekmak.com\\\/ru\\\/product\\\/toast-bread-machine-set\\\/\",\"name\":\"Toast Bread Machine Set\",\"isPartOf\":{\"@id\":\"https:\\\/\\\/ekmak.com\\\/#website\"},\"primaryImageOfPage\":{\"@id\":\"https:\\\/\\\/ekmak.com\\\/ru\\\/product\\\/toast-bread-machine-set\\\/#primaryimage\"},\"image\":{\"@id\":\"https:\\\/\\\/ekmak.com\\\/ru\\\/product\\\/toast-bread-machine-set\\\/#primaryimage\"},\"thumbnailUrl\":\"https:\\\/\\\/ekmak.com\\\/wp-content\\\/uploads\\\/2020\\\/03\\\/tost-ekmek-makine-seti-ekmak.jpg\",\"datePublished\":\"2020-03-11T18:26:21+00:00\",\"dateModified\":\"2020-09-15T10:51:29+00:00\",\"breadcrumb\":{\"@id\":\"https:\\\/\\\/ekmak.com\\\/ru\\\/product\\\/toast-bread-machine-set\\\/#breadcrumb\"},\"inLanguage\":\"fr-FR\",\"potentialAction\":[{\"@type\":\"ReadAction\",\"target\":[\"https:\\\/\\\/ekmak.com\\\/ru\\\/product\\\/toast-bread-machine-set\\\/\"]}]},{\"@type\":\"ImageObject\",\"inLanguage\":\"fr-FR\",\"@id\":\"https:\\\/\\\/ekmak.com\\\/ru\\\/product\\\/toast-bread-machine-set\\\/#primaryimage\",\"url\":\"https:\\\/\\\/ekmak.com\\\/wp-content\\\/uploads\\\/2020\\\/03\\\/tost-ekmek-makine-seti-ekmak.jpg\",\"contentUrl\":\"https:\\\/\\\/ekmak.com\\\/wp-content\\\/uploads\\\/2020\\\/03\\\/tost-ekmek-makine-seti-ekmak.jpg\",\"width\":1400,\"height\":1404},{\"@type\":\"BreadcrumbList\",\"@id\":\"https:\\\/\\\/ekmak.com\\\/ru\\\/product\\\/toast-bread-machine-set\\\/#breadcrumb\",\"itemListElement\":[{\"@type\":\"ListItem\",\"position\":1,\"name\":\"Home\",\"item\":\"https:\\\/\\\/ekmak.com\\\/\"},{\"@type\":\"ListItem\",\"position\":2,\"name\":\"Products\",\"item\":\"https:\\\/\\\/ekmak.com\\\/fr\\\/products\\\/\"},{\"@type\":\"ListItem\",\"position\":3,\"name\":\"Toast Bread Machine Set\"}]},{\"@type\":\"WebSite\",\"@id\":\"https:\\\/\\\/ekmak.com\\\/#website\",\"url\":\"https:\\\/\\\/ekmak.com\\\/\",\"name\":\"Ekmak\",\"description\":\"Bakery Ovens and Bread Machines\",\"publisher\":{\"@id\":\"https:\\\/\\\/ekmak.com\\\/#organization\"},\"potentialAction\":[{\"@type\":\"SearchAction\",\"target\":{\"@type\":\"EntryPoint\",\"urlTemplate\":\"https:\\\/\\\/ekmak.com\\\/?s={search_term_string}\"},\"query-input\":{\"@type\":\"PropertyValueSpecification\",\"valueRequired\":true,\"valueName\":\"search_term_string\"}}],\"inLanguage\":\"fr-FR\"},{\"@type\":\"Organization\",\"@id\":\"https:\\\/\\\/ekmak.com\\\/#organization\",\"name\":\"Ekmak\",\"url\":\"https:\\\/\\\/ekmak.com\\\/\",\"logo\":{\"@type\":\"ImageObject\",\"inLanguage\":\"fr-FR\",\"@id\":\"https:\\\/\\\/ekmak.com\\\/#\\\/schema\\\/logo\\\/image\\\/\",\"url\":\"https:\\\/\\\/ekmak.com\\\/wp-content\\\/uploads\\\/2021\\\/05\\\/logoekmaksa.png\",\"contentUrl\":\"https:\\\/\\\/ekmak.com\\\/wp-content\\\/uploads\\\/2021\\\/05\\\/logoekmaksa.png\",\"width\":301,\"height\":95,\"caption\":\"Ekmak\"},\"image\":{\"@id\":\"https:\\\/\\\/ekmak.com\\\/#\\\/schema\\\/logo\\\/image\\\/\"}}]}<\/script>\n<!-- \/ Yoast SEO plugin. -->","yoast_head_json":{"title":"Toast Bread Machine Set","robots":{"index":"index","follow":"follow","max-snippet":"max-snippet:-1","max-image-preview":"max-image-preview:large","max-video-preview":"max-video-preview:-1"},"canonical":"https:\/\/ekmak.com\/fr\/product\/toast-bread-machine-set\/","og_locale":"fr_FR","og_type":"article","og_title":"[:en]Toast Bread Machine Set[:fr]Toast Bread Machine Set[:ru]Toast Bread Machine Set[:] - Ekmak","og_description":"Kit de traitement de p\u00e2te (Pain toast\u00e9)  Les ensembles de traitement de la p\u00e2te, qui sont utilis\u00e9s en int\u00e9gration les uns avec les autres, offrent une gamme compl\u00e8te de solutions de traitement pour les produits de panification, allant des pains de diff\u00e9rents poids et pain, aux sandwichs et aux toasts. Offrant une capacit\u00e9 d'environ 1500 \u00e0 2000 pi\u00e8ces par heure, ces syst\u00e8mes couvrent l'ensemble du processus de traitement de la p\u00e2te. Il comprend les processus de d\u00e9coupe de la p\u00e2te au poids souhait\u00e9, de prise de forme correcte et d'arrondi de la p\u00e2te pour d\u00e9velopper correctement, des processus de repos et de mise en forme interm\u00e9diaires. Tout en apportant des avantages sociaux aux entreprises qui l'utilisent, il garantit que la production est standard et r\u00e9duit les co\u00fbts de production. Il est largement pr\u00e9f\u00e9r\u00e9 par les entreprises manufacturi\u00e8res \u00e0 haute capacit\u00e9 gr\u00e2ce \u00e0 ses co\u00fbts d'investissement abordables et ses faibles co\u00fbts d'exploitation.","og_url":"https:\/\/ekmak.com\/fr\/product\/toast-bread-machine-set\/","og_site_name":"Ekmak","article_modified_time":"2020-09-15T10:51:29+00:00","og_image":[{"width":1400,"height":1404,"url":"https:\/\/ekmak.com\/wp-content\/uploads\/2020\/03\/tost-ekmek-makine-seti-ekmak.jpg","type":"image\/jpeg"}],"twitter_card":"summary_large_image","twitter_misc":{"Dur\u00e9e de lecture estim\u00e9e":"1 minute"},"schema":{"@context":"https:\/\/schema.org","@graph":[{"@type":"WebPage","@id":"https:\/\/ekmak.com\/ru\/product\/toast-bread-machine-set\/","url":"https:\/\/ekmak.com\/ru\/product\/toast-bread-machine-set\/","name":"Toast Bread Machine Set","isPartOf":{"@id":"https:\/\/ekmak.com\/#website"},"primaryImageOfPage":{"@id":"https:\/\/ekmak.com\/ru\/product\/toast-bread-machine-set\/#primaryimage"},"image":{"@id":"https:\/\/ekmak.com\/ru\/product\/toast-bread-machine-set\/#primaryimage"},"thumbnailUrl":"https:\/\/ekmak.com\/wp-content\/uploads\/2020\/03\/tost-ekmek-makine-seti-ekmak.jpg","datePublished":"2020-03-11T18:26:21+00:00","dateModified":"2020-09-15T10:51:29+00:00","breadcrumb":{"@id":"https:\/\/ekmak.com\/ru\/product\/toast-bread-machine-set\/#breadcrumb"},"inLanguage":"fr-FR","potentialAction":[{"@type":"ReadAction","target":["https:\/\/ekmak.com\/ru\/product\/toast-bread-machine-set\/"]}]},{"@type":"ImageObject","inLanguage":"fr-FR","@id":"https:\/\/ekmak.com\/ru\/product\/toast-bread-machine-set\/#primaryimage","url":"https:\/\/ekmak.com\/wp-content\/uploads\/2020\/03\/tost-ekmek-makine-seti-ekmak.jpg","contentUrl":"https:\/\/ekmak.com\/wp-content\/uploads\/2020\/03\/tost-ekmek-makine-seti-ekmak.jpg","width":1400,"height":1404},{"@type":"BreadcrumbList","@id":"https:\/\/ekmak.com\/ru\/product\/toast-bread-machine-set\/#breadcrumb","itemListElement":[{"@type":"ListItem","position":1,"name":"Home","item":"https:\/\/ekmak.com\/"},{"@type":"ListItem","position":2,"name":"Products","item":"https:\/\/ekmak.com\/fr\/products\/"},{"@type":"ListItem","position":3,"name":"Toast Bread Machine Set"}]},{"@type":"WebSite","@id":"https:\/\/ekmak.com\/#website","url":"https:\/\/ekmak.com\/","name":"Ekmak","description":"Bakery Ovens and Bread Machines","publisher":{"@id":"https:\/\/ekmak.com\/#organization"},"potentialAction":[{"@type":"SearchAction","target":{"@type":"EntryPoint","urlTemplate":"https:\/\/ekmak.com\/?s={search_term_string}"},"query-input":{"@type":"PropertyValueSpecification","valueRequired":true,"valueName":"search_term_string"}}],"inLanguage":"fr-FR"},{"@type":"Organization","@id":"https:\/\/ekmak.com\/#organization","name":"Ekmak","url":"https:\/\/ekmak.com\/","logo":{"@type":"ImageObject","inLanguage":"fr-FR","@id":"https:\/\/ekmak.com\/#\/schema\/logo\/image\/","url":"https:\/\/ekmak.com\/wp-content\/uploads\/2021\/05\/logoekmaksa.png","contentUrl":"https:\/\/ekmak.com\/wp-content\/uploads\/2021\/05\/logoekmaksa.png","width":301,"height":95,"caption":"Ekmak"},"image":{"@id":"https:\/\/ekmak.com\/#\/schema\/logo\/image\/"}}]}},"_links":{"self":[{"href":"https:\/\/ekmak.com\/fr\/wp-json\/wp\/v2\/product\/903","targetHints":{"allow":["GET"]}}],"collection":[{"href":"https:\/\/ekmak.com\/fr\/wp-json\/wp\/v2\/product"}],"about":[{"href":"https:\/\/ekmak.com\/fr\/wp-json\/wp\/v2\/types\/product"}],"wp:featuredmedia":[{"embeddable":true,"href":"https:\/\/ekmak.com\/fr\/wp-json\/wp\/v2\/media\/1749"}],"wp:attachment":[{"href":"https:\/\/ekmak.com\/fr\/wp-json\/wp\/v2\/media?parent=903"}],"wp:term":[{"taxonomy":"product_brand","embeddable":true,"href":"https:\/\/ekmak.com\/fr\/wp-json\/wp\/v2\/product_brand?post=903"},{"taxonomy":"product_cat","embeddable":true,"href":"https:\/\/ekmak.com\/fr\/wp-json\/wp\/v2\/product_cat?post=903"},{"taxonomy":"product_tag","embeddable":true,"href":"https:\/\/ekmak.com\/fr\/wp-json\/wp\/v2\/product_tag?post=903"}],"curies":[{"name":"wp","href":"https:\/\/api.w.org\/{rel}","templated":true}]}}