{"id":900,"date":"2020-03-11T21:17:49","date_gmt":"2020-03-11T18:17:49","guid":{"rendered":"http:\/\/ekmak.com\/y\/?post_type=product&#038;p=900"},"modified":"2020-09-15T14:25:57","modified_gmt":"2020-09-15T11:25:57","slug":"pita-dough-arabic-bread-machine-set","status":"publish","type":"product","link":"https:\/\/ekmak.com\/fr\/product\/pita-dough-arabic-bread-machine-set\/","title":{"rendered":"Pita Dough (Arabic) Bread Machine Set"},"content":{"rendered":"<div class=\"wpb-content-wrapper\"><p>[vc_row][vc_column][vc_tta_tabs color=\u00a0\u00bbwhite\u00a0\u00bb active_section=\u00a0\u00bb\u00a0\u00bb][vc_tta_section title=\u00a0\u00bbLes pr\u00e9-requis techniques\u00a0\u00bb tab_id=\u00a0\u00bb1598526823219-549d69fa-870c\u00a0\u00bb][mk_table]<\/p>\n<table style=\"height: 475px;\" width=\"1200\">\n<thead>\n<tr>\n<th colspan=\"3\">Kit de traitement de p\u00e2te<\/th>\n<\/tr>\n<\/thead>\n<tbody>\n<tr>\n<td><\/td>\n<td>Unit\u00e9<\/td>\n<td>P\u00e2te pita (arabe)<\/td>\n<\/tr>\n<tr>\n<td>Capacit\u00e9<\/td>\n<td>Pcs<\/td>\n<td>2000-4500<\/td>\n<\/tr>\n<tr>\n<td>Intervalle de\u00a0\u00a0\u00a0grammage<\/td>\n<td>gr<\/td>\n<td>50-250<\/td>\n<\/tr>\n<tr>\n<td>Connexion\u00a0\u00a0\u00a0\u00e9lectrique<\/td>\n<td><\/td>\n<td>380V \/50-60Hz \/ 3P+N<\/td>\n<\/tr>\n<tr>\n<td>Puissance<\/td>\n<td>kw<\/td>\n<td>3<\/td>\n<\/tr>\n<tr>\n<td>Hauteur\u00a0\u00a0\u00a0d&rsquo;entr\u00e9e de la p\u00e2te<\/td>\n<td>cm<\/td>\n<td>150<\/td>\n<\/tr>\n<tr>\n<td>Hauteur de\u00a0\u00a0\u00a0sortie de la p\u00e2te<\/td>\n<td>cm<\/td>\n<td>90<\/td>\n<\/tr>\n<tr>\n<td>Contr\u00f4le de\u00a0\u00a0\u00a0vitesse<\/td>\n<td><\/td>\n<td>Optionnel<\/td>\n<\/tr>\n<tr>\n<td>Contr\u00f4le du\u00a0\u00a0\u00a0grammage<\/td>\n<td><\/td>\n<td>Manuel<\/td>\n<\/tr>\n<tr>\n<td>Sensibilit\u00e9 au\u00a0\u00a0\u00a0grammage<\/td>\n<td>+\/-<\/td>\n<td>3%<\/td>\n<\/tr>\n<tr>\n<td>Nombre\u00a0\u00a0\u00a0d&rsquo;unit\u00e9s<\/td>\n<td>pcs<\/td>\n<td>2<\/td>\n<\/tr>\n<tr>\n<td>Temps de\u00a0\u00a0\u00a0traitement<\/td>\n<td>min<\/td>\n<td>0.5<\/td>\n<\/tr>\n<tr>\n<td>Processus<\/td>\n<td colspan=\"2\">Coupe-Arrondi<\/td>\n<\/tr>\n<tr>\n<td>Poids<\/td>\n<td>Kg<\/td>\n<td>700<\/td>\n<\/tr>\n<tr>\n<td>Dimensions\u00a0\u00a0\u00a0(largeur)<\/td>\n<td>cm<\/td>\n<td>100<\/td>\n<\/tr>\n<tr>\n<td>Profondeur de\u00a0\u00a0\u00a0la machine<\/td>\n<td>cm<\/td>\n<td>250<\/td>\n<\/tr>\n<tr>\n<td>Hauteur de la\u00a0\u00a0\u00a0machine<\/td>\n<td>cm<\/td>\n<td>170<\/td>\n<\/tr>\n<\/tbody>\n<\/table>\n<p>[\/mk_table][vc_column_text]<\/p>\n<p>[\/vc_column_text][\/vc_tta_section][\/vc_tta_tabs][\/vc_column][\/vc_row]<\/p>\n<\/div>","protected":false},"excerpt":{"rendered":"<p><strong>Ligne de pain pita<\/strong><\/p>\n<p>Alors que les lignes de p\u00e2te directes offrent des solutions pratiques pour les usines de fabrication flexibles, elles offrent une commodit\u00e9 et une norme de production. Ces ensembles, qui peuvent fonctionner avec diff\u00e9rentes combinaisons de mod\u00e8les en fonction du poids, du type de produit et de la capacit\u00e9 des machines \u00e0 peser, couper et arrondir la p\u00e2te, offrent une opportunit\u00e9 de production avec une capacit\u00e9 horaire de produit comprise entre 1000 et 4500 pi\u00e8ces. Avec ses mod\u00e8les adapt\u00e9s pour travailler entre 50 et 1000 grammes, il permet de produire du pain et des produits de boulangerie avec automatisation.<\/p>\n","protected":false},"featured_media":1751,"template":"","meta":[],"product_brand":[],"product_cat":[277,278],"product_tag":[311,313],"class_list":{"0":"post-900","1":"product","2":"type-product","3":"status-publish","4":"has-post-thumbnail","6":"product_cat-bakery-machine-sets","7":"product_cat-straight-dough-line","8":"product_tag-bakery-machine-sets","9":"product_tag-straight-dough-line","11":"first","12":"instock","13":"shipping-taxable","14":"product-type-simple"},"acf":[],"yoast_head":"<!-- This site is optimized with the Yoast SEO plugin v27.3 - https:\/\/yoast.com\/product\/yoast-seo-wordpress\/ -->\n<title>Pita Dough (Arabic) Bread Machine Set<\/title>\n<meta name=\"robots\" content=\"index, follow, max-snippet:-1, max-image-preview:large, max-video-preview:-1\" \/>\n<link rel=\"canonical\" href=\"https:\/\/ekmak.com\/fr\/product\/pita-dough-arabic-bread-machine-set\/\" \/>\n<meta property=\"og:locale\" content=\"fr_FR\" \/>\n<meta property=\"og:locale:alternate\" content=\"en_US\" \/>\n<meta property=\"og:locale:alternate\" content=\"ar\" \/>\n<meta property=\"og:locale:alternate\" content=\"ru_RU\" \/>\n<meta property=\"og:type\" content=\"article\" \/>\n<meta property=\"og:title\" content=\"Pita Dough (Arabic) Bread Machine Set\" \/>\n<meta property=\"og:description\" content=\"Ligne de pain pita  Alors que les lignes de p\u00e2te directes offrent des solutions pratiques pour les usines de fabrication flexibles, elles offrent une commodit\u00e9 et une norme de production. Ces ensembles, qui peuvent fonctionner avec diff\u00e9rentes combinaisons de mod\u00e8les en fonction du poids, du type de produit et de la capacit\u00e9 des machines \u00e0 peser, couper et arrondir la p\u00e2te, offrent une opportunit\u00e9 de production avec une capacit\u00e9 horaire de produit comprise entre 1000 et 4500 pi\u00e8ces. Avec ses mod\u00e8les adapt\u00e9s pour travailler entre 50 et 1000 grammes, il permet de produire du pain et des produits de boulangerie avec automatisation.\" \/>\n<meta property=\"og:url\" content=\"https:\/\/ekmak.com\/fr\/product\/pita-dough-arabic-bread-machine-set\/\" \/>\n<meta property=\"og:site_name\" content=\"Ekmak\" \/>\n<meta property=\"article:modified_time\" content=\"2020-09-15T11:25:57+00:00\" \/>\n<meta property=\"og:image\" content=\"https:\/\/ekmak.com\/wp-content\/uploads\/2020\/03\/pita-ekmek-hamur-arap-ekmek-makine-seti-ekmak.jpg\" \/>\n\t<meta property=\"og:image:width\" content=\"1820\" \/>\n\t<meta property=\"og:image:height\" content=\"1824\" \/>\n\t<meta property=\"og:image:type\" content=\"image\/jpeg\" \/>\n<meta name=\"twitter:card\" content=\"summary_large_image\" \/>\n<meta name=\"twitter:label1\" content=\"Dur\u00e9e de lecture estim\u00e9e\" \/>\n\t<meta name=\"twitter:data1\" content=\"1 minute\" \/>\n<script type=\"application\/ld+json\" class=\"yoast-schema-graph\">{\"@context\":\"https:\\\/\\\/schema.org\",\"@graph\":[{\"@type\":\"WebPage\",\"@id\":\"https:\\\/\\\/ekmak.com\\\/fr\\\/product\\\/pita-dough-arabic-bread-machine-set\\\/\",\"url\":\"https:\\\/\\\/ekmak.com\\\/fr\\\/product\\\/pita-dough-arabic-bread-machine-set\\\/\",\"name\":\"Pita Dough (Arabic) Bread Machine Set\",\"isPartOf\":{\"@id\":\"https:\\\/\\\/ekmak.com\\\/#website\"},\"primaryImageOfPage\":{\"@id\":\"https:\\\/\\\/ekmak.com\\\/fr\\\/product\\\/pita-dough-arabic-bread-machine-set\\\/#primaryimage\"},\"image\":{\"@id\":\"https:\\\/\\\/ekmak.com\\\/fr\\\/product\\\/pita-dough-arabic-bread-machine-set\\\/#primaryimage\"},\"thumbnailUrl\":\"https:\\\/\\\/ekmak.com\\\/wp-content\\\/uploads\\\/2020\\\/03\\\/pita-ekmek-hamur-arap-ekmek-makine-seti-ekmak.jpg\",\"datePublished\":\"2020-03-11T18:17:49+00:00\",\"dateModified\":\"2020-09-15T11:25:57+00:00\",\"breadcrumb\":{\"@id\":\"https:\\\/\\\/ekmak.com\\\/fr\\\/product\\\/pita-dough-arabic-bread-machine-set\\\/#breadcrumb\"},\"inLanguage\":\"fr-FR\",\"potentialAction\":[{\"@type\":\"ReadAction\",\"target\":[\"https:\\\/\\\/ekmak.com\\\/fr\\\/product\\\/pita-dough-arabic-bread-machine-set\\\/\"]}]},{\"@type\":\"ImageObject\",\"inLanguage\":\"fr-FR\",\"@id\":\"https:\\\/\\\/ekmak.com\\\/fr\\\/product\\\/pita-dough-arabic-bread-machine-set\\\/#primaryimage\",\"url\":\"https:\\\/\\\/ekmak.com\\\/wp-content\\\/uploads\\\/2020\\\/03\\\/pita-ekmek-hamur-arap-ekmek-makine-seti-ekmak.jpg\",\"contentUrl\":\"https:\\\/\\\/ekmak.com\\\/wp-content\\\/uploads\\\/2020\\\/03\\\/pita-ekmek-hamur-arap-ekmek-makine-seti-ekmak.jpg\",\"width\":1820,\"height\":1824},{\"@type\":\"BreadcrumbList\",\"@id\":\"https:\\\/\\\/ekmak.com\\\/fr\\\/product\\\/pita-dough-arabic-bread-machine-set\\\/#breadcrumb\",\"itemListElement\":[{\"@type\":\"ListItem\",\"position\":1,\"name\":\"Home\",\"item\":\"https:\\\/\\\/ekmak.com\\\/\"},{\"@type\":\"ListItem\",\"position\":2,\"name\":\"Products\",\"item\":\"https:\\\/\\\/ekmak.com\\\/fr\\\/products\\\/\"},{\"@type\":\"ListItem\",\"position\":3,\"name\":\"Pita Dough (Arabic) Bread Machine Set\"}]},{\"@type\":\"WebSite\",\"@id\":\"https:\\\/\\\/ekmak.com\\\/#website\",\"url\":\"https:\\\/\\\/ekmak.com\\\/\",\"name\":\"Ekmak\",\"description\":\"Bakery Ovens and Bread Machines\",\"publisher\":{\"@id\":\"https:\\\/\\\/ekmak.com\\\/#organization\"},\"potentialAction\":[{\"@type\":\"SearchAction\",\"target\":{\"@type\":\"EntryPoint\",\"urlTemplate\":\"https:\\\/\\\/ekmak.com\\\/?s={search_term_string}\"},\"query-input\":{\"@type\":\"PropertyValueSpecification\",\"valueRequired\":true,\"valueName\":\"search_term_string\"}}],\"inLanguage\":\"fr-FR\"},{\"@type\":\"Organization\",\"@id\":\"https:\\\/\\\/ekmak.com\\\/#organization\",\"name\":\"Ekmak\",\"url\":\"https:\\\/\\\/ekmak.com\\\/\",\"logo\":{\"@type\":\"ImageObject\",\"inLanguage\":\"fr-FR\",\"@id\":\"https:\\\/\\\/ekmak.com\\\/#\\\/schema\\\/logo\\\/image\\\/\",\"url\":\"https:\\\/\\\/ekmak.com\\\/wp-content\\\/uploads\\\/2021\\\/05\\\/logoekmaksa.png\",\"contentUrl\":\"https:\\\/\\\/ekmak.com\\\/wp-content\\\/uploads\\\/2021\\\/05\\\/logoekmaksa.png\",\"width\":301,\"height\":95,\"caption\":\"Ekmak\"},\"image\":{\"@id\":\"https:\\\/\\\/ekmak.com\\\/#\\\/schema\\\/logo\\\/image\\\/\"}}]}<\/script>\n<!-- \/ Yoast SEO plugin. -->","yoast_head_json":{"title":"Pita Dough (Arabic) Bread Machine Set","robots":{"index":"index","follow":"follow","max-snippet":"max-snippet:-1","max-image-preview":"max-image-preview:large","max-video-preview":"max-video-preview:-1"},"canonical":"https:\/\/ekmak.com\/fr\/product\/pita-dough-arabic-bread-machine-set\/","og_locale":"fr_FR","og_type":"article","og_title":"[:en]Pita Dough (Arabic) Bread Machine Set[:fr]Pita Dough (Arabic) Bread Machine Set[:ru]Pita Dough (Arabic) Bread Machine Set[:] - Ekmak","og_description":"Ligne de pain pita  Alors que les lignes de p\u00e2te directes offrent des solutions pratiques pour les usines de fabrication flexibles, elles offrent une commodit\u00e9 et une norme de production. Ces ensembles, qui peuvent fonctionner avec diff\u00e9rentes combinaisons de mod\u00e8les en fonction du poids, du type de produit et de la capacit\u00e9 des machines \u00e0 peser, couper et arrondir la p\u00e2te, offrent une opportunit\u00e9 de production avec une capacit\u00e9 horaire de produit comprise entre 1000 et 4500 pi\u00e8ces. Avec ses mod\u00e8les adapt\u00e9s pour travailler entre 50 et 1000 grammes, il permet de produire du pain et des produits de boulangerie avec automatisation.","og_url":"https:\/\/ekmak.com\/fr\/product\/pita-dough-arabic-bread-machine-set\/","og_site_name":"Ekmak","article_modified_time":"2020-09-15T11:25:57+00:00","og_image":[{"width":1820,"height":1824,"url":"https:\/\/ekmak.com\/wp-content\/uploads\/2020\/03\/pita-ekmek-hamur-arap-ekmek-makine-seti-ekmak.jpg","type":"image\/jpeg"}],"twitter_card":"summary_large_image","twitter_misc":{"Dur\u00e9e de lecture estim\u00e9e":"1 minute"},"schema":{"@context":"https:\/\/schema.org","@graph":[{"@type":"WebPage","@id":"https:\/\/ekmak.com\/fr\/product\/pita-dough-arabic-bread-machine-set\/","url":"https:\/\/ekmak.com\/fr\/product\/pita-dough-arabic-bread-machine-set\/","name":"Pita Dough (Arabic) Bread Machine Set","isPartOf":{"@id":"https:\/\/ekmak.com\/#website"},"primaryImageOfPage":{"@id":"https:\/\/ekmak.com\/fr\/product\/pita-dough-arabic-bread-machine-set\/#primaryimage"},"image":{"@id":"https:\/\/ekmak.com\/fr\/product\/pita-dough-arabic-bread-machine-set\/#primaryimage"},"thumbnailUrl":"https:\/\/ekmak.com\/wp-content\/uploads\/2020\/03\/pita-ekmek-hamur-arap-ekmek-makine-seti-ekmak.jpg","datePublished":"2020-03-11T18:17:49+00:00","dateModified":"2020-09-15T11:25:57+00:00","breadcrumb":{"@id":"https:\/\/ekmak.com\/fr\/product\/pita-dough-arabic-bread-machine-set\/#breadcrumb"},"inLanguage":"fr-FR","potentialAction":[{"@type":"ReadAction","target":["https:\/\/ekmak.com\/fr\/product\/pita-dough-arabic-bread-machine-set\/"]}]},{"@type":"ImageObject","inLanguage":"fr-FR","@id":"https:\/\/ekmak.com\/fr\/product\/pita-dough-arabic-bread-machine-set\/#primaryimage","url":"https:\/\/ekmak.com\/wp-content\/uploads\/2020\/03\/pita-ekmek-hamur-arap-ekmek-makine-seti-ekmak.jpg","contentUrl":"https:\/\/ekmak.com\/wp-content\/uploads\/2020\/03\/pita-ekmek-hamur-arap-ekmek-makine-seti-ekmak.jpg","width":1820,"height":1824},{"@type":"BreadcrumbList","@id":"https:\/\/ekmak.com\/fr\/product\/pita-dough-arabic-bread-machine-set\/#breadcrumb","itemListElement":[{"@type":"ListItem","position":1,"name":"Home","item":"https:\/\/ekmak.com\/"},{"@type":"ListItem","position":2,"name":"Products","item":"https:\/\/ekmak.com\/fr\/products\/"},{"@type":"ListItem","position":3,"name":"Pita Dough (Arabic) Bread Machine Set"}]},{"@type":"WebSite","@id":"https:\/\/ekmak.com\/#website","url":"https:\/\/ekmak.com\/","name":"Ekmak","description":"Bakery Ovens and Bread Machines","publisher":{"@id":"https:\/\/ekmak.com\/#organization"},"potentialAction":[{"@type":"SearchAction","target":{"@type":"EntryPoint","urlTemplate":"https:\/\/ekmak.com\/?s={search_term_string}"},"query-input":{"@type":"PropertyValueSpecification","valueRequired":true,"valueName":"search_term_string"}}],"inLanguage":"fr-FR"},{"@type":"Organization","@id":"https:\/\/ekmak.com\/#organization","name":"Ekmak","url":"https:\/\/ekmak.com\/","logo":{"@type":"ImageObject","inLanguage":"fr-FR","@id":"https:\/\/ekmak.com\/#\/schema\/logo\/image\/","url":"https:\/\/ekmak.com\/wp-content\/uploads\/2021\/05\/logoekmaksa.png","contentUrl":"https:\/\/ekmak.com\/wp-content\/uploads\/2021\/05\/logoekmaksa.png","width":301,"height":95,"caption":"Ekmak"},"image":{"@id":"https:\/\/ekmak.com\/#\/schema\/logo\/image\/"}}]}},"_links":{"self":[{"href":"https:\/\/ekmak.com\/fr\/wp-json\/wp\/v2\/product\/900","targetHints":{"allow":["GET"]}}],"collection":[{"href":"https:\/\/ekmak.com\/fr\/wp-json\/wp\/v2\/product"}],"about":[{"href":"https:\/\/ekmak.com\/fr\/wp-json\/wp\/v2\/types\/product"}],"wp:featuredmedia":[{"embeddable":true,"href":"https:\/\/ekmak.com\/fr\/wp-json\/wp\/v2\/media\/1751"}],"wp:attachment":[{"href":"https:\/\/ekmak.com\/fr\/wp-json\/wp\/v2\/media?parent=900"}],"wp:term":[{"taxonomy":"product_brand","embeddable":true,"href":"https:\/\/ekmak.com\/fr\/wp-json\/wp\/v2\/product_brand?post=900"},{"taxonomy":"product_cat","embeddable":true,"href":"https:\/\/ekmak.com\/fr\/wp-json\/wp\/v2\/product_cat?post=900"},{"taxonomy":"product_tag","embeddable":true,"href":"https:\/\/ekmak.com\/fr\/wp-json\/wp\/v2\/product_tag?post=900"}],"curies":[{"name":"wp","href":"https:\/\/api.w.org\/{rel}","templated":true}]}}