{"id":896,"date":"2020-03-13T21:20:38","date_gmt":"2020-03-13T18:20:38","guid":{"rendered":"http:\/\/ekmak.com\/y\/?post_type=product&#038;p=896"},"modified":"2020-09-15T12:57:52","modified_gmt":"2020-09-15T09:57:52","slug":"e-kfg-50-multi-deck-oven","status":"publish","type":"product","link":"https:\/\/ekmak.com\/fr\/product\/e-kfg-50-multi-deck-oven\/","title":{"rendered":"E-KFG 50 Multi Deck Oven"},"content":{"rendered":"<div class=\"wpb-content-wrapper\"><p>[vc_row][vc_column][vc_tta_tabs color=\u00a0\u00bbwhite\u00a0\u00bb active_section=\u00a0\u00bb\u00a0\u00bb][vc_tta_section title=\u00a0\u00bbLes pr\u00e9-requis techniques\u00a0\u00bb tab_id=\u00a0\u00bb1598526823219-549d69fa-870c\u00a0\u00bb][mk_table]<\/p>\n<table>\n<thead>\n<tr>\n<th colspan=\"3\">Four\u00a0\u00a0\u00a0\u00e0 \u00e9tages multiples (gaz)<\/th>\n<\/tr>\n<\/thead>\n<tbody>\n<tr>\n<td><\/td>\n<td>l&rsquo;unit\u00e9<\/td>\n<td>E-KFG 5<\/td>\n<\/tr>\n<tr>\n<td rowspan=\"2\">Capacit\u00e9 de cuisson<\/td>\n<td>kg\/saat<\/td>\n<td>60<\/td>\n<\/tr>\n<tr>\n<td>Pcs (pain)<\/td>\n<td>200<\/td>\n<\/tr>\n<tr>\n<td>Pi\u00e8ces de\u00a0\u00a0\u00a0capacit\u00e9<\/td>\n<td>pi\u00e8ces<\/td>\n<td>2<\/td>\n<\/tr>\n<tr>\n<td>Dimensions du\u00a0\u00a0\u00a0chariot<\/td>\n<td>cm<\/td>\n<td>58&#215;120<\/td>\n<\/tr>\n<tr>\n<td rowspan=\"2\">Dimensions du plateau<\/td>\n<td rowspan=\"2\">cm<\/td>\n<td>8*60&#215;90<\/td>\n<\/tr>\n<tr>\n<td>16*40&#215;60<\/td>\n<\/tr>\n<tr>\n<td>Capacit\u00e9 du\u00a0\u00a0\u00a0bac<\/td>\n<td>Adet<\/td>\n<td>8-16<\/td>\n<\/tr>\n<tr>\n<td>Surface de\u00a0\u00a0\u00a0cuisson<\/td>\n<td>m\u00b2<\/td>\n<td>5,00<\/td>\n<\/tr>\n<tr>\n<td>Largeur de la\u00a0\u00a0\u00a0surface de cuisson<\/td>\n<td>cm<\/td>\n<td>120<\/td>\n<\/tr>\n<tr>\n<td>Profondeur de\u00a0\u00a0\u00a0la surface de cuisson<\/td>\n<td>cm<\/td>\n<td>100<\/td>\n<\/tr>\n<tr>\n<td>Hauteur de\u00a0\u00a0\u00a0pont<\/td>\n<td>cm<\/td>\n<td>185-210mm<\/td>\n<\/tr>\n<tr>\n<td>Poids<\/td>\n<td>Kg<\/td>\n<td>2500<\/td>\n<\/tr>\n<tr>\n<td>Largeur<\/td>\n<td>cm<\/td>\n<td>190<\/td>\n<\/tr>\n<tr>\n<td>Profondeur de\u00a0\u00a0\u00a0la machine<\/td>\n<td>cm<\/td>\n<td>240<\/td>\n<\/tr>\n<tr>\n<td>Hauteur de la\u00a0\u00a0\u00a0machine<\/td>\n<td>cm<\/td>\n<td>250<\/td>\n<\/tr>\n<tr>\n<td>Gaz de\u00a0\u00a0\u00a0puissance<\/td>\n<td><\/td>\n<td>Gpl, Lng, Diesel<\/td>\n<\/tr>\n<tr>\n<td>Connexion\u00a0\u00a0\u00a0\u00e9lectrique \u0131<\/td>\n<td><\/td>\n<td>380V\u00a0\u00a0\u00a0\/50-60Hz \/ 3P+N<\/td>\n<\/tr>\n<tr>\n<td>Puissance<\/td>\n<td>kw<\/td>\n<td>5.5<\/td>\n<\/tr>\n<tr>\n<td>Consommation<\/td>\n<td>m3\/saat<\/td>\n<td>7<\/td>\n<\/tr>\n<tr>\n<td>Temps de\u00a0\u00a0\u00a0cuisson<\/td>\n<td>dak<\/td>\n<td>15-20<\/td>\n<\/tr>\n<tr>\n<td>Temp\u00e9rature de travail<\/td>\n<td>\u00b0C<\/td>\n<td>350<\/td>\n<\/tr>\n<tr>\n<td>Syst\u00e8me de\u00a0\u00a0\u00a0chauffage<\/td>\n<td>\u0130ndirect<\/td>\n<td>cyclothermique<\/td>\n<\/tr>\n<tr>\n<td>Capacit\u00e9 de\u00a0\u00a0\u00a0chauffage<\/td>\n<td>Kcal\/saat<\/td>\n<td>70.000<\/td>\n<\/tr>\n<tr>\n<td>Syst\u00e8me de\u00a0\u00a0\u00a0contr\u00f4le<\/td>\n<td>type analogique<\/td>\n<td>num\u00e9rique<\/td>\n<\/tr>\n<tr>\n<td>isolante<\/td>\n<td><\/td>\n<td>Laine de roche<\/td>\n<\/tr>\n<tr>\n<td>Raccord de\u00a0\u00a0\u00a0tuyau de vapeur<\/td>\n<td>cm<\/td>\n<td><\/td>\n<\/tr>\n<tr>\n<td>Connexion du\u00a0\u00a0\u00a0tuyau d&rsquo;\u00e9chappement<\/td>\n<td>cm<\/td>\n<td>\u00d8180<\/td>\n<\/tr>\n<tr>\n<td>Support de\u00a0\u00a0\u00a0vapeur<\/td>\n<td>interne<\/td>\n<td>G\u00e9n\u00e9rateur de vapeur<\/td>\n<\/tr>\n<tr>\n<td>Syst\u00e8me\u00a0\u00a0\u00a0d&rsquo;aspiration<\/td>\n<td><\/td>\n<td>interne<\/td>\n<\/tr>\n<tr>\n<td>Pression\u00a0\u00a0\u00a0d&rsquo;eau<\/td>\n<td>bar<\/td>\n<td>3.4<\/td>\n<\/tr>\n<tr>\n<td>Entr\u00e9e d&rsquo;eau\u00a0\u00a0\u00a0pouces<\/td>\n<td>inch<\/td>\n<td>\u00bd\u00a0\u00bb<\/td>\n<\/tr>\n<tr>\n<td>de sortie\u00a0\u00a0\u00a0d&rsquo;eau<\/td>\n<td>Collecteur<\/td>\n<td>3\/4&Prime;<\/td>\n<\/tr>\n<tr>\n<td>Pression de\u00a0\u00a0\u00a0gaz mbar<\/td>\n<td>mbar<\/td>\n<td>21<\/td>\n<\/tr>\n<tr>\n<td>Hauteur\u00a0\u00a0\u00a0minimale du plafond<\/td>\n<td>m<\/td>\n<td>2.7<\/td>\n<\/tr>\n<\/tbody>\n<\/table>\n<p>[\/mk_table][vc_column_text]<\/p>\n<p>[\/vc_column_text][\/vc_tta_section][\/vc_tta_tabs][\/vc_column][\/vc_row]<\/p>\n<\/div>","protected":false},"excerpt":{"rendered":"<p><strong>E-KFG 50 Four \u00e0 \u00e9tages multiples (gaz)<br \/>\n<\/strong><\/p>\n<p>Les fours multicouches EKMAK sont le four de ceux qui recherchent la tradition et la grande efficacit\u00e9.\u00a0 Offrant un design minimal, une structure durable et une surface de cuisson maximale, ces fours se distinguent par leur co\u00fbt de carburant \u00e9conomique et leur grande capacit\u00e9.\u00a0 Il est particuli\u00e8rement id\u00e9al pour cuisiner du pain traditionnel et divers produits de boulangerie.\u00a0 Gr\u00e2ce \u00e0 son syst\u00e8me d&rsquo;isolation, son br\u00fbleur performant et son syst\u00e8me de circulation de chaleur, il assure la pr\u00e9vention des d\u00e9perditions de chaleur et une faible consommation d&rsquo;\u00e9nergie. En gardant la chaleur atteinte pendant longtemps, il r\u00e9duit les co\u00fbts de carburant dans la production de haute capacit\u00e9.\u00a0 Ces fours, qui offrent des possibilit\u00e9s de cuisson \u00e9conomiques, sont efficaces et fiables tout en \u00e9tant faciles \u00e0 charger et \u00e0 d\u00e9charger.\u00a0 Tout en combinant un design traditionnel et une technologie sup\u00e9rieure, il est largement utilis\u00e9 dans de nombreuses entreprises ayant des besoins diff\u00e9rents, en particulier la patisserie, la boulangerie et les producteurs de desserts.<\/p>\n","protected":false},"featured_media":1737,"template":"","meta":[],"product_brand":[],"product_cat":[285,289],"product_tag":[305,291],"class_list":{"0":"post-896","1":"product","2":"type-product","3":"status-publish","4":"has-post-thumbnail","6":"product_cat-bakery-ovens","7":"product_cat-stone-based-deck-ovens","8":"product_tag-e-kfg-50-multi-deck-oven","9":"product_tag-ekmak","11":"first","12":"instock","13":"shipping-taxable","14":"product-type-simple"},"acf":[],"yoast_head":"<!-- This site is optimized with the Yoast SEO plugin v27.3 - https:\/\/yoast.com\/product\/yoast-seo-wordpress\/ -->\n<title>E-KFG 50 Multi Deck Oven<\/title>\n<meta name=\"robots\" content=\"index, follow, max-snippet:-1, max-image-preview:large, max-video-preview:-1\" \/>\n<link rel=\"canonical\" href=\"https:\/\/ekmak.com\/fr\/product\/e-kfg-50-multi-deck-oven\/\" \/>\n<meta property=\"og:locale\" content=\"fr_FR\" \/>\n<meta property=\"og:locale:alternate\" content=\"en_US\" \/>\n<meta property=\"og:locale:alternate\" content=\"ar\" \/>\n<meta property=\"og:locale:alternate\" content=\"ru_RU\" \/>\n<meta property=\"og:type\" content=\"article\" \/>\n<meta property=\"og:title\" content=\"E-KFG 50 Multi Deck Oven\" \/>\n<meta property=\"og:description\" content=\"E-KFG 50 Four \u00e0 \u00e9tages multiples (gaz)   Les fours multicouches EKMAK sont le four de ceux qui recherchent la tradition et la grande efficacit\u00e9.\u00a0 Offrant un design minimal, une structure durable et une surface de cuisson maximale, ces fours se distinguent par leur co\u00fbt de carburant \u00e9conomique et leur grande capacit\u00e9.\u00a0 Il est particuli\u00e8rement id\u00e9al pour cuisiner du pain traditionnel et divers produits de boulangerie.\u00a0 Gr\u00e2ce \u00e0 son syst\u00e8me d&#039;isolation, son br\u00fbleur performant et son syst\u00e8me de circulation de chaleur, il assure la pr\u00e9vention des d\u00e9perditions de chaleur et une faible consommation d&#039;\u00e9nergie. En gardant la chaleur atteinte pendant longtemps, il r\u00e9duit les co\u00fbts de carburant dans la production de haute capacit\u00e9.\u00a0 Ces fours, qui offrent des possibilit\u00e9s de cuisson \u00e9conomiques, sont efficaces et fiables tout en \u00e9tant faciles \u00e0 charger et \u00e0 d\u00e9charger.\u00a0 Tout en combinant un design traditionnel et une technologie sup\u00e9rieure, il est largement utilis\u00e9 dans de nombreuses entreprises ayant des besoins diff\u00e9rents, en particulier la patisserie, la boulangerie et les producteurs de desserts.\" \/>\n<meta property=\"og:url\" content=\"https:\/\/ekmak.com\/fr\/product\/e-kfg-50-multi-deck-oven\/\" \/>\n<meta property=\"og:site_name\" content=\"Ekmak\" \/>\n<meta property=\"article:modified_time\" content=\"2020-09-15T09:57:52+00:00\" \/>\n<meta property=\"og:image\" content=\"https:\/\/ekmak.com\/wp-content\/uploads\/2020\/03\/e-kfg-50-tas-tabanli-katli-firin-ekmak.jpg\" \/>\n\t<meta property=\"og:image:width\" content=\"1200\" \/>\n\t<meta property=\"og:image:height\" content=\"1200\" \/>\n\t<meta property=\"og:image:type\" content=\"image\/jpeg\" \/>\n<meta name=\"twitter:card\" content=\"summary_large_image\" \/>\n<meta name=\"twitter:label1\" content=\"Dur\u00e9e de lecture estim\u00e9e\" \/>\n\t<meta name=\"twitter:data1\" content=\"2 minutes\" \/>\n<script type=\"application\/ld+json\" class=\"yoast-schema-graph\">{\"@context\":\"https:\\\/\\\/schema.org\",\"@graph\":[{\"@type\":\"WebPage\",\"@id\":\"https:\\\/\\\/ekmak.com\\\/product\\\/e-kfg-50-multi-deck-oven\\\/\",\"url\":\"https:\\\/\\\/ekmak.com\\\/product\\\/e-kfg-50-multi-deck-oven\\\/\",\"name\":\"E-KFG 50 Multi Deck Oven\",\"isPartOf\":{\"@id\":\"https:\\\/\\\/ekmak.com\\\/#website\"},\"primaryImageOfPage\":{\"@id\":\"https:\\\/\\\/ekmak.com\\\/product\\\/e-kfg-50-multi-deck-oven\\\/#primaryimage\"},\"image\":{\"@id\":\"https:\\\/\\\/ekmak.com\\\/product\\\/e-kfg-50-multi-deck-oven\\\/#primaryimage\"},\"thumbnailUrl\":\"https:\\\/\\\/ekmak.com\\\/wp-content\\\/uploads\\\/2020\\\/03\\\/e-kfg-50-tas-tabanli-katli-firin-ekmak.jpg\",\"datePublished\":\"2020-03-13T18:20:38+00:00\",\"dateModified\":\"2020-09-15T09:57:52+00:00\",\"breadcrumb\":{\"@id\":\"https:\\\/\\\/ekmak.com\\\/product\\\/e-kfg-50-multi-deck-oven\\\/#breadcrumb\"},\"inLanguage\":\"fr-FR\",\"potentialAction\":[{\"@type\":\"ReadAction\",\"target\":[\"https:\\\/\\\/ekmak.com\\\/product\\\/e-kfg-50-multi-deck-oven\\\/\"]}]},{\"@type\":\"ImageObject\",\"inLanguage\":\"fr-FR\",\"@id\":\"https:\\\/\\\/ekmak.com\\\/product\\\/e-kfg-50-multi-deck-oven\\\/#primaryimage\",\"url\":\"https:\\\/\\\/ekmak.com\\\/wp-content\\\/uploads\\\/2020\\\/03\\\/e-kfg-50-tas-tabanli-katli-firin-ekmak.jpg\",\"contentUrl\":\"https:\\\/\\\/ekmak.com\\\/wp-content\\\/uploads\\\/2020\\\/03\\\/e-kfg-50-tas-tabanli-katli-firin-ekmak.jpg\",\"width\":1200,\"height\":1200},{\"@type\":\"BreadcrumbList\",\"@id\":\"https:\\\/\\\/ekmak.com\\\/product\\\/e-kfg-50-multi-deck-oven\\\/#breadcrumb\",\"itemListElement\":[{\"@type\":\"ListItem\",\"position\":1,\"name\":\"Home\",\"item\":\"https:\\\/\\\/ekmak.com\\\/\"},{\"@type\":\"ListItem\",\"position\":2,\"name\":\"Products\",\"item\":\"https:\\\/\\\/ekmak.com\\\/fr\\\/products\\\/\"},{\"@type\":\"ListItem\",\"position\":3,\"name\":\"E-KFG 50 Multi Deck Oven\"}]},{\"@type\":\"WebSite\",\"@id\":\"https:\\\/\\\/ekmak.com\\\/#website\",\"url\":\"https:\\\/\\\/ekmak.com\\\/\",\"name\":\"Ekmak\",\"description\":\"Bakery Ovens and Bread Machines\",\"publisher\":{\"@id\":\"https:\\\/\\\/ekmak.com\\\/#organization\"},\"potentialAction\":[{\"@type\":\"SearchAction\",\"target\":{\"@type\":\"EntryPoint\",\"urlTemplate\":\"https:\\\/\\\/ekmak.com\\\/?s={search_term_string}\"},\"query-input\":{\"@type\":\"PropertyValueSpecification\",\"valueRequired\":true,\"valueName\":\"search_term_string\"}}],\"inLanguage\":\"fr-FR\"},{\"@type\":\"Organization\",\"@id\":\"https:\\\/\\\/ekmak.com\\\/#organization\",\"name\":\"Ekmak\",\"url\":\"https:\\\/\\\/ekmak.com\\\/\",\"logo\":{\"@type\":\"ImageObject\",\"inLanguage\":\"fr-FR\",\"@id\":\"https:\\\/\\\/ekmak.com\\\/#\\\/schema\\\/logo\\\/image\\\/\",\"url\":\"https:\\\/\\\/ekmak.com\\\/wp-content\\\/uploads\\\/2021\\\/05\\\/logoekmaksa.png\",\"contentUrl\":\"https:\\\/\\\/ekmak.com\\\/wp-content\\\/uploads\\\/2021\\\/05\\\/logoekmaksa.png\",\"width\":301,\"height\":95,\"caption\":\"Ekmak\"},\"image\":{\"@id\":\"https:\\\/\\\/ekmak.com\\\/#\\\/schema\\\/logo\\\/image\\\/\"}}]}<\/script>\n<!-- \/ Yoast SEO plugin. -->","yoast_head_json":{"title":"E-KFG 50 Multi Deck Oven","robots":{"index":"index","follow":"follow","max-snippet":"max-snippet:-1","max-image-preview":"max-image-preview:large","max-video-preview":"max-video-preview:-1"},"canonical":"https:\/\/ekmak.com\/fr\/product\/e-kfg-50-multi-deck-oven\/","og_locale":"fr_FR","og_type":"article","og_title":"[:en]E-KFG 50 Multi Deck Oven[:fr]E-KFG 50 Multi Deck Oven[:ru]E-KFG 50 Multi Deck Oven[:] - Ekmak","og_description":"E-KFG 50 Four \u00e0 \u00e9tages multiples (gaz)   Les fours multicouches EKMAK sont le four de ceux qui recherchent la tradition et la grande efficacit\u00e9.\u00a0 Offrant un design minimal, une structure durable et une surface de cuisson maximale, ces fours se distinguent par leur co\u00fbt de carburant \u00e9conomique et leur grande capacit\u00e9.\u00a0 Il est particuli\u00e8rement id\u00e9al pour cuisiner du pain traditionnel et divers produits de boulangerie.\u00a0 Gr\u00e2ce \u00e0 son syst\u00e8me d'isolation, son br\u00fbleur performant et son syst\u00e8me de circulation de chaleur, il assure la pr\u00e9vention des d\u00e9perditions de chaleur et une faible consommation d'\u00e9nergie. En gardant la chaleur atteinte pendant longtemps, il r\u00e9duit les co\u00fbts de carburant dans la production de haute capacit\u00e9.\u00a0 Ces fours, qui offrent des possibilit\u00e9s de cuisson \u00e9conomiques, sont efficaces et fiables tout en \u00e9tant faciles \u00e0 charger et \u00e0 d\u00e9charger.\u00a0 Tout en combinant un design traditionnel et une technologie sup\u00e9rieure, il est largement utilis\u00e9 dans de nombreuses entreprises ayant des besoins diff\u00e9rents, en particulier la patisserie, la boulangerie et les producteurs de desserts.","og_url":"https:\/\/ekmak.com\/fr\/product\/e-kfg-50-multi-deck-oven\/","og_site_name":"Ekmak","article_modified_time":"2020-09-15T09:57:52+00:00","og_image":[{"width":1200,"height":1200,"url":"https:\/\/ekmak.com\/wp-content\/uploads\/2020\/03\/e-kfg-50-tas-tabanli-katli-firin-ekmak.jpg","type":"image\/jpeg"}],"twitter_card":"summary_large_image","twitter_misc":{"Dur\u00e9e de lecture estim\u00e9e":"2 minutes"},"schema":{"@context":"https:\/\/schema.org","@graph":[{"@type":"WebPage","@id":"https:\/\/ekmak.com\/product\/e-kfg-50-multi-deck-oven\/","url":"https:\/\/ekmak.com\/product\/e-kfg-50-multi-deck-oven\/","name":"E-KFG 50 Multi Deck Oven","isPartOf":{"@id":"https:\/\/ekmak.com\/#website"},"primaryImageOfPage":{"@id":"https:\/\/ekmak.com\/product\/e-kfg-50-multi-deck-oven\/#primaryimage"},"image":{"@id":"https:\/\/ekmak.com\/product\/e-kfg-50-multi-deck-oven\/#primaryimage"},"thumbnailUrl":"https:\/\/ekmak.com\/wp-content\/uploads\/2020\/03\/e-kfg-50-tas-tabanli-katli-firin-ekmak.jpg","datePublished":"2020-03-13T18:20:38+00:00","dateModified":"2020-09-15T09:57:52+00:00","breadcrumb":{"@id":"https:\/\/ekmak.com\/product\/e-kfg-50-multi-deck-oven\/#breadcrumb"},"inLanguage":"fr-FR","potentialAction":[{"@type":"ReadAction","target":["https:\/\/ekmak.com\/product\/e-kfg-50-multi-deck-oven\/"]}]},{"@type":"ImageObject","inLanguage":"fr-FR","@id":"https:\/\/ekmak.com\/product\/e-kfg-50-multi-deck-oven\/#primaryimage","url":"https:\/\/ekmak.com\/wp-content\/uploads\/2020\/03\/e-kfg-50-tas-tabanli-katli-firin-ekmak.jpg","contentUrl":"https:\/\/ekmak.com\/wp-content\/uploads\/2020\/03\/e-kfg-50-tas-tabanli-katli-firin-ekmak.jpg","width":1200,"height":1200},{"@type":"BreadcrumbList","@id":"https:\/\/ekmak.com\/product\/e-kfg-50-multi-deck-oven\/#breadcrumb","itemListElement":[{"@type":"ListItem","position":1,"name":"Home","item":"https:\/\/ekmak.com\/"},{"@type":"ListItem","position":2,"name":"Products","item":"https:\/\/ekmak.com\/fr\/products\/"},{"@type":"ListItem","position":3,"name":"E-KFG 50 Multi Deck Oven"}]},{"@type":"WebSite","@id":"https:\/\/ekmak.com\/#website","url":"https:\/\/ekmak.com\/","name":"Ekmak","description":"Bakery Ovens and Bread Machines","publisher":{"@id":"https:\/\/ekmak.com\/#organization"},"potentialAction":[{"@type":"SearchAction","target":{"@type":"EntryPoint","urlTemplate":"https:\/\/ekmak.com\/?s={search_term_string}"},"query-input":{"@type":"PropertyValueSpecification","valueRequired":true,"valueName":"search_term_string"}}],"inLanguage":"fr-FR"},{"@type":"Organization","@id":"https:\/\/ekmak.com\/#organization","name":"Ekmak","url":"https:\/\/ekmak.com\/","logo":{"@type":"ImageObject","inLanguage":"fr-FR","@id":"https:\/\/ekmak.com\/#\/schema\/logo\/image\/","url":"https:\/\/ekmak.com\/wp-content\/uploads\/2021\/05\/logoekmaksa.png","contentUrl":"https:\/\/ekmak.com\/wp-content\/uploads\/2021\/05\/logoekmaksa.png","width":301,"height":95,"caption":"Ekmak"},"image":{"@id":"https:\/\/ekmak.com\/#\/schema\/logo\/image\/"}}]}},"_links":{"self":[{"href":"https:\/\/ekmak.com\/fr\/wp-json\/wp\/v2\/product\/896","targetHints":{"allow":["GET"]}}],"collection":[{"href":"https:\/\/ekmak.com\/fr\/wp-json\/wp\/v2\/product"}],"about":[{"href":"https:\/\/ekmak.com\/fr\/wp-json\/wp\/v2\/types\/product"}],"wp:featuredmedia":[{"embeddable":true,"href":"https:\/\/ekmak.com\/fr\/wp-json\/wp\/v2\/media\/1737"}],"wp:attachment":[{"href":"https:\/\/ekmak.com\/fr\/wp-json\/wp\/v2\/media?parent=896"}],"wp:term":[{"taxonomy":"product_brand","embeddable":true,"href":"https:\/\/ekmak.com\/fr\/wp-json\/wp\/v2\/product_brand?post=896"},{"taxonomy":"product_cat","embeddable":true,"href":"https:\/\/ekmak.com\/fr\/wp-json\/wp\/v2\/product_cat?post=896"},{"taxonomy":"product_tag","embeddable":true,"href":"https:\/\/ekmak.com\/fr\/wp-json\/wp\/v2\/product_tag?post=896"}],"curies":[{"name":"wp","href":"https:\/\/api.w.org\/{rel}","templated":true}]}}