{"id":894,"date":"2020-03-12T21:14:17","date_gmt":"2020-03-12T18:14:17","guid":{"rendered":"http:\/\/ekmak.com\/y\/?post_type=product&#038;p=894"},"modified":"2020-09-15T13:33:34","modified_gmt":"2020-09-15T10:33:34","slug":"e-mkf-2-electrical-deck-oven","status":"publish","type":"product","link":"https:\/\/ekmak.com\/fr\/product\/e-mkf-2-electrical-deck-oven\/","title":{"rendered":"E-MKF 2 Electrical Deck Oven"},"content":{"rendered":"<div class=\"wpb-content-wrapper\"><p>[vc_row][vc_column][vc_tta_tabs color=\u00a0\u00bbwhite\u00a0\u00bb active_section=\u00a0\u00bb\u00a0\u00bb][vc_tta_section title=\u00a0\u00bbLes pr\u00e9-requis techniques\u00a0\u00bb tab_id=\u00a0\u00bb1598526823219-549d69fa-870c\u00a0\u00bb][mk_table]<\/p>\n<table>\n<thead>\n<tr>\n<th colspan=\"3\">Four\u00a0\u00a0\u00a0de pont \u00e9lectrique<\/th>\n<\/tr>\n<\/thead>\n<tbody>\n<tr>\n<td><\/td>\n<td>Unit\u00e9<\/td>\n<td>E-MKF 2<\/td>\n<\/tr>\n<tr>\n<td rowspan=\"2\">Capacit\u00e9\u00a0\u00a0\u00a0de cuisson<\/td>\n<td>kg\/hr<\/td>\n<td>25<\/td>\n<\/tr>\n<tr>\n<td>Pcs (pain)<\/td>\n<td>80<\/td>\n<\/tr>\n<tr>\n<td>Dimensions du\u00a0\u00a0\u00a0plateau<\/td>\n<td>cm<\/td>\n<td>8*40&#215;60<\/td>\n<\/tr>\n<tr>\n<td>Zone de\u00a0\u00a0\u00a0cuisson<\/td>\n<td>m\u00b2<\/td>\n<td>2,00<\/td>\n<\/tr>\n<tr>\n<td>Largeur de la\u00a0\u00a0\u00a0surface de cuisson<\/td>\n<td>cm<\/td>\n<td>120<\/td>\n<\/tr>\n<tr>\n<td>Profondeur de\u00a0\u00a0\u00a0la surface de cuisson<\/td>\n<td>cm<\/td>\n<td>85<\/td>\n<\/tr>\n<tr>\n<td>En hauteur de\u00a0\u00a0\u00a0pont<\/td>\n<td>cm<\/td>\n<td>185-210mm<\/td>\n<\/tr>\n<tr>\n<td>Poids<\/td>\n<td>Kg<\/td>\n<td>700<\/td>\n<\/tr>\n<tr>\n<td>Largeur de\u00a0\u00a0\u00a0dimension<\/td>\n<td>cm<\/td>\n<td>190<\/td>\n<\/tr>\n<tr>\n<td>Profondeur de\u00a0\u00a0\u00a0la machine<\/td>\n<td>cm<\/td>\n<td>240<\/td>\n<\/tr>\n<tr>\n<td>Hauteur de la\u00a0\u00a0\u00a0machine<\/td>\n<td>cm<\/td>\n<td>160<\/td>\n<\/tr>\n<tr>\n<td>Source\u00a0\u00a0\u00a0d&rsquo;\u00e9nergie<\/td>\n<td><\/td>\n<td>\u00c9lectrique<\/td>\n<\/tr>\n<tr>\n<td>Connexion\u00a0\u00a0\u00a0\u00e9lectrique<\/td>\n<td><\/td>\n<td>380V\u00a0\u00a0\u00a0\/50-60Hz \/ 3P+N<\/td>\n<\/tr>\n<tr>\n<td>Puissance<\/td>\n<td>kw<\/td>\n<td>23<\/td>\n<\/tr>\n<tr>\n<td>Consommation<\/td>\n<td>kw\/hr<\/td>\n<td>15<\/td>\n<\/tr>\n<tr>\n<td>Temps de\u00a0\u00a0\u00a0cuisson<\/td>\n<td>min<\/td>\n<td>15-20<\/td>\n<\/tr>\n<tr>\n<td>Temprature fonctionnante maximum<\/td>\n<td>\u00b0C<\/td>\n<td>350<\/td>\n<\/tr>\n<tr>\n<td>Syst\u00e8me de\u00a0\u00a0\u00a0chauffage<\/td>\n<td>Indirect<\/td>\n<td>R\u00e9sistance\u00a0\u00a0\u00a0c\u00e9ramique avec base en pierre<\/td>\n<\/tr>\n<tr>\n<td>Capacit\u00e9 de\u00a0\u00a0\u00a0chauffage<\/td>\n<td>Kcal\/hr<\/td>\n<td>35.000<\/td>\n<\/tr>\n<tr>\n<td>Syst\u00e8me de\u00a0\u00a0\u00a0contr\u00f4le<\/td>\n<td>Type analogique<\/td>\n<td>Num\u00e9rique<\/td>\n<\/tr>\n<tr>\n<td>Isolation<\/td>\n<td><\/td>\n<td>Laine de roche<\/td>\n<\/tr>\n<tr>\n<td>Connexion du\u00a0\u00a0\u00a0tuyau de vapeur<\/td>\n<td>cm<\/td>\n<td><\/td>\n<\/tr>\n<tr>\n<td>Support Steam<\/td>\n<td>\u0130nterne<\/td>\n<td>G\u00e9n\u00e9rateur de vapeur<\/td>\n<\/tr>\n<tr>\n<td>Syst\u00e8me\u00a0\u00a0\u00a0d&rsquo;aspiration<\/td>\n<td><\/td>\n<td>\u0130nterne<\/td>\n<\/tr>\n<tr>\n<td>Pression de\u00a0\u00a0\u00a0l&rsquo;eau<\/td>\n<td>bar<\/td>\n<td>3.4<\/td>\n<\/tr>\n<tr>\n<td>Arriv\u00e9e d&rsquo;eau<\/td>\n<td>inch<\/td>\n<td>\u00bd\u00a0\u00bb<\/td>\n<\/tr>\n<tr>\n<td>Sortie d&rsquo;eau<\/td>\n<td>Collecteur<\/td>\n<td>3\/4&Prime;<\/td>\n<\/tr>\n<tr>\n<td>Hauteur\u00a0\u00a0\u00a0minimale du plafond<\/td>\n<td>m<\/td>\n<td>2.7<\/td>\n<\/tr>\n<\/tbody>\n<\/table>\n<p>[\/mk_table][vc_column_text]<\/p>\n<p>[\/vc_column_text][\/vc_tta_section][\/vc_tta_tabs][\/vc_column][\/vc_row][vc_row][vc_column][vc_column_text]<\/p>\n<p>[\/vc_column_text][\/vc_column][\/vc_row]<\/p>\n<\/div>","protected":false},"excerpt":{"rendered":"<p><strong>E-MKF 2 Four de pont \u00e9lectrique<br \/>\n<\/strong><\/p>\n<p>Les fours modulaires multicouches avec la capacit\u00e9 de cuire diff\u00e9rents produits qui n\u00e9cessitent des temp\u00e9ratures et des temps diff\u00e9rents en m\u00eame temps, sont les fours qui offrent une utilisation pratique \u00e0 la demande des petits et moyens ateliers, des p\u00e2tisseries, des cuisines d&rsquo;h\u00f4tel, des fours \u00e0 pain. Gr\u00e2ce au fait que les yeux de cuisson peuvent \u00eatre contr\u00f4l\u00e9s ind\u00e9pendamment, quels que soient la temp\u00e9rature, le temps et les besoins en vapeur, il garantit la qualit\u00e9 souhait\u00e9e du produit en cuisson \u00e0 la po\u00eale ou directement. Les fours modulaires multicouches utilis\u00e9s avec cabine de fermentation sur demande, varient en nombre et en taille des yeux selon la capacit\u00e9 et les besoins.<\/p>\n","protected":false},"featured_media":1743,"template":"","meta":[],"product_brand":[],"product_cat":[285,288],"product_tag":[309,291],"class_list":{"0":"post-894","1":"product","2":"type-product","3":"status-publish","4":"has-post-thumbnail","6":"product_cat-bakery-ovens","7":"product_cat-modular-deck-ovens","8":"product_tag-e-mkf-2-electrical-deck-oven","9":"product_tag-ekmak","11":"first","12":"instock","13":"shipping-taxable","14":"product-type-simple"},"acf":[],"yoast_head":"<!-- This site is optimized with the Yoast SEO plugin v27.3 - https:\/\/yoast.com\/product\/yoast-seo-wordpress\/ -->\n<title>E-MKF 2 Electrical Deck Oven<\/title>\n<meta name=\"robots\" content=\"index, follow, max-snippet:-1, max-image-preview:large, max-video-preview:-1\" \/>\n<link rel=\"canonical\" href=\"https:\/\/ekmak.com\/fr\/product\/e-mkf-2-electrical-deck-oven\/\" \/>\n<meta property=\"og:locale\" content=\"fr_FR\" \/>\n<meta property=\"og:locale:alternate\" content=\"en_US\" \/>\n<meta property=\"og:locale:alternate\" content=\"ar\" \/>\n<meta property=\"og:locale:alternate\" content=\"ru_RU\" \/>\n<meta property=\"og:type\" content=\"article\" \/>\n<meta property=\"og:title\" content=\"E-MKF 2 Electrical Deck Oven\" \/>\n<meta property=\"og:description\" content=\"E-MKF 2 Four de pont \u00e9lectrique   Les fours modulaires multicouches avec la capacit\u00e9 de cuire diff\u00e9rents produits qui n\u00e9cessitent des temp\u00e9ratures et des temps diff\u00e9rents en m\u00eame temps, sont les fours qui offrent une utilisation pratique \u00e0 la demande des petits et moyens ateliers, des p\u00e2tisseries, des cuisines d&#039;h\u00f4tel, des fours \u00e0 pain. Gr\u00e2ce au fait que les yeux de cuisson peuvent \u00eatre contr\u00f4l\u00e9s ind\u00e9pendamment, quels que soient la temp\u00e9rature, le temps et les besoins en vapeur, il garantit la qualit\u00e9 souhait\u00e9e du produit en cuisson \u00e0 la po\u00eale ou directement. Les fours modulaires multicouches utilis\u00e9s avec cabine de fermentation sur demande, varient en nombre et en taille des yeux selon la capacit\u00e9 et les besoins.\" \/>\n<meta property=\"og:url\" content=\"https:\/\/ekmak.com\/fr\/product\/e-mkf-2-electrical-deck-oven\/\" \/>\n<meta property=\"og:site_name\" content=\"Ekmak\" \/>\n<meta property=\"article:modified_time\" content=\"2020-09-15T10:33:34+00:00\" \/>\n<meta property=\"og:image\" content=\"https:\/\/ekmak.com\/wp-content\/uploads\/2020\/03\/e-mkf2-elektrikli-katli-firin.jpg\" \/>\n\t<meta property=\"og:image:width\" content=\"1500\" \/>\n\t<meta property=\"og:image:height\" content=\"1500\" \/>\n\t<meta property=\"og:image:type\" content=\"image\/jpeg\" \/>\n<meta name=\"twitter:card\" content=\"summary_large_image\" \/>\n<meta name=\"twitter:label1\" content=\"Dur\u00e9e de lecture estim\u00e9e\" \/>\n\t<meta name=\"twitter:data1\" content=\"2 minutes\" \/>\n<script type=\"application\/ld+json\" class=\"yoast-schema-graph\">{\"@context\":\"https:\\\/\\\/schema.org\",\"@graph\":[{\"@type\":\"WebPage\",\"@id\":\"https:\\\/\\\/ekmak.com\\\/ru\\\/product\\\/e-mkf-2-electrical-deck-oven\\\/\",\"url\":\"https:\\\/\\\/ekmak.com\\\/ru\\\/product\\\/e-mkf-2-electrical-deck-oven\\\/\",\"name\":\"E-MKF 2 Electrical Deck Oven\",\"isPartOf\":{\"@id\":\"https:\\\/\\\/ekmak.com\\\/#website\"},\"primaryImageOfPage\":{\"@id\":\"https:\\\/\\\/ekmak.com\\\/ru\\\/product\\\/e-mkf-2-electrical-deck-oven\\\/#primaryimage\"},\"image\":{\"@id\":\"https:\\\/\\\/ekmak.com\\\/ru\\\/product\\\/e-mkf-2-electrical-deck-oven\\\/#primaryimage\"},\"thumbnailUrl\":\"https:\\\/\\\/ekmak.com\\\/wp-content\\\/uploads\\\/2020\\\/03\\\/e-mkf2-elektrikli-katli-firin.jpg\",\"datePublished\":\"2020-03-12T18:14:17+00:00\",\"dateModified\":\"2020-09-15T10:33:34+00:00\",\"breadcrumb\":{\"@id\":\"https:\\\/\\\/ekmak.com\\\/ru\\\/product\\\/e-mkf-2-electrical-deck-oven\\\/#breadcrumb\"},\"inLanguage\":\"fr-FR\",\"potentialAction\":[{\"@type\":\"ReadAction\",\"target\":[\"https:\\\/\\\/ekmak.com\\\/ru\\\/product\\\/e-mkf-2-electrical-deck-oven\\\/\"]}]},{\"@type\":\"ImageObject\",\"inLanguage\":\"fr-FR\",\"@id\":\"https:\\\/\\\/ekmak.com\\\/ru\\\/product\\\/e-mkf-2-electrical-deck-oven\\\/#primaryimage\",\"url\":\"https:\\\/\\\/ekmak.com\\\/wp-content\\\/uploads\\\/2020\\\/03\\\/e-mkf2-elektrikli-katli-firin.jpg\",\"contentUrl\":\"https:\\\/\\\/ekmak.com\\\/wp-content\\\/uploads\\\/2020\\\/03\\\/e-mkf2-elektrikli-katli-firin.jpg\",\"width\":1500,\"height\":1500},{\"@type\":\"BreadcrumbList\",\"@id\":\"https:\\\/\\\/ekmak.com\\\/ru\\\/product\\\/e-mkf-2-electrical-deck-oven\\\/#breadcrumb\",\"itemListElement\":[{\"@type\":\"ListItem\",\"position\":1,\"name\":\"Home\",\"item\":\"https:\\\/\\\/ekmak.com\\\/\"},{\"@type\":\"ListItem\",\"position\":2,\"name\":\"Products\",\"item\":\"https:\\\/\\\/ekmak.com\\\/fr\\\/products\\\/\"},{\"@type\":\"ListItem\",\"position\":3,\"name\":\"E-MKF 2 Electrical Deck Oven\"}]},{\"@type\":\"WebSite\",\"@id\":\"https:\\\/\\\/ekmak.com\\\/#website\",\"url\":\"https:\\\/\\\/ekmak.com\\\/\",\"name\":\"Ekmak\",\"description\":\"Bakery Ovens and Bread Machines\",\"publisher\":{\"@id\":\"https:\\\/\\\/ekmak.com\\\/#organization\"},\"potentialAction\":[{\"@type\":\"SearchAction\",\"target\":{\"@type\":\"EntryPoint\",\"urlTemplate\":\"https:\\\/\\\/ekmak.com\\\/?s={search_term_string}\"},\"query-input\":{\"@type\":\"PropertyValueSpecification\",\"valueRequired\":true,\"valueName\":\"search_term_string\"}}],\"inLanguage\":\"fr-FR\"},{\"@type\":\"Organization\",\"@id\":\"https:\\\/\\\/ekmak.com\\\/#organization\",\"name\":\"Ekmak\",\"url\":\"https:\\\/\\\/ekmak.com\\\/\",\"logo\":{\"@type\":\"ImageObject\",\"inLanguage\":\"fr-FR\",\"@id\":\"https:\\\/\\\/ekmak.com\\\/#\\\/schema\\\/logo\\\/image\\\/\",\"url\":\"https:\\\/\\\/ekmak.com\\\/wp-content\\\/uploads\\\/2021\\\/05\\\/logoekmaksa.png\",\"contentUrl\":\"https:\\\/\\\/ekmak.com\\\/wp-content\\\/uploads\\\/2021\\\/05\\\/logoekmaksa.png\",\"width\":301,\"height\":95,\"caption\":\"Ekmak\"},\"image\":{\"@id\":\"https:\\\/\\\/ekmak.com\\\/#\\\/schema\\\/logo\\\/image\\\/\"}}]}<\/script>\n<!-- \/ Yoast SEO plugin. -->","yoast_head_json":{"title":"E-MKF 2 Electrical Deck Oven","robots":{"index":"index","follow":"follow","max-snippet":"max-snippet:-1","max-image-preview":"max-image-preview:large","max-video-preview":"max-video-preview:-1"},"canonical":"https:\/\/ekmak.com\/fr\/product\/e-mkf-2-electrical-deck-oven\/","og_locale":"fr_FR","og_type":"article","og_title":"[:en]E-MKF 2 Electrical Deck Oven[:fr]E-MKF 2 Electrical Deck Oven[:ru]E-MKF 2 Electrical Deck Oven[:] - Ekmak","og_description":"E-MKF 2 Four de pont \u00e9lectrique   Les fours modulaires multicouches avec la capacit\u00e9 de cuire diff\u00e9rents produits qui n\u00e9cessitent des temp\u00e9ratures et des temps diff\u00e9rents en m\u00eame temps, sont les fours qui offrent une utilisation pratique \u00e0 la demande des petits et moyens ateliers, des p\u00e2tisseries, des cuisines d'h\u00f4tel, des fours \u00e0 pain. Gr\u00e2ce au fait que les yeux de cuisson peuvent \u00eatre contr\u00f4l\u00e9s ind\u00e9pendamment, quels que soient la temp\u00e9rature, le temps et les besoins en vapeur, il garantit la qualit\u00e9 souhait\u00e9e du produit en cuisson \u00e0 la po\u00eale ou directement. Les fours modulaires multicouches utilis\u00e9s avec cabine de fermentation sur demande, varient en nombre et en taille des yeux selon la capacit\u00e9 et les besoins.","og_url":"https:\/\/ekmak.com\/fr\/product\/e-mkf-2-electrical-deck-oven\/","og_site_name":"Ekmak","article_modified_time":"2020-09-15T10:33:34+00:00","og_image":[{"width":1500,"height":1500,"url":"https:\/\/ekmak.com\/wp-content\/uploads\/2020\/03\/e-mkf2-elektrikli-katli-firin.jpg","type":"image\/jpeg"}],"twitter_card":"summary_large_image","twitter_misc":{"Dur\u00e9e de lecture estim\u00e9e":"2 minutes"},"schema":{"@context":"https:\/\/schema.org","@graph":[{"@type":"WebPage","@id":"https:\/\/ekmak.com\/ru\/product\/e-mkf-2-electrical-deck-oven\/","url":"https:\/\/ekmak.com\/ru\/product\/e-mkf-2-electrical-deck-oven\/","name":"E-MKF 2 Electrical Deck Oven","isPartOf":{"@id":"https:\/\/ekmak.com\/#website"},"primaryImageOfPage":{"@id":"https:\/\/ekmak.com\/ru\/product\/e-mkf-2-electrical-deck-oven\/#primaryimage"},"image":{"@id":"https:\/\/ekmak.com\/ru\/product\/e-mkf-2-electrical-deck-oven\/#primaryimage"},"thumbnailUrl":"https:\/\/ekmak.com\/wp-content\/uploads\/2020\/03\/e-mkf2-elektrikli-katli-firin.jpg","datePublished":"2020-03-12T18:14:17+00:00","dateModified":"2020-09-15T10:33:34+00:00","breadcrumb":{"@id":"https:\/\/ekmak.com\/ru\/product\/e-mkf-2-electrical-deck-oven\/#breadcrumb"},"inLanguage":"fr-FR","potentialAction":[{"@type":"ReadAction","target":["https:\/\/ekmak.com\/ru\/product\/e-mkf-2-electrical-deck-oven\/"]}]},{"@type":"ImageObject","inLanguage":"fr-FR","@id":"https:\/\/ekmak.com\/ru\/product\/e-mkf-2-electrical-deck-oven\/#primaryimage","url":"https:\/\/ekmak.com\/wp-content\/uploads\/2020\/03\/e-mkf2-elektrikli-katli-firin.jpg","contentUrl":"https:\/\/ekmak.com\/wp-content\/uploads\/2020\/03\/e-mkf2-elektrikli-katli-firin.jpg","width":1500,"height":1500},{"@type":"BreadcrumbList","@id":"https:\/\/ekmak.com\/ru\/product\/e-mkf-2-electrical-deck-oven\/#breadcrumb","itemListElement":[{"@type":"ListItem","position":1,"name":"Home","item":"https:\/\/ekmak.com\/"},{"@type":"ListItem","position":2,"name":"Products","item":"https:\/\/ekmak.com\/fr\/products\/"},{"@type":"ListItem","position":3,"name":"E-MKF 2 Electrical Deck Oven"}]},{"@type":"WebSite","@id":"https:\/\/ekmak.com\/#website","url":"https:\/\/ekmak.com\/","name":"Ekmak","description":"Bakery Ovens and Bread Machines","publisher":{"@id":"https:\/\/ekmak.com\/#organization"},"potentialAction":[{"@type":"SearchAction","target":{"@type":"EntryPoint","urlTemplate":"https:\/\/ekmak.com\/?s={search_term_string}"},"query-input":{"@type":"PropertyValueSpecification","valueRequired":true,"valueName":"search_term_string"}}],"inLanguage":"fr-FR"},{"@type":"Organization","@id":"https:\/\/ekmak.com\/#organization","name":"Ekmak","url":"https:\/\/ekmak.com\/","logo":{"@type":"ImageObject","inLanguage":"fr-FR","@id":"https:\/\/ekmak.com\/#\/schema\/logo\/image\/","url":"https:\/\/ekmak.com\/wp-content\/uploads\/2021\/05\/logoekmaksa.png","contentUrl":"https:\/\/ekmak.com\/wp-content\/uploads\/2021\/05\/logoekmaksa.png","width":301,"height":95,"caption":"Ekmak"},"image":{"@id":"https:\/\/ekmak.com\/#\/schema\/logo\/image\/"}}]}},"_links":{"self":[{"href":"https:\/\/ekmak.com\/fr\/wp-json\/wp\/v2\/product\/894","targetHints":{"allow":["GET"]}}],"collection":[{"href":"https:\/\/ekmak.com\/fr\/wp-json\/wp\/v2\/product"}],"about":[{"href":"https:\/\/ekmak.com\/fr\/wp-json\/wp\/v2\/types\/product"}],"wp:featuredmedia":[{"embeddable":true,"href":"https:\/\/ekmak.com\/fr\/wp-json\/wp\/v2\/media\/1743"}],"wp:attachment":[{"href":"https:\/\/ekmak.com\/fr\/wp-json\/wp\/v2\/media?parent=894"}],"wp:term":[{"taxonomy":"product_brand","embeddable":true,"href":"https:\/\/ekmak.com\/fr\/wp-json\/wp\/v2\/product_brand?post=894"},{"taxonomy":"product_cat","embeddable":true,"href":"https:\/\/ekmak.com\/fr\/wp-json\/wp\/v2\/product_cat?post=894"},{"taxonomy":"product_tag","embeddable":true,"href":"https:\/\/ekmak.com\/fr\/wp-json\/wp\/v2\/product_tag?post=894"}],"curies":[{"name":"wp","href":"https:\/\/api.w.org\/{rel}","templated":true}]}}