{"id":858,"date":"2020-03-15T15:08:27","date_gmt":"2020-03-15T12:08:27","guid":{"rendered":"http:\/\/ekmak.com\/y\/?post_type=product&#038;p=858"},"modified":"2020-09-16T17:01:04","modified_gmt":"2020-09-16T14:01:04","slug":"e-dfe-200-rotary-rack-oven-electrical","status":"publish","type":"product","link":"https:\/\/ekmak.com\/fr\/product\/e-dfe-200-rotary-rack-oven-electrical\/","title":{"rendered":"E-DFE 200 Rotary Rack Oven (Electrical)"},"content":{"rendered":"<div class=\"wpb-content-wrapper\"><p>[vc_row][vc_column][vc_tta_tabs color=\u00a0\u00bbwhite\u00a0\u00bb active_section=\u00a0\u00bb\u00a0\u00bb][vc_tta_section title=\u00a0\u00bbles pr\u00e9-requis techniques\u00a0\u00bb tab_id=\u00a0\u00bb1598526823219-549d69fa-870c\u00a0\u00bb][mk_table]<\/p>\n<table style=\"height: 1065px;\" width=\"480\">\n<thead>\n<tr>\n<th colspan=\"3\">Four\u00a0\u00a0\u00a0\u00e0 Chariot Rotatif (\u00c9lectrique)<\/th>\n<\/tr>\n<\/thead>\n<tbody>\n<tr>\n<td><\/td>\n<td>unit\u00e9<\/td>\n<td>E-DFE 200<\/td>\n<\/tr>\n<tr>\n<td rowspan=\"2\">capacit\u00e9 de cuisson<\/td>\n<td>kg \/ h<\/td>\n<td>200<\/td>\n<\/tr>\n<tr>\n<td>Pcs (pain)<\/td>\n<td>700<\/td>\n<\/tr>\n<tr>\n<td>Capacit\u00e9 du\u00a0\u00a0\u00a0chariot<\/td>\n<td>Pi\u00e8ces<\/td>\n<td>1<\/td>\n<\/tr>\n<tr>\n<td>Dimensions du\u00a0\u00a0\u00a0chariot<\/td>\n<td>cm<\/td>\n<td>80x95x183<\/td>\n<\/tr>\n<tr>\n<td rowspan=\"2\">Dimensions du plateau<\/td>\n<td rowspan=\"2\">cm<\/td>\n<td>75&#215;104<\/td>\n<\/tr>\n<tr>\n<td>74&#215;98<\/td>\n<\/tr>\n<tr>\n<td>capacit\u00e9 de\u00a0\u00a0\u00a0plateau<\/td>\n<td>Pi\u00e8ces<\/td>\n<td>15-18<\/td>\n<\/tr>\n<tr>\n<td>Distance entre\u00a0\u00a0\u00a0plateau<\/td>\n<td>cm<\/td>\n<td>8-12<\/td>\n<\/tr>\n<tr>\n<td>Zone de\u00a0\u00a0\u00a0cuisson<\/td>\n<td>m\u00b2<\/td>\n<td>14,00<\/td>\n<\/tr>\n<tr>\n<td>Poids<\/td>\n<td>Kg<\/td>\n<td>2085<\/td>\n<\/tr>\n<tr>\n<td>Dimensions\u00a0\u00a0\u00a0(largeur)<\/td>\n<td>cm<\/td>\n<td>180<\/td>\n<\/tr>\n<tr>\n<td>Profondeur de\u00a0\u00a0\u00a0la machine<\/td>\n<td>cm<\/td>\n<td>265<\/td>\n<\/tr>\n<tr>\n<td>Hauteur de la\u00a0\u00a0\u00a0machine<\/td>\n<td>cm<\/td>\n<td>258<\/td>\n<\/tr>\n<tr>\n<td>Type d&rsquo;\u00e9nergie<\/td>\n<td><\/td>\n<td>\u00c9lectrique<\/td>\n<\/tr>\n<tr>\n<td>Connexion\u00a0\u00a0\u00a0\u00e9lectrique<\/td>\n<td><\/td>\n<td>380V\u00a0\u00a0\u00a0\/50-60Hz \/ 3P+N<\/td>\n<\/tr>\n<tr>\n<td>Puissance<\/td>\n<td>kw<\/td>\n<td>85<\/td>\n<\/tr>\n<tr>\n<td>Consommation<\/td>\n<td>kw\/hr<\/td>\n<td>45<\/td>\n<\/tr>\n<tr>\n<td>Temps de\u00a0\u00a0\u00a0cuisson<\/td>\n<td>min<\/td>\n<td>15-20<\/td>\n<\/tr>\n<tr>\n<td>Temp\u00e9rature de travail max<\/td>\n<td>\u00b0C<\/td>\n<td>320<\/td>\n<\/tr>\n<tr>\n<td>Syst\u00e8me de\u00a0\u00a0\u00a0chauffage<\/td>\n<td>Convectional<\/td>\n<td>Circulation\u00a0\u00a0\u00a0d&rsquo;air<\/td>\n<\/tr>\n<tr>\n<td>Capacit\u00e9 de\u00a0\u00a0\u00a0chauffage<\/td>\n<td>Kcal\/hr<\/td>\n<td>100.000<\/td>\n<\/tr>\n<tr>\n<td>Syst\u00e8me de\u00a0\u00a0\u00a0contr\u00f4le<\/td>\n<td>Type analogique<\/td>\n<td>Num\u00e9rique<\/td>\n<\/tr>\n<tr>\n<td>Isolation<\/td>\n<td><\/td>\n<td>Laine de roche<\/td>\n<\/tr>\n<tr>\n<td>Ouverture de\u00a0\u00a0\u00a0porte<\/td>\n<td>De devant<\/td>\n<td>La gauche<\/td>\n<\/tr>\n<tr>\n<td>Largeur\u00a0\u00a0\u00a0d&rsquo;ouverture de porte<\/td>\n<td>cm<\/td>\n<td>99<\/td>\n<\/tr>\n<tr>\n<td>Syst\u00e8me de\u00a0\u00a0\u00a0rotation<\/td>\n<td>Type<\/td>\n<td>Plateforme tournante<\/td>\n<\/tr>\n<tr>\n<td>Connexion du tuyau d&rsquo;\u00e9chappement<\/td>\n<td>cm<\/td>\n<td>\u00d8125<\/td>\n<\/tr>\n<tr>\n<td>Connexion du tuyau de vapeur<\/td>\n<td>Interne<\/td>\n<td>Type de cassette<\/td>\n<\/tr>\n<tr>\n<td>Syst\u00e8me\u00a0\u00a0\u00a0d&rsquo;aspiration<\/td>\n<td><\/td>\n<td>Interne<\/td>\n<\/tr>\n<tr>\n<td>Pression de\u00a0\u00a0\u00a0l&rsquo;eau<\/td>\n<td>bar<\/td>\n<td>3.4<\/td>\n<\/tr>\n<tr>\n<td>Arriv\u00e9e d&rsquo;eau<\/td>\n<td>inch<\/td>\n<td>\u00bd\u00a0\u00bb<\/td>\n<\/tr>\n<tr>\n<td>Sortie d&rsquo;eau<\/td>\n<td>Collector<\/td>\n<td>3\/4&Prime;<\/td>\n<\/tr>\n<tr>\n<td>Hauteur\u00a0\u00a0\u00a0minimale du plafond<\/td>\n<td>m<\/td>\n<td>3.0<\/td>\n<\/tr>\n<tr>\n<td>Exigence de\u00a0\u00a0\u00a0zone id\u00e9ale<\/td>\n<td>m\u00b2<\/td>\n<td>16.5 (3.3 x 5mt)<\/td>\n<\/tr>\n<tr>\n<td>Distance lorsque la porte est ouverte<\/td>\n<td>m<\/td>\n<td>3.5<\/td>\n<\/tr>\n<\/tbody>\n<\/table>\n<p>[\/mk_table][vc_column_text]<\/p>\n<p>&nbsp;<\/p>\n<p>[\/vc_column_text][\/vc_tta_section][\/vc_tta_tabs][\/vc_column][\/vc_row]<\/p>\n<\/div>","protected":false},"excerpt":{"rendered":"<p><strong>E-DFE 200 Four \u00e0 Chariot Rotatif (\u00c9lectrique)<br \/>\n<\/strong><\/p>\n<p>Les mod\u00e8les de fours \u00e0 chariot rotatif produits par EKMAK garantissent la facilit\u00e9 d&rsquo;utilisation et d&rsquo;entretien pour les boulangers avec des fours rotatifs \u00e0 haute efficacit\u00e9, flexibles et durables qui offrent une large gamme de solutions de cuisson pour le pain et les produits de boulangerie gr\u00e2ce \u00e0 son exp\u00e9rience dans les machines et son expertise dans la boulangerie.\u00a0\u00a0 Les fours EKMAK, qui garantissent de d\u00e9licieux produits de boulangerie, rendent la partie de cuisson parfaite, l&rsquo;\u00e9tape la plus importante de la boulangerie, et permettent de cuire de nombreux types de pain et de produits de boulangerie avec la facilit\u00e9 du syst\u00e8me de four rotatif et la possibilit\u00e9 de production flexible qu&rsquo;ils offrent. Les fours rotatifs offrent une production de haute qualit\u00e9 avec des performances \u00e9lev\u00e9es et de faibles co\u00fbts d&rsquo;exploitation.\u00a0 Avec leurs structures robustes et fiables, les fours Ekmak sont toujours adapt\u00e9s \u00e0 une utilisation dans des domaines avec une production de capacit\u00e9 \u00e9lev\u00e9e tels que les p\u00e2tisseries, les caf\u00e9s, la fabrication centrale, les entreprises de production alimentaire et les d\u00e9partements de produits de boulangerie des march\u00e9s. Ils sont adapt\u00e9s pour la production dans une large gamme de produits de pain de poids \u00e9lev\u00e9 qui n\u00e9cessitent une vapeur forte, \u00e0 divers types de pain; des produits de boulangerie tels que de bagel\/simit, de po\u011fa\u00e7a, d&rsquo;a\u00e7ma, de kurabiye et de kek, aux desserts, p\u00e2tisseries et p\u00e2tes, aux diff\u00e9rents poids, formes et vari\u00e9t\u00e9s de hamburgers, sandwichs, doner et petits pains.<\/p>\n","protected":false},"featured_media":1719,"template":"","meta":[],"product_brand":[],"product_cat":[285,346,286],"product_tag":[292,291],"class_list":{"0":"post-858","1":"product","2":"type-product","3":"status-publish","4":"has-post-thumbnail","6":"product_cat-bakery-ovens","7":"product_cat-electrical-ovens","8":"product_cat-rotary-rack-ovens","9":"product_tag-e-dfe-200-rotary-rack-oven-electrical","10":"product_tag-ekmak","12":"first","13":"instock","14":"shipping-taxable","15":"product-type-simple"},"acf":[],"yoast_head":"<!-- This site is optimized with the Yoast SEO plugin v27.3 - https:\/\/yoast.com\/product\/yoast-seo-wordpress\/ -->\n<title>E-DFE 200 Rotary Rack Oven (Electrical)<\/title>\n<meta name=\"robots\" content=\"index, follow, max-snippet:-1, max-image-preview:large, max-video-preview:-1\" \/>\n<link rel=\"canonical\" href=\"https:\/\/ekmak.com\/fr\/product\/e-dfe-200-rotary-rack-oven-electrical\/\" \/>\n<meta property=\"og:locale\" content=\"fr_FR\" \/>\n<meta property=\"og:locale:alternate\" content=\"en_US\" \/>\n<meta property=\"og:locale:alternate\" content=\"ar\" \/>\n<meta property=\"og:locale:alternate\" content=\"ru_RU\" \/>\n<meta property=\"og:type\" content=\"article\" \/>\n<meta property=\"og:title\" content=\"E-DFE 200 Rotary Rack Oven (Electrical)\" \/>\n<meta property=\"og:description\" content=\"E-DFE 200 Four \u00e0 Chariot Rotatif (\u00c9lectrique)   Les mod\u00e8les de fours \u00e0 chariot rotatif produits par EKMAK garantissent la facilit\u00e9 d&#039;utilisation et d&#039;entretien pour les boulangers avec des fours rotatifs \u00e0 haute efficacit\u00e9, flexibles et durables qui offrent une large gamme de solutions de cuisson pour le pain et les produits de boulangerie gr\u00e2ce \u00e0 son exp\u00e9rience dans les machines et son expertise dans la boulangerie.\u00a0\u00a0 Les fours EKMAK, qui garantissent de d\u00e9licieux produits de boulangerie, rendent la partie de cuisson parfaite, l&#039;\u00e9tape la plus importante de la boulangerie, et permettent de cuire de nombreux types de pain et de produits de boulangerie avec la facilit\u00e9 du syst\u00e8me de four rotatif et la possibilit\u00e9 de production flexible qu&#039;ils offrent. Les fours rotatifs offrent une production de haute qualit\u00e9 avec des performances \u00e9lev\u00e9es et de faibles co\u00fbts d&#039;exploitation.\u00a0 Avec leurs structures robustes et fiables, les fours Ekmak sont toujours adapt\u00e9s \u00e0 une utilisation dans des domaines avec une production de capacit\u00e9 \u00e9lev\u00e9e tels que les p\u00e2tisseries, les caf\u00e9s, la fabrication centrale, les entreprises de production alimentaire et les d\u00e9partements de produits de boulangerie des march\u00e9s. Ils sont adapt\u00e9s pour la production dans une large gamme de produits de pain de poids \u00e9lev\u00e9 qui n\u00e9cessitent une vapeur forte, \u00e0 divers types de pain; des produits de boulangerie tels que de bagel\/simit, de po\u011fa\u00e7a, d&#039;a\u00e7ma, de kurabiye et de kek, aux desserts, p\u00e2tisseries et p\u00e2tes, aux diff\u00e9rents poids, formes et vari\u00e9t\u00e9s de hamburgers, sandwichs, doner et petits pains.\" \/>\n<meta property=\"og:url\" content=\"https:\/\/ekmak.com\/fr\/product\/e-dfe-200-rotary-rack-oven-electrical\/\" \/>\n<meta property=\"og:site_name\" content=\"Ekmak\" \/>\n<meta property=\"article:modified_time\" content=\"2020-09-16T14:01:04+00:00\" \/>\n<meta property=\"og:image\" content=\"https:\/\/ekmak.com\/wp-content\/uploads\/2020\/03\/e-dfe-200-mini-doner-firin-elektrikli-600x600-1.jpg\" \/>\n\t<meta property=\"og:image:width\" content=\"600\" \/>\n\t<meta property=\"og:image:height\" content=\"600\" \/>\n\t<meta property=\"og:image:type\" content=\"image\/jpeg\" \/>\n<meta name=\"twitter:card\" content=\"summary_large_image\" \/>\n<meta name=\"twitter:label1\" content=\"Dur\u00e9e de lecture estim\u00e9e\" \/>\n\t<meta name=\"twitter:data1\" content=\"2 minutes\" \/>\n<script type=\"application\/ld+json\" class=\"yoast-schema-graph\">{\"@context\":\"https:\\\/\\\/schema.org\",\"@graph\":[{\"@type\":\"WebPage\",\"@id\":\"https:\\\/\\\/ekmak.com\\\/ru\\\/product\\\/e-dfe-200-rotary-rack-oven-electrical\\\/\",\"url\":\"https:\\\/\\\/ekmak.com\\\/ru\\\/product\\\/e-dfe-200-rotary-rack-oven-electrical\\\/\",\"name\":\"E-DFE 200 Rotary Rack Oven (Electrical)\",\"isPartOf\":{\"@id\":\"https:\\\/\\\/ekmak.com\\\/#website\"},\"primaryImageOfPage\":{\"@id\":\"https:\\\/\\\/ekmak.com\\\/ru\\\/product\\\/e-dfe-200-rotary-rack-oven-electrical\\\/#primaryimage\"},\"image\":{\"@id\":\"https:\\\/\\\/ekmak.com\\\/ru\\\/product\\\/e-dfe-200-rotary-rack-oven-electrical\\\/#primaryimage\"},\"thumbnailUrl\":\"https:\\\/\\\/ekmak.com\\\/wp-content\\\/uploads\\\/2020\\\/03\\\/e-dfe-200-mini-doner-firin-elektrikli-600x600-1.jpg\",\"datePublished\":\"2020-03-15T12:08:27+00:00\",\"dateModified\":\"2020-09-16T14:01:04+00:00\",\"breadcrumb\":{\"@id\":\"https:\\\/\\\/ekmak.com\\\/ru\\\/product\\\/e-dfe-200-rotary-rack-oven-electrical\\\/#breadcrumb\"},\"inLanguage\":\"fr-FR\",\"potentialAction\":[{\"@type\":\"ReadAction\",\"target\":[\"https:\\\/\\\/ekmak.com\\\/ru\\\/product\\\/e-dfe-200-rotary-rack-oven-electrical\\\/\"]}]},{\"@type\":\"ImageObject\",\"inLanguage\":\"fr-FR\",\"@id\":\"https:\\\/\\\/ekmak.com\\\/ru\\\/product\\\/e-dfe-200-rotary-rack-oven-electrical\\\/#primaryimage\",\"url\":\"https:\\\/\\\/ekmak.com\\\/wp-content\\\/uploads\\\/2020\\\/03\\\/e-dfe-200-mini-doner-firin-elektrikli-600x600-1.jpg\",\"contentUrl\":\"https:\\\/\\\/ekmak.com\\\/wp-content\\\/uploads\\\/2020\\\/03\\\/e-dfe-200-mini-doner-firin-elektrikli-600x600-1.jpg\",\"width\":600,\"height\":600},{\"@type\":\"BreadcrumbList\",\"@id\":\"https:\\\/\\\/ekmak.com\\\/ru\\\/product\\\/e-dfe-200-rotary-rack-oven-electrical\\\/#breadcrumb\",\"itemListElement\":[{\"@type\":\"ListItem\",\"position\":1,\"name\":\"Home\",\"item\":\"https:\\\/\\\/ekmak.com\\\/\"},{\"@type\":\"ListItem\",\"position\":2,\"name\":\"Products\",\"item\":\"https:\\\/\\\/ekmak.com\\\/fr\\\/products\\\/\"},{\"@type\":\"ListItem\",\"position\":3,\"name\":\"E-DFE 200 Rotary Rack Oven (Electrical)\"}]},{\"@type\":\"WebSite\",\"@id\":\"https:\\\/\\\/ekmak.com\\\/#website\",\"url\":\"https:\\\/\\\/ekmak.com\\\/\",\"name\":\"Ekmak\",\"description\":\"Bakery Ovens and Bread Machines\",\"publisher\":{\"@id\":\"https:\\\/\\\/ekmak.com\\\/#organization\"},\"potentialAction\":[{\"@type\":\"SearchAction\",\"target\":{\"@type\":\"EntryPoint\",\"urlTemplate\":\"https:\\\/\\\/ekmak.com\\\/?s={search_term_string}\"},\"query-input\":{\"@type\":\"PropertyValueSpecification\",\"valueRequired\":true,\"valueName\":\"search_term_string\"}}],\"inLanguage\":\"fr-FR\"},{\"@type\":\"Organization\",\"@id\":\"https:\\\/\\\/ekmak.com\\\/#organization\",\"name\":\"Ekmak\",\"url\":\"https:\\\/\\\/ekmak.com\\\/\",\"logo\":{\"@type\":\"ImageObject\",\"inLanguage\":\"fr-FR\",\"@id\":\"https:\\\/\\\/ekmak.com\\\/#\\\/schema\\\/logo\\\/image\\\/\",\"url\":\"https:\\\/\\\/ekmak.com\\\/wp-content\\\/uploads\\\/2021\\\/05\\\/logoekmaksa.png\",\"contentUrl\":\"https:\\\/\\\/ekmak.com\\\/wp-content\\\/uploads\\\/2021\\\/05\\\/logoekmaksa.png\",\"width\":301,\"height\":95,\"caption\":\"Ekmak\"},\"image\":{\"@id\":\"https:\\\/\\\/ekmak.com\\\/#\\\/schema\\\/logo\\\/image\\\/\"}}]}<\/script>\n<!-- \/ Yoast SEO plugin. -->","yoast_head_json":{"title":"E-DFE 200 Rotary Rack Oven (Electrical)","robots":{"index":"index","follow":"follow","max-snippet":"max-snippet:-1","max-image-preview":"max-image-preview:large","max-video-preview":"max-video-preview:-1"},"canonical":"https:\/\/ekmak.com\/fr\/product\/e-dfe-200-rotary-rack-oven-electrical\/","og_locale":"fr_FR","og_type":"article","og_title":"[:en]E-DFE 200 Rotary Rack Oven (Electrical)[:fr]E-DFE 200 Rotary Rack Oven (Electrical)[:ru]E-DFE 200 Rotary Rack Oven (Electrical)[:] - Ekmak","og_description":"E-DFE 200 Four \u00e0 Chariot Rotatif (\u00c9lectrique)   Les mod\u00e8les de fours \u00e0 chariot rotatif produits par EKMAK garantissent la facilit\u00e9 d'utilisation et d'entretien pour les boulangers avec des fours rotatifs \u00e0 haute efficacit\u00e9, flexibles et durables qui offrent une large gamme de solutions de cuisson pour le pain et les produits de boulangerie gr\u00e2ce \u00e0 son exp\u00e9rience dans les machines et son expertise dans la boulangerie.\u00a0\u00a0 Les fours EKMAK, qui garantissent de d\u00e9licieux produits de boulangerie, rendent la partie de cuisson parfaite, l'\u00e9tape la plus importante de la boulangerie, et permettent de cuire de nombreux types de pain et de produits de boulangerie avec la facilit\u00e9 du syst\u00e8me de four rotatif et la possibilit\u00e9 de production flexible qu'ils offrent. Les fours rotatifs offrent une production de haute qualit\u00e9 avec des performances \u00e9lev\u00e9es et de faibles co\u00fbts d'exploitation.\u00a0 Avec leurs structures robustes et fiables, les fours Ekmak sont toujours adapt\u00e9s \u00e0 une utilisation dans des domaines avec une production de capacit\u00e9 \u00e9lev\u00e9e tels que les p\u00e2tisseries, les caf\u00e9s, la fabrication centrale, les entreprises de production alimentaire et les d\u00e9partements de produits de boulangerie des march\u00e9s. Ils sont adapt\u00e9s pour la production dans une large gamme de produits de pain de poids \u00e9lev\u00e9 qui n\u00e9cessitent une vapeur forte, \u00e0 divers types de pain; des produits de boulangerie tels que de bagel\/simit, de po\u011fa\u00e7a, d'a\u00e7ma, de kurabiye et de kek, aux desserts, p\u00e2tisseries et p\u00e2tes, aux diff\u00e9rents poids, formes et vari\u00e9t\u00e9s de hamburgers, sandwichs, doner et petits pains.","og_url":"https:\/\/ekmak.com\/fr\/product\/e-dfe-200-rotary-rack-oven-electrical\/","og_site_name":"Ekmak","article_modified_time":"2020-09-16T14:01:04+00:00","og_image":[{"width":600,"height":600,"url":"https:\/\/ekmak.com\/wp-content\/uploads\/2020\/03\/e-dfe-200-mini-doner-firin-elektrikli-600x600-1.jpg","type":"image\/jpeg"}],"twitter_card":"summary_large_image","twitter_misc":{"Dur\u00e9e de lecture estim\u00e9e":"2 minutes"},"schema":{"@context":"https:\/\/schema.org","@graph":[{"@type":"WebPage","@id":"https:\/\/ekmak.com\/ru\/product\/e-dfe-200-rotary-rack-oven-electrical\/","url":"https:\/\/ekmak.com\/ru\/product\/e-dfe-200-rotary-rack-oven-electrical\/","name":"E-DFE 200 Rotary Rack Oven (Electrical)","isPartOf":{"@id":"https:\/\/ekmak.com\/#website"},"primaryImageOfPage":{"@id":"https:\/\/ekmak.com\/ru\/product\/e-dfe-200-rotary-rack-oven-electrical\/#primaryimage"},"image":{"@id":"https:\/\/ekmak.com\/ru\/product\/e-dfe-200-rotary-rack-oven-electrical\/#primaryimage"},"thumbnailUrl":"https:\/\/ekmak.com\/wp-content\/uploads\/2020\/03\/e-dfe-200-mini-doner-firin-elektrikli-600x600-1.jpg","datePublished":"2020-03-15T12:08:27+00:00","dateModified":"2020-09-16T14:01:04+00:00","breadcrumb":{"@id":"https:\/\/ekmak.com\/ru\/product\/e-dfe-200-rotary-rack-oven-electrical\/#breadcrumb"},"inLanguage":"fr-FR","potentialAction":[{"@type":"ReadAction","target":["https:\/\/ekmak.com\/ru\/product\/e-dfe-200-rotary-rack-oven-electrical\/"]}]},{"@type":"ImageObject","inLanguage":"fr-FR","@id":"https:\/\/ekmak.com\/ru\/product\/e-dfe-200-rotary-rack-oven-electrical\/#primaryimage","url":"https:\/\/ekmak.com\/wp-content\/uploads\/2020\/03\/e-dfe-200-mini-doner-firin-elektrikli-600x600-1.jpg","contentUrl":"https:\/\/ekmak.com\/wp-content\/uploads\/2020\/03\/e-dfe-200-mini-doner-firin-elektrikli-600x600-1.jpg","width":600,"height":600},{"@type":"BreadcrumbList","@id":"https:\/\/ekmak.com\/ru\/product\/e-dfe-200-rotary-rack-oven-electrical\/#breadcrumb","itemListElement":[{"@type":"ListItem","position":1,"name":"Home","item":"https:\/\/ekmak.com\/"},{"@type":"ListItem","position":2,"name":"Products","item":"https:\/\/ekmak.com\/fr\/products\/"},{"@type":"ListItem","position":3,"name":"E-DFE 200 Rotary Rack Oven (Electrical)"}]},{"@type":"WebSite","@id":"https:\/\/ekmak.com\/#website","url":"https:\/\/ekmak.com\/","name":"Ekmak","description":"Bakery Ovens and Bread Machines","publisher":{"@id":"https:\/\/ekmak.com\/#organization"},"potentialAction":[{"@type":"SearchAction","target":{"@type":"EntryPoint","urlTemplate":"https:\/\/ekmak.com\/?s={search_term_string}"},"query-input":{"@type":"PropertyValueSpecification","valueRequired":true,"valueName":"search_term_string"}}],"inLanguage":"fr-FR"},{"@type":"Organization","@id":"https:\/\/ekmak.com\/#organization","name":"Ekmak","url":"https:\/\/ekmak.com\/","logo":{"@type":"ImageObject","inLanguage":"fr-FR","@id":"https:\/\/ekmak.com\/#\/schema\/logo\/image\/","url":"https:\/\/ekmak.com\/wp-content\/uploads\/2021\/05\/logoekmaksa.png","contentUrl":"https:\/\/ekmak.com\/wp-content\/uploads\/2021\/05\/logoekmaksa.png","width":301,"height":95,"caption":"Ekmak"},"image":{"@id":"https:\/\/ekmak.com\/#\/schema\/logo\/image\/"}}]}},"_links":{"self":[{"href":"https:\/\/ekmak.com\/fr\/wp-json\/wp\/v2\/product\/858","targetHints":{"allow":["GET"]}}],"collection":[{"href":"https:\/\/ekmak.com\/fr\/wp-json\/wp\/v2\/product"}],"about":[{"href":"https:\/\/ekmak.com\/fr\/wp-json\/wp\/v2\/types\/product"}],"wp:featuredmedia":[{"embeddable":true,"href":"https:\/\/ekmak.com\/fr\/wp-json\/wp\/v2\/media\/1719"}],"wp:attachment":[{"href":"https:\/\/ekmak.com\/fr\/wp-json\/wp\/v2\/media?parent=858"}],"wp:term":[{"taxonomy":"product_brand","embeddable":true,"href":"https:\/\/ekmak.com\/fr\/wp-json\/wp\/v2\/product_brand?post=858"},{"taxonomy":"product_cat","embeddable":true,"href":"https:\/\/ekmak.com\/fr\/wp-json\/wp\/v2\/product_cat?post=858"},{"taxonomy":"product_tag","embeddable":true,"href":"https:\/\/ekmak.com\/fr\/wp-json\/wp\/v2\/product_tag?post=858"}],"curies":[{"name":"wp","href":"https:\/\/api.w.org\/{rel}","templated":true}]}}