{"id":2319,"date":"2020-09-16T17:15:54","date_gmt":"2020-09-16T14:15:54","guid":{"rendered":"https:\/\/ekmak.com\/?post_type=product&#038;p=2319"},"modified":"2020-11-04T23:15:03","modified_gmt":"2020-11-04T20:15:03","slug":"e-dfm-150-rotary-rack-oven-diesel","status":"publish","type":"product","link":"https:\/\/ekmak.com\/fr\/product\/e-dfm-150-rotary-rack-oven-diesel\/","title":{"rendered":"E-DFM 150 Rotary Rack Oven (Diesel)"},"content":{"rendered":"<div class=\"wpb-content-wrapper\"><p>[vc_row][vc_column][vc_tta_tabs color=\u00a0\u00bbwhite\u00a0\u00bb active_section=\u00a0\u00bb\u00a0\u00bb][vc_tta_section title=\u00a0\u00bbTechnical Requirements\u00a0\u00bb tab_id=\u00a0\u00bb1598526823219-549d69fa-870c\u00a0\u00bb][mk_table]<\/p>\n<table style=\"height: 1344px;\" width=\"556\">\n<tbody>\n<tr>\n<td colspan=\"3\" width=\"330\"><strong>Rotary Rack Oven(Diesel)<\/strong><\/td>\n<\/tr>\n<tr>\n<td><\/td>\n<td><strong>Unit<\/strong><\/td>\n<td><strong>E-DFM 150<\/strong><\/td>\n<\/tr>\n<tr>\n<td rowspan=\"2\">Baking Capacity<\/td>\n<td>kg\/hr<\/td>\n<td>150<\/td>\n<\/tr>\n<tr>\n<td>Pcs(bread)<\/td>\n<td>450<\/td>\n<\/tr>\n<tr>\n<td>Trolley Capacity<\/td>\n<td>Pieces<\/td>\n<td>1<\/td>\n<\/tr>\n<tr>\n<td>Trolley Dimensions<\/td>\n<td>cm<\/td>\n<td>64x80x183<\/td>\n<\/tr>\n<tr>\n<td rowspan=\"2\">Tray Dimensions<\/td>\n<td rowspan=\"2\">cm<\/td>\n<td>59&#215;80<\/td>\n<\/tr>\n<tr>\n<td>2*40&#215;60<\/td>\n<\/tr>\n<tr>\n<td>Tray Capacity<\/td>\n<td>Pieces<\/td>\n<td>15-18<\/td>\n<\/tr>\n<tr>\n<td>Distance Btw Trays<\/td>\n<td>cm<\/td>\n<td>8-12<\/td>\n<\/tr>\n<tr>\n<td>Baking Area<\/td>\n<td>m\u00b2<\/td>\n<td>8,50<\/td>\n<\/tr>\n<tr>\n<td>Weight<\/td>\n<td>Kg<\/td>\n<td>1900<\/td>\n<\/tr>\n<tr>\n<td>Dimensions(Width)<\/td>\n<td>cm<\/td>\n<td>160<\/td>\n<\/tr>\n<tr>\n<td>Machine Depth<\/td>\n<td>cm<\/td>\n<td>230<\/td>\n<\/tr>\n<tr>\n<td>Machine Height<\/td>\n<td>cm<\/td>\n<td>260<\/td>\n<\/tr>\n<tr>\n<td>Energy Type<\/td>\n<td><\/td>\n<td>Gas,Lpg,Lng,Diesel<\/td>\n<\/tr>\n<tr>\n<td>Electrical Connection<\/td>\n<td><\/td>\n<td width=\"110\">380V \/50-60Hz \/ 3P+N<\/td>\n<\/tr>\n<tr>\n<td>Power<\/td>\n<td>kw<\/td>\n<td>3<\/td>\n<\/tr>\n<tr>\n<td>Consumption<\/td>\n<td>lt\/hr<\/td>\n<td>8<\/td>\n<\/tr>\n<tr>\n<td>Baking Time<\/td>\n<td>min<\/td>\n<td>15-20<\/td>\n<\/tr>\n<tr>\n<td width=\"110\">Max Working Temprature<\/td>\n<td>\u00b0C<\/td>\n<td>320<\/td>\n<\/tr>\n<tr>\n<td>Heating System<\/td>\n<td>Convectional<\/td>\n<td width=\"110\">Air Circulation<\/td>\n<\/tr>\n<tr>\n<td>Heating Capacity<\/td>\n<td>Kcal\/hr<\/td>\n<td>80.000<\/td>\n<\/tr>\n<tr>\n<td>Control System<\/td>\n<td>Analog Type<\/td>\n<td>Digital<\/td>\n<\/tr>\n<tr>\n<td>Insulation<\/td>\n<td><\/td>\n<td>Rock Wool<\/td>\n<\/tr>\n<tr>\n<td>Door Opening<\/td>\n<td>From Front<\/td>\n<td>Left<\/td>\n<\/tr>\n<tr>\n<td>Door Opening Width<\/td>\n<td>cm<\/td>\n<td>82<\/td>\n<\/tr>\n<tr>\n<td>Rotation System<\/td>\n<td>Type<\/td>\n<td>Rotating Platform<\/td>\n<\/tr>\n<tr>\n<td>Exhaust Pipe Conneciton<\/td>\n<td>cm<\/td>\n<td>\u00d8125<\/td>\n<\/tr>\n<tr>\n<td>Steam Pipe Connection<\/td>\n<td>cm<\/td>\n<td>\u00d8180<\/td>\n<\/tr>\n<tr>\n<td>Steam Support<\/td>\n<td>Internal<\/td>\n<td>Casette Type<\/td>\n<\/tr>\n<tr>\n<td>Aspiration System<\/td>\n<td><\/td>\n<td>Internal<\/td>\n<\/tr>\n<tr>\n<td>Water Pressure<\/td>\n<td>bar<\/td>\n<td>3.4<\/td>\n<\/tr>\n<tr>\n<td>Water Inlet<\/td>\n<td>inch<\/td>\n<td>\u00bd\u00a0\u00bb<\/td>\n<\/tr>\n<tr>\n<td>Water Outlet<\/td>\n<td>Collector<\/td>\n<td>3\/4&Prime;<\/td>\n<\/tr>\n<tr>\n<td>Gas Pressure<\/td>\n<td>mbar<\/td>\n<td>21<\/td>\n<\/tr>\n<tr>\n<td>Min Ceiling Height<\/td>\n<td>m<\/td>\n<td>3<\/td>\n<\/tr>\n<tr>\n<td>Ideal Area Requirement<\/td>\n<td>m\u00b2<\/td>\n<td>14 (3.1 x 4.5mt)<\/td>\n<\/tr>\n<tr>\n<td>Distance when door open<\/td>\n<td>m<\/td>\n<td>3<\/td>\n<\/tr>\n<\/tbody>\n<\/table>\n<p>[\/mk_table][vc_column_text]<\/p>\n<p>[\/vc_column_text][\/vc_tta_section][\/vc_tta_tabs][\/vc_column][\/vc_row]<\/p>\n<\/div>","protected":false},"excerpt":{"rendered":"<p><strong>E-DFM 150 Rotary Rack Oven (Diesel)<\/strong><\/p>\n<p>Les mod\u00e8les de fours \u00e0 chariot rotatif produits par EKMAK garantissent la facilit\u00e9 d&rsquo;utilisation et d&rsquo;entretien pour les boulangers avec des fours rotatifs \u00e0 haute efficacit\u00e9, flexibles et durables qui offrent une large gamme de solutions de cuisson pour le pain et les produits de boulangerie gr\u00e2ce \u00e0 son exp\u00e9rience dans les machines et son expertise dans la boulangerie. Les fours EKMAK, qui garantissent de d\u00e9licieux produits de boulangerie, rendent la partie de cuisson parfaite, l&rsquo;\u00e9tape la plus importante de la boulangerie, et permettent de cuire de nombreux types de pain et de produits de boulangerie avec la facilit\u00e9 du syst\u00e8me de four rotatif et la possibilit\u00e9 de production flexible qu&rsquo;ils offrent. Les fours rotatifs offrent une production de haute qualit\u00e9 avec des performances \u00e9lev\u00e9es et de faibles co\u00fbts d&rsquo;exploitation. Avec leurs structures robustes et fiables, les fours Ekmak sont toujours adapt\u00e9s \u00e0 une utilisation dans des domaines avec une production de capacit\u00e9 \u00e9lev\u00e9e tels que les p\u00e2tisseries, les caf\u00e9s, la fabrication centrale, les entreprises de production alimentaire et les d\u00e9partements de produits de boulangerie des march\u00e9s. Ils sont adapt\u00e9s pour la production dans une large gamme de produits de pain de poids \u00e9lev\u00e9 qui n\u00e9cessitent une vapeur forte, \u00e0 divers types de pain; des produits de boulangerie tels que de bagel\/simit, de po\u011fa\u00e7a, d&rsquo;a\u00e7ma, de kurabiye et de kek, aux desserts, p\u00e2tisseries et p\u00e2tes, aux diff\u00e9rents poids, formes et vari\u00e9t\u00e9s de hamburgers, sandwichs, doner et petits pains.<\/p>\n","protected":false},"featured_media":1726,"template":"","meta":[],"product_brand":[],"product_cat":[285,347,286],"product_tag":[296,297],"class_list":{"0":"post-2319","1":"product","2":"type-product","3":"status-publish","4":"has-post-thumbnail","6":"product_cat-bakery-ovens","7":"product_cat-diesel-ovens","8":"product_cat-rotary-rack-ovens","9":"product_tag-e-dfe-150-rotary-rack-oven-electrical","10":"product_tag-ekmak-no","12":"first","13":"instock","14":"shipping-taxable","15":"product-type-simple"},"acf":[],"yoast_head":"<!-- This site is optimized with the Yoast SEO plugin v27.3 - https:\/\/yoast.com\/product\/yoast-seo-wordpress\/ -->\n<title>E-DFM 150 Rotary Rack Oven (Diesel)<\/title>\n<meta name=\"robots\" content=\"index, follow, max-snippet:-1, max-image-preview:large, max-video-preview:-1\" \/>\n<link rel=\"canonical\" href=\"https:\/\/ekmak.com\/fr\/product\/e-dfm-150-rotary-rack-oven-diesel\/\" \/>\n<meta property=\"og:locale\" content=\"fr_FR\" \/>\n<meta property=\"og:locale:alternate\" content=\"en_US\" \/>\n<meta property=\"og:locale:alternate\" content=\"ar\" \/>\n<meta property=\"og:locale:alternate\" content=\"ru_RU\" \/>\n<meta property=\"og:type\" content=\"article\" \/>\n<meta property=\"og:title\" content=\"E-DFM 150 Rotary Rack Oven (Diesel)\" \/>\n<meta property=\"og:description\" content=\"E-DFM 150 Rotary Rack Oven (Diesel)  Les mod\u00e8les de fours \u00e0 chariot rotatif produits par EKMAK garantissent la facilit\u00e9 d&#039;utilisation et d&#039;entretien pour les boulangers avec des fours rotatifs \u00e0 haute efficacit\u00e9, flexibles et durables qui offrent une large gamme de solutions de cuisson pour le pain et les produits de boulangerie gr\u00e2ce \u00e0 son exp\u00e9rience dans les machines et son expertise dans la boulangerie. Les fours EKMAK, qui garantissent de d\u00e9licieux produits de boulangerie, rendent la partie de cuisson parfaite, l&#039;\u00e9tape la plus importante de la boulangerie, et permettent de cuire de nombreux types de pain et de produits de boulangerie avec la facilit\u00e9 du syst\u00e8me de four rotatif et la possibilit\u00e9 de production flexible qu&#039;ils offrent. Les fours rotatifs offrent une production de haute qualit\u00e9 avec des performances \u00e9lev\u00e9es et de faibles co\u00fbts d&#039;exploitation. Avec leurs structures robustes et fiables, les fours Ekmak sont toujours adapt\u00e9s \u00e0 une utilisation dans des domaines avec une production de capacit\u00e9 \u00e9lev\u00e9e tels que les p\u00e2tisseries, les caf\u00e9s, la fabrication centrale, les entreprises de production alimentaire et les d\u00e9partements de produits de boulangerie des march\u00e9s. Ils sont adapt\u00e9s pour la production dans une large gamme de produits de pain de poids \u00e9lev\u00e9 qui n\u00e9cessitent une vapeur forte, \u00e0 divers types de pain; des produits de boulangerie tels que de bagel\/simit, de po\u011fa\u00e7a, d&#039;a\u00e7ma, de kurabiye et de kek, aux desserts, p\u00e2tisseries et p\u00e2tes, aux diff\u00e9rents poids, formes et vari\u00e9t\u00e9s de hamburgers, sandwichs, doner et petits pains.\" \/>\n<meta property=\"og:url\" content=\"https:\/\/ekmak.com\/fr\/product\/e-dfm-150-rotary-rack-oven-diesel\/\" \/>\n<meta property=\"og:site_name\" content=\"Ekmak\" \/>\n<meta property=\"article:modified_time\" content=\"2020-11-04T20:15:03+00:00\" \/>\n<meta property=\"og:image\" content=\"https:\/\/ekmak.com\/wp-content\/uploads\/2020\/03\/e-dfe-150-mini-doner-firin-elektrikli.jpg\" \/>\n\t<meta property=\"og:image:width\" content=\"1500\" \/>\n\t<meta property=\"og:image:height\" content=\"1500\" \/>\n\t<meta property=\"og:image:type\" content=\"image\/jpeg\" \/>\n<meta name=\"twitter:card\" content=\"summary_large_image\" \/>\n<meta name=\"twitter:label1\" content=\"Dur\u00e9e de lecture estim\u00e9e\" \/>\n\t<meta name=\"twitter:data1\" content=\"3 minutes\" \/>\n<script type=\"application\/ld+json\" class=\"yoast-schema-graph\">{\"@context\":\"https:\\\/\\\/schema.org\",\"@graph\":[{\"@type\":\"WebPage\",\"@id\":\"https:\\\/\\\/ekmak.com\\\/ar\\\/product\\\/e-dfm-150-rotary-rack-oven-diesel\\\/\",\"url\":\"https:\\\/\\\/ekmak.com\\\/ar\\\/product\\\/e-dfm-150-rotary-rack-oven-diesel\\\/\",\"name\":\"E-DFM 150 Rotary Rack Oven (Diesel)\",\"isPartOf\":{\"@id\":\"https:\\\/\\\/ekmak.com\\\/#website\"},\"primaryImageOfPage\":{\"@id\":\"https:\\\/\\\/ekmak.com\\\/ar\\\/product\\\/e-dfm-150-rotary-rack-oven-diesel\\\/#primaryimage\"},\"image\":{\"@id\":\"https:\\\/\\\/ekmak.com\\\/ar\\\/product\\\/e-dfm-150-rotary-rack-oven-diesel\\\/#primaryimage\"},\"thumbnailUrl\":\"https:\\\/\\\/ekmak.com\\\/wp-content\\\/uploads\\\/2020\\\/03\\\/e-dfe-150-mini-doner-firin-elektrikli.jpg\",\"datePublished\":\"2020-09-16T14:15:54+00:00\",\"dateModified\":\"2020-11-04T20:15:03+00:00\",\"breadcrumb\":{\"@id\":\"https:\\\/\\\/ekmak.com\\\/ar\\\/product\\\/e-dfm-150-rotary-rack-oven-diesel\\\/#breadcrumb\"},\"inLanguage\":\"fr-FR\",\"potentialAction\":[{\"@type\":\"ReadAction\",\"target\":[\"https:\\\/\\\/ekmak.com\\\/ar\\\/product\\\/e-dfm-150-rotary-rack-oven-diesel\\\/\"]}]},{\"@type\":\"ImageObject\",\"inLanguage\":\"fr-FR\",\"@id\":\"https:\\\/\\\/ekmak.com\\\/ar\\\/product\\\/e-dfm-150-rotary-rack-oven-diesel\\\/#primaryimage\",\"url\":\"https:\\\/\\\/ekmak.com\\\/wp-content\\\/uploads\\\/2020\\\/03\\\/e-dfe-150-mini-doner-firin-elektrikli.jpg\",\"contentUrl\":\"https:\\\/\\\/ekmak.com\\\/wp-content\\\/uploads\\\/2020\\\/03\\\/e-dfe-150-mini-doner-firin-elektrikli.jpg\",\"width\":1500,\"height\":1500},{\"@type\":\"BreadcrumbList\",\"@id\":\"https:\\\/\\\/ekmak.com\\\/ar\\\/product\\\/e-dfm-150-rotary-rack-oven-diesel\\\/#breadcrumb\",\"itemListElement\":[{\"@type\":\"ListItem\",\"position\":1,\"name\":\"Home\",\"item\":\"https:\\\/\\\/ekmak.com\\\/\"},{\"@type\":\"ListItem\",\"position\":2,\"name\":\"Products\",\"item\":\"https:\\\/\\\/ekmak.com\\\/fr\\\/products\\\/\"},{\"@type\":\"ListItem\",\"position\":3,\"name\":\"E-DFM 150 Rotary Rack Oven (Diesel)\"}]},{\"@type\":\"WebSite\",\"@id\":\"https:\\\/\\\/ekmak.com\\\/#website\",\"url\":\"https:\\\/\\\/ekmak.com\\\/\",\"name\":\"Ekmak\",\"description\":\"Bakery Ovens and Bread Machines\",\"publisher\":{\"@id\":\"https:\\\/\\\/ekmak.com\\\/#organization\"},\"potentialAction\":[{\"@type\":\"SearchAction\",\"target\":{\"@type\":\"EntryPoint\",\"urlTemplate\":\"https:\\\/\\\/ekmak.com\\\/?s={search_term_string}\"},\"query-input\":{\"@type\":\"PropertyValueSpecification\",\"valueRequired\":true,\"valueName\":\"search_term_string\"}}],\"inLanguage\":\"fr-FR\"},{\"@type\":\"Organization\",\"@id\":\"https:\\\/\\\/ekmak.com\\\/#organization\",\"name\":\"Ekmak\",\"url\":\"https:\\\/\\\/ekmak.com\\\/\",\"logo\":{\"@type\":\"ImageObject\",\"inLanguage\":\"fr-FR\",\"@id\":\"https:\\\/\\\/ekmak.com\\\/#\\\/schema\\\/logo\\\/image\\\/\",\"url\":\"https:\\\/\\\/ekmak.com\\\/wp-content\\\/uploads\\\/2021\\\/05\\\/logoekmaksa.png\",\"contentUrl\":\"https:\\\/\\\/ekmak.com\\\/wp-content\\\/uploads\\\/2021\\\/05\\\/logoekmaksa.png\",\"width\":301,\"height\":95,\"caption\":\"Ekmak\"},\"image\":{\"@id\":\"https:\\\/\\\/ekmak.com\\\/#\\\/schema\\\/logo\\\/image\\\/\"}}]}<\/script>\n<!-- \/ Yoast SEO plugin. -->","yoast_head_json":{"title":"E-DFM 150 Rotary Rack Oven (Diesel)","robots":{"index":"index","follow":"follow","max-snippet":"max-snippet:-1","max-image-preview":"max-image-preview:large","max-video-preview":"max-video-preview:-1"},"canonical":"https:\/\/ekmak.com\/fr\/product\/e-dfm-150-rotary-rack-oven-diesel\/","og_locale":"fr_FR","og_type":"article","og_title":"[:en]E-DFM 150 Rotary Rack Oven (Diesel)[:fr]E-DFM 150 Rotary Rack Oven (Diesel)[:ar]E-DFM 150 Rotary Rack Oven (Diesel)[:ru]E-DFM 150 Rotary Rack Oven (Diesel)[:] - Ekmak","og_description":"E-DFM 150 Rotary Rack Oven (Diesel)  Les mod\u00e8les de fours \u00e0 chariot rotatif produits par EKMAK garantissent la facilit\u00e9 d'utilisation et d'entretien pour les boulangers avec des fours rotatifs \u00e0 haute efficacit\u00e9, flexibles et durables qui offrent une large gamme de solutions de cuisson pour le pain et les produits de boulangerie gr\u00e2ce \u00e0 son exp\u00e9rience dans les machines et son expertise dans la boulangerie. Les fours EKMAK, qui garantissent de d\u00e9licieux produits de boulangerie, rendent la partie de cuisson parfaite, l'\u00e9tape la plus importante de la boulangerie, et permettent de cuire de nombreux types de pain et de produits de boulangerie avec la facilit\u00e9 du syst\u00e8me de four rotatif et la possibilit\u00e9 de production flexible qu'ils offrent. Les fours rotatifs offrent une production de haute qualit\u00e9 avec des performances \u00e9lev\u00e9es et de faibles co\u00fbts d'exploitation. Avec leurs structures robustes et fiables, les fours Ekmak sont toujours adapt\u00e9s \u00e0 une utilisation dans des domaines avec une production de capacit\u00e9 \u00e9lev\u00e9e tels que les p\u00e2tisseries, les caf\u00e9s, la fabrication centrale, les entreprises de production alimentaire et les d\u00e9partements de produits de boulangerie des march\u00e9s. Ils sont adapt\u00e9s pour la production dans une large gamme de produits de pain de poids \u00e9lev\u00e9 qui n\u00e9cessitent une vapeur forte, \u00e0 divers types de pain; des produits de boulangerie tels que de bagel\/simit, de po\u011fa\u00e7a, d'a\u00e7ma, de kurabiye et de kek, aux desserts, p\u00e2tisseries et p\u00e2tes, aux diff\u00e9rents poids, formes et vari\u00e9t\u00e9s de hamburgers, sandwichs, doner et petits pains.","og_url":"https:\/\/ekmak.com\/fr\/product\/e-dfm-150-rotary-rack-oven-diesel\/","og_site_name":"Ekmak","article_modified_time":"2020-11-04T20:15:03+00:00","og_image":[{"width":1500,"height":1500,"url":"https:\/\/ekmak.com\/wp-content\/uploads\/2020\/03\/e-dfe-150-mini-doner-firin-elektrikli.jpg","type":"image\/jpeg"}],"twitter_card":"summary_large_image","twitter_misc":{"Dur\u00e9e de lecture estim\u00e9e":"3 minutes"},"schema":{"@context":"https:\/\/schema.org","@graph":[{"@type":"WebPage","@id":"https:\/\/ekmak.com\/ar\/product\/e-dfm-150-rotary-rack-oven-diesel\/","url":"https:\/\/ekmak.com\/ar\/product\/e-dfm-150-rotary-rack-oven-diesel\/","name":"E-DFM 150 Rotary Rack Oven (Diesel)","isPartOf":{"@id":"https:\/\/ekmak.com\/#website"},"primaryImageOfPage":{"@id":"https:\/\/ekmak.com\/ar\/product\/e-dfm-150-rotary-rack-oven-diesel\/#primaryimage"},"image":{"@id":"https:\/\/ekmak.com\/ar\/product\/e-dfm-150-rotary-rack-oven-diesel\/#primaryimage"},"thumbnailUrl":"https:\/\/ekmak.com\/wp-content\/uploads\/2020\/03\/e-dfe-150-mini-doner-firin-elektrikli.jpg","datePublished":"2020-09-16T14:15:54+00:00","dateModified":"2020-11-04T20:15:03+00:00","breadcrumb":{"@id":"https:\/\/ekmak.com\/ar\/product\/e-dfm-150-rotary-rack-oven-diesel\/#breadcrumb"},"inLanguage":"fr-FR","potentialAction":[{"@type":"ReadAction","target":["https:\/\/ekmak.com\/ar\/product\/e-dfm-150-rotary-rack-oven-diesel\/"]}]},{"@type":"ImageObject","inLanguage":"fr-FR","@id":"https:\/\/ekmak.com\/ar\/product\/e-dfm-150-rotary-rack-oven-diesel\/#primaryimage","url":"https:\/\/ekmak.com\/wp-content\/uploads\/2020\/03\/e-dfe-150-mini-doner-firin-elektrikli.jpg","contentUrl":"https:\/\/ekmak.com\/wp-content\/uploads\/2020\/03\/e-dfe-150-mini-doner-firin-elektrikli.jpg","width":1500,"height":1500},{"@type":"BreadcrumbList","@id":"https:\/\/ekmak.com\/ar\/product\/e-dfm-150-rotary-rack-oven-diesel\/#breadcrumb","itemListElement":[{"@type":"ListItem","position":1,"name":"Home","item":"https:\/\/ekmak.com\/"},{"@type":"ListItem","position":2,"name":"Products","item":"https:\/\/ekmak.com\/fr\/products\/"},{"@type":"ListItem","position":3,"name":"E-DFM 150 Rotary Rack Oven (Diesel)"}]},{"@type":"WebSite","@id":"https:\/\/ekmak.com\/#website","url":"https:\/\/ekmak.com\/","name":"Ekmak","description":"Bakery Ovens and Bread Machines","publisher":{"@id":"https:\/\/ekmak.com\/#organization"},"potentialAction":[{"@type":"SearchAction","target":{"@type":"EntryPoint","urlTemplate":"https:\/\/ekmak.com\/?s={search_term_string}"},"query-input":{"@type":"PropertyValueSpecification","valueRequired":true,"valueName":"search_term_string"}}],"inLanguage":"fr-FR"},{"@type":"Organization","@id":"https:\/\/ekmak.com\/#organization","name":"Ekmak","url":"https:\/\/ekmak.com\/","logo":{"@type":"ImageObject","inLanguage":"fr-FR","@id":"https:\/\/ekmak.com\/#\/schema\/logo\/image\/","url":"https:\/\/ekmak.com\/wp-content\/uploads\/2021\/05\/logoekmaksa.png","contentUrl":"https:\/\/ekmak.com\/wp-content\/uploads\/2021\/05\/logoekmaksa.png","width":301,"height":95,"caption":"Ekmak"},"image":{"@id":"https:\/\/ekmak.com\/#\/schema\/logo\/image\/"}}]}},"_links":{"self":[{"href":"https:\/\/ekmak.com\/fr\/wp-json\/wp\/v2\/product\/2319","targetHints":{"allow":["GET"]}}],"collection":[{"href":"https:\/\/ekmak.com\/fr\/wp-json\/wp\/v2\/product"}],"about":[{"href":"https:\/\/ekmak.com\/fr\/wp-json\/wp\/v2\/types\/product"}],"wp:featuredmedia":[{"embeddable":true,"href":"https:\/\/ekmak.com\/fr\/wp-json\/wp\/v2\/media\/1726"}],"wp:attachment":[{"href":"https:\/\/ekmak.com\/fr\/wp-json\/wp\/v2\/media?parent=2319"}],"wp:term":[{"taxonomy":"product_brand","embeddable":true,"href":"https:\/\/ekmak.com\/fr\/wp-json\/wp\/v2\/product_brand?post=2319"},{"taxonomy":"product_cat","embeddable":true,"href":"https:\/\/ekmak.com\/fr\/wp-json\/wp\/v2\/product_cat?post=2319"},{"taxonomy":"product_tag","embeddable":true,"href":"https:\/\/ekmak.com\/fr\/wp-json\/wp\/v2\/product_tag?post=2319"}],"curies":[{"name":"wp","href":"https:\/\/api.w.org\/{rel}","templated":true}]}}